{"id":4,"date":"2015-10-08T08:56:10","date_gmt":"2015-10-08T08:56:10","guid":{"rendered":"http:\/\/sonnenlust.eu\/?page_id=4"},"modified":"2026-03-05T09:44:26","modified_gmt":"2026-03-05T09:44:26","slug":"home","status":"publish","type":"page","link":"https:\/\/sonnenlust.eu\/it\/","title":{"rendered":"Appartamenti vacanze nei villaggi di pescatori di Alcal\u00e1 e Playa de San Juan sulla soleggiata costa sud-ovest a Tenerife"},"content":{"rendered":"ngg_shortcode_0_placeholder\nngg_shortcode_1_placeholder\n<p>I nostri appartamenti vacanze privati si trovano direttamente sul mare a Alcal\u00e1, sulla costa sud-ovest climaticamente privilegiata dell&#8217;isola. En esta zona costierea c&#8217; \u00e9 sole tutto l&#8217;anno e le temperature sono sopratutto nei mesi invernali le pi\u00fa alti del&#8217;isola e raramente sotto 22 gradi. Alcal\u00e1 \u00e9 un piccolo vilaggio di pescatori senza turismo di massa.<\/p>\n<p>La posizione dei nostri appartamenti per vacanze direttamente sul mare \u00e8 eccezionalmente bella, le terrazze sono esposte a sud. Tutti i nostri appartamenti per vacanze dispongono di internet ad alta velocit\u00e0, sono completamente attrezzati e vengono mantenuti con grande cura. Riscaldiamo l&#8217;acqua con pannelli solari ecologici sul tetto.<\/p>\n<div class=\"apt-list\" style=\"background-color: #e5e5e5; padding: 10px; padding-top: 3px;\">\n<h5>Sonnenlust APPARTAMENTi vacanze\/CASA vacanze:<\/h5>\n<ul>\n<li><a href=\"http:\/\/sonnenlust.eu\/it\/sonnenlust-apartments\/apartment-alegria\/\">Alegria<\/a>: fino a 3 persone, terrazza al mare, 1 camera da letto, da \u20ac 65,-\/giorno<\/li>\n<li><a href=\"http:\/\/sonnenlust.eu\/it\/sonnenlust-apartments\/apartment-estrella\/\">Estrella<\/a>: fino a 4 persone, 2 terrazzas al mare, 1 camera da letto, 2 lettos individuale, da \u20ac 85,-\/giorno<\/li>\n<li><a href=\"http:\/\/sonnenlust.eu\/it\/sonnenlust-apartments\/apartment-vicente\/\">San Vicente<\/a>: fino a 4 persone, patio con lettino da sole, 2 camere da letto, da \u20ac 85,-\/giorno<\/li>\n<li><a href=\"http:\/\/sonnenlust.eu\/it\/sonnenlust-apartments\/casa-maresia\/\">Maresia<\/a>: fino a 6 persone, terrazza con vista al mare e patio, 3 camera da letto, da \u20ac 105,-\/giorno<\/li>\n<li><a href=\"http:\/\/sonnenlust.eu\/it\/sonnenlust-apartments\/harmonia\/\">Harmonia<\/a>: fino a 6 persone, terrazza con vista al mare, 3 camere da letto, da \u20ac 105,-\/giorno<\/li>\n<li><a href=\"https:\/\/sonnenlust.eu\/it\/sonnenlust-apartments\/panorama-casita-am-dach\/\">Panorama<\/a>: fino a 4 persone, terrazza con vista al mare, 2 camere da letto, da \u20ac 105,-\/giorno<\/li>\n<li><a href=\"https:\/\/sonnenlust.eu\/it\/sonnenlust-apartments\/harmonia-casita-am-dach\/\">Casita<\/a>: fino a 2 persone, terrazza con vista al mare, da \u20ac 60,-\/giorno<\/li>\n<\/ul>\n<p>&nbsp;&nbsp;&nbsp;&nbsp;&nbsp;&nbsp;&nbsp; Claudia Bachmayer (<a href=\"https:\/\/sonnenlust.eu\/it\/kontakt-buchung\/\">Contatto<\/a>)<\/p>\n<\/div>\n<p>Vedi <a href=\"http:\/\/sonnenlust.eu\/it\/availability-calendar-rates\/\">PREZZI<\/a> e <a href=\"http:\/\/sonnenlust.eu\/it\/availability-calendar-rates\/\">DISPONIBILIT\u00c1<\/a> si prega nelle rispettive pagine.<\/p>\n<p>La locatrice:<\/p>\n<p><a href=\"http:\/\/sonnenlust.eu\/wp-content\/uploads\/2022\/05\/al-bano-italienisch.png\"><img loading=\"lazy\" class=\"alignnone wp-image-4853 size-full\" src=\"http:\/\/sonnenlust.eu\/wp-content\/uploads\/2022\/05\/al-bano-italienisch.png\" alt=\"\" width=\"1024\" height=\"508\" srcset=\"https:\/\/sonnenlust.eu\/wp-content\/uploads\/2022\/05\/al-bano-italienisch.png 1024w, https:\/\/sonnenlust.eu\/wp-content\/uploads\/2022\/05\/al-bano-italienisch-300x149.png 300w, https:\/\/sonnenlust.eu\/wp-content\/uploads\/2022\/05\/al-bano-italienisch-768x381.png 768w\" sizes=\"(max-width: 1024px) 100vw, 1024px\" \/><\/a><\/p>\n<p>&nbsp;<\/p>\n","protected":false},"excerpt":{"rendered":"<p>I nostri appartamenti vacanze privati si trovano direttamente sul mare a Alcal\u00e1, sulla costa sud-ovest climaticamente privilegiata dell&#8217;isola. En esta zona costierea c&#8217; \u00e9 sole tutto l&#8217;anno e le temperature sono sopratutto nei mesi invernali le pi\u00fa alti del&#8217;isola e raramente sotto 22 gradi. Alcal\u00e1 \u00e9 un piccolo vilaggio di pescatori senza turismo di massa.<span class=\"excerpt-ellipsis\">&#8230;<\/span><\/p>\n<p><a class=\"more-link\" href=\"https:\/\/sonnenlust.eu\/it\/\" itemprop=\"url\">Continue Reading<\/a><\/p>\n","protected":false},"author":4,"featured_media":0,"parent":0,"menu_order":0,"comment_status":"closed","ping_status":"closed","template":"","meta":{"ngg_post_thumbnail":0},"yoast_head":"<!-- This site is optimized with the Yoast SEO plugin v18.6 - https:\/\/yoast.com\/wordpress\/plugins\/seo\/ -->\n<title>Sonnenlust Ferienwohnungen auf Teneriffa -  - apartments directly located on the sea[:]<\/title>\n<meta name=\"description\" content=\"Urlaub in Alcal\u00e1 ab EUR 55 \/ Tag. 15% Rabatt auf jeden Aufenthalt bis Ende Oktober in den privaten Ferienwohnungen. Langzeitmiete m\u00f6glich.\" \/>\n<meta name=\"robots\" content=\"index, follow, max-snippet:-1, max-image-preview:large, max-video-preview:-1\" \/>\n<link rel=\"canonical\" href=\"https:\/\/sonnenlust.eu\/it\/\" \/>\n<meta property=\"og:locale\" content=\"it_IT\" \/>\n<meta property=\"og:locale:alternate\" content=\"de_DE\" \/>\n<meta property=\"og:locale:alternate\" content=\"en_US\" \/>\n<meta property=\"og:locale:alternate\" content=\"es_ES\" \/>\n<meta property=\"og:locale:alternate\" content=\"fr_FR\" \/>\n<meta property=\"og:type\" content=\"article\" \/>\n<meta property=\"og:title\" content=\"Sonnenlust Ferienwohnungen auf Teneriffa - Direkt am Meer\" \/>\n<meta property=\"og:description\" content=\"Urlaub in Alcal\u00e1 ab EUR 55 \/ Tag. 15% Rabatt auf jeden Aufenthalt bis Ende Oktober in den privaten Ferienwohnungen. Langzeitmiete m\u00f6glich.\" \/>\n<meta property=\"og:url\" content=\"https:\/\/sonnenlust.eu\/it\/\" \/>\n<meta property=\"og:site_name\" content=\"Appartamenti vacanze Tenerife \u263c\" \/>\n<meta property=\"article:modified_time\" content=\"2026-03-05T09:44:26+00:00\" \/>\n<meta property=\"og:image\" content=\"http:\/\/sonnenlust.eu\/wp-content\/uploads\/2022\/05\/al-bano-deutsch-1.png\" \/>\n<meta name=\"twitter:card\" content=\"summary_large_image\" \/>\n<meta name=\"twitter:label1\" content=\"Tempo di lettura stimato\" \/>\n\t<meta name=\"twitter:data1\" content=\"2 minuti\" \/>\n<script type=\"application\/ld+json\" class=\"yoast-schema-graph\">{\"@context\":\"https:\/\/schema.org\",\"@graph\":[{\"@type\":\"WebSite\",\"@id\":\"https:\/\/sonnenlust.eu\/de\/#website\",\"url\":\"https:\/\/sonnenlust.eu\/de\/\",\"name\":\"Appartamenti vacanze Tenerife \u263c\",\"description\":\"Direttamente sul mare nelle isole Canarie\",\"potentialAction\":[{\"@type\":\"SearchAction\",\"target\":{\"@type\":\"EntryPoint\",\"urlTemplate\":\"https:\/\/sonnenlust.eu\/de\/?s={search_term_string}\"},\"query-input\":\"required name=search_term_string\"}],\"inLanguage\":\"it-IT\"},{\"@type\":\"ImageObject\",\"@id\":\"https:\/\/sonnenlust.eu\/de\/#primaryimage\",\"inLanguage\":\"it-IT\",\"url\":\"https:\/\/sonnenlust.eu\/wp-content\/uploads\/2022\/05\/al-bano-deutsch-1.png\",\"contentUrl\":\"https:\/\/sonnenlust.eu\/wp-content\/uploads\/2022\/05\/al-bano-deutsch-1.png\",\"width\":1024,\"height\":508},{\"@type\":\"WebPage\",\"@id\":\"https:\/\/sonnenlust.eu\/de\/#webpage\",\"url\":\"https:\/\/sonnenlust.eu\/de\/\",\"name\":\"[:de]Sonnenlust Ferienwohnungen auf Teneriffa - Direkt am Meer[:en]Vacation on Tenerife - apartments directly located on the sea[:]\",\"isPartOf\":{\"@id\":\"https:\/\/sonnenlust.eu\/de\/#website\"},\"primaryImageOfPage\":{\"@id\":\"https:\/\/sonnenlust.eu\/de\/#primaryimage\"},\"datePublished\":\"2015-10-08T08:56:10+00:00\",\"dateModified\":\"2026-03-05T09:44:26+00:00\",\"description\":\"[:de]Urlaub in Alcal\u00e1 ab EUR 55 \/ Tag. 15% Rabatt auf jeden Aufenthalt bis Ende Oktober in den privaten Ferienwohnungen. Langzeitmiete m\u00f6glich.[:en]Vacation in Alcal\u00e1 from EUR 55 \/ day. 15% off until the end of October in private holiday apartments. Long term rental is also possible.[:]\",\"breadcrumb\":{\"@id\":\"https:\/\/sonnenlust.eu\/de\/#breadcrumb\"},\"inLanguage\":\"it-IT\",\"potentialAction\":[{\"@type\":\"ReadAction\",\"target\":[\"https:\/\/sonnenlust.eu\/de\/\"]}]},{\"@type\":\"BreadcrumbList\",\"@id\":\"https:\/\/sonnenlust.eu\/de\/#breadcrumb\",\"itemListElement\":[{\"@type\":\"ListItem\",\"position\":1,\"name\":\"Startseite\",\"item\":\"https:\/\/sonnenlust.eu\/de\/\"},{\"@type\":\"ListItem\",\"position\":2,\"name\":\"Ferienwohnungen in den Fischerd\u00f6rfern Alcal\u00e1 &#038; Playa de San Juan an der sonnigen S\u00fcdwestk\u00fcste\"}]}]}<\/script>\n<!-- \/ Yoast SEO plugin. -->","yoast_head_json":{"title":"Sonnenlust Ferienwohnungen auf Teneriffa -  - apartments directly located on the sea[:]","description":"Urlaub in Alcal\u00e1 ab EUR 55 \/ Tag. 15% Rabatt auf jeden Aufenthalt bis Ende Oktober in den privaten Ferienwohnungen. Langzeitmiete m\u00f6glich.","robots":{"index":"index","follow":"follow","max-snippet":"max-snippet:-1","max-image-preview":"max-image-preview:large","max-video-preview":"max-video-preview:-1"},"canonical":"https:\/\/sonnenlust.eu\/it\/","og_locale":"it_IT","og_type":"article","og_title":"[:de]Sonnenlust Ferienwohnungen auf Teneriffa - Direkt am Meer[:en]Vacation on Tenerife - apartments directly located on the sea[:]","og_description":"[:de]Urlaub in Alcal\u00e1 ab EUR 55 \/ Tag. 15% Rabatt auf jeden Aufenthalt bis Ende Oktober in den privaten Ferienwohnungen. Langzeitmiete m\u00f6glich.[:en]Vacation in Alcal\u00e1 from EUR 55 \/ day. 15% off until the end of October in private holiday apartments. Long term rental is also possible.[:]","og_url":"https:\/\/sonnenlust.eu\/it\/","og_site_name":"Appartamenti vacanze Tenerife \u263c","article_modified_time":"2026-03-05T09:44:26+00:00","og_image":[{"url":"http:\/\/sonnenlust.eu\/wp-content\/uploads\/2022\/05\/al-bano-deutsch-1.png"}],"twitter_card":"summary_large_image","twitter_misc":{"Tempo di lettura stimato":"2 minuti"},"schema":{"@context":"https:\/\/schema.org","@graph":[{"@type":"WebSite","@id":"https:\/\/sonnenlust.eu\/de\/#website","url":"https:\/\/sonnenlust.eu\/de\/","name":"Appartamenti vacanze Tenerife \u263c","description":"Direttamente sul mare nelle isole Canarie","potentialAction":[{"@type":"SearchAction","target":{"@type":"EntryPoint","urlTemplate":"https:\/\/sonnenlust.eu\/de\/?s={search_term_string}"},"query-input":"required name=search_term_string"}],"inLanguage":"it-IT"},{"@type":"ImageObject","@id":"https:\/\/sonnenlust.eu\/de\/#primaryimage","inLanguage":"it-IT","url":"https:\/\/sonnenlust.eu\/wp-content\/uploads\/2022\/05\/al-bano-deutsch-1.png","contentUrl":"https:\/\/sonnenlust.eu\/wp-content\/uploads\/2022\/05\/al-bano-deutsch-1.png","width":1024,"height":508},{"@type":"WebPage","@id":"https:\/\/sonnenlust.eu\/de\/#webpage","url":"https:\/\/sonnenlust.eu\/de\/","name":"[:de]Sonnenlust Ferienwohnungen auf Teneriffa - Direkt am Meer[:en]Vacation on Tenerife - apartments directly located on the sea[:]","isPartOf":{"@id":"https:\/\/sonnenlust.eu\/de\/#website"},"primaryImageOfPage":{"@id":"https:\/\/sonnenlust.eu\/de\/#primaryimage"},"datePublished":"2015-10-08T08:56:10+00:00","dateModified":"2026-03-05T09:44:26+00:00","description":"[:de]Urlaub in Alcal\u00e1 ab EUR 55 \/ Tag. 15% Rabatt auf jeden Aufenthalt bis Ende Oktober in den privaten Ferienwohnungen. Langzeitmiete m\u00f6glich.[:en]Vacation in Alcal\u00e1 from EUR 55 \/ day. 15% off until the end of October in private holiday apartments. Long term rental is also possible.[:]","breadcrumb":{"@id":"https:\/\/sonnenlust.eu\/de\/#breadcrumb"},"inLanguage":"it-IT","potentialAction":[{"@type":"ReadAction","target":["https:\/\/sonnenlust.eu\/de\/"]}]},{"@type":"BreadcrumbList","@id":"https:\/\/sonnenlust.eu\/de\/#breadcrumb","itemListElement":[{"@type":"ListItem","position":1,"name":"Startseite","item":"https:\/\/sonnenlust.eu\/de\/"},{"@type":"ListItem","position":2,"name":"Ferienwohnungen in den Fischerd\u00f6rfern Alcal\u00e1 &#038; Playa de San Juan an der sonnigen S\u00fcdwestk\u00fcste"}]}]}},"_links":{"self":[{"href":"https:\/\/sonnenlust.eu\/it\/wp-json\/wp\/v2\/pages\/4"}],"collection":[{"href":"https:\/\/sonnenlust.eu\/it\/wp-json\/wp\/v2\/pages"}],"about":[{"href":"https:\/\/sonnenlust.eu\/it\/wp-json\/wp\/v2\/types\/page"}],"author":[{"embeddable":true,"href":"https:\/\/sonnenlust.eu\/it\/wp-json\/wp\/v2\/users\/4"}],"replies":[{"embeddable":true,"href":"https:\/\/sonnenlust.eu\/it\/wp-json\/wp\/v2\/comments?post=4"}],"version-history":[{"count":345,"href":"https:\/\/sonnenlust.eu\/it\/wp-json\/wp\/v2\/pages\/4\/revisions"}],"predecessor-version":[{"id":10079,"href":"https:\/\/sonnenlust.eu\/it\/wp-json\/wp\/v2\/pages\/4\/revisions\/10079"}],"wp:attachment":[{"href":"https:\/\/sonnenlust.eu\/it\/wp-json\/wp\/v2\/media?parent=4"}],"curies":[{"name":"wp","href":"https:\/\/api.w.org\/{rel}","templated":true}]}}