{"id":4880,"date":"2022-05-10T14:50:31","date_gmt":"2022-05-10T14:50:31","guid":{"rendered":"https:\/\/sonnenlust.eu\/de\/?page_id=4880"},"modified":"2022-05-10T14:53:08","modified_gmt":"2022-05-10T14:53:08","slug":"impressum","status":"publish","type":"page","link":"https:\/\/sonnenlust.eu\/fr\/impressum\/","title":{"rendered":"DSGVO"},"content":{"rendered":"<h4>Datenschutzerkl\u00e4rung<\/h4>\n<p>Diese Datenschutzerkl\u00e4rung richtet sich an all jene Personen, die diese Website n\u00fctzen.<br \/>\nWir verarbeiten Ihre personenbezogenen Daten ausschlie\u00dflich im Rahmen der Bestimmungen der Datenschutzgrundverordnung (DSGVO) sowie des Datenschutzgesetzes 2018. Nachfolgend teilen wir Ihnen mit, wer wir sind und informieren Sie \u00fcber Art, Umfang und Zweck der Datenerhebung sowie \u00fcber Ihre Rechte gem\u00e4\u00df DSGVO.<\/p>\n<p>1. Verantwortlicher<br \/>\nF\u00fcr die Verarbeitung Ihrer personenbezogenen Daten verantwortlich ist:<\/p>\n<p>Sonnenlust S.L.<br \/>\nB-38502530<br \/>\nC. San Vicente 47 | 38686 Alcal\u00e1 |Spanien<br \/>\nclaudia.bachmayer@sonnenlust.eu<br \/>\n0043 650 254 63 62<\/p>\n<p>2. Datenerfassung sowie Gr\u00fcnde f\u00fcr selbige<br \/>\nSonnenlust erfasst und verarbeitet Ihre Daten gem\u00e4\u00df Ihrerseits freiwillig gemachter Angaben zum Zwecke der Pflege der (Gesch\u00e4fts-)Beziehung. Die Verarbeitung Ihrer Daten erfolgt stets auf Basis Ihrer Einwilligung oder zur Betriebssicherheit der Webseite oder zur Wahrung von berechtigen Interessen von Sonnenlust.<\/p>\n<p>3. Verarbeitung konkreter Daten<br \/>\nGreifen Sie auf die Website von Sonnenlust zu, erfassen die Server unseres Hosters automatisch Informationen allgemeiner Natur, insbesondere zum Zweck der Systemsicherheit. Dazu geh\u00f6ren die Art des verwendeten Browsers, das verwendete Betriebssystem, der Domainname des Internet-Service-Providers, die Verbindungsdaten des verwendeten Computers (IP-Adresse), die Website, von der aus Sie uns besuchen (Referrer-URL), die Seiten, die Sie bei uns besuchen sowie das Datum und die Dauer des Besuches. R\u00fcckschl\u00fcsse aus diesen Daten auf bestimmte Personen sind f\u00fcr Sonnenlust nicht m\u00f6glich. Eine Zusammenf\u00fchrung dieser Daten mit anderen Datenquellen wird nicht vorgenommen. Dar\u00fcberhinausgehende personenbezogene Angaben, wie Ihr Name, Ihre Anschrift, Telefonnummer oder E-Mail-Adresse werden nicht erfasst, es sei denn diese Angaben werden von Ihnen ausdr\u00fccklich freiwillig gemacht.<br \/>\nSofern innerhalb des Internetangebotes die M\u00f6glichkeit zur Eingabe pers\u00f6nlicher oder gesch\u00e4ftlicher Daten (E-Mail-Adressen, Namen, Anschriften) besteht, so erfolgt die Preisgabe dieser Daten seitens des Nutzers auf ausdr\u00fccklich freiwilliger Basis.<br \/>\nSonnenlust hat dazu einen Auftragsverarbeitungsvertrag mit dem Hoster abgeschlossen. Die Server liegen innerhalb der EU.<\/p>\n<p>4. Cookies<br \/>\nEs k\u00f6nnen, damit die Benutzung der Webseiten und Pr\u00e4ferenzen der Webseiten-Besucher noch attraktiver gestaltet wird, Cookies eingesetzt werden. Bei Cookies handelt es sich um Dateien, die auf Ihrer Festplatte angelegt werden.<br \/>\nWenn Sie die Website von Sonnenlust nutzen, stimmen Sie der Nutzung und Speicherung von Cookies konkludent zu. Sie k\u00f6nnen allerdings die Speicherung von Cookies auf Ihrer Festplatte verhindern, indem sie entsprechende Browser-Einstellungen vornehmen. Bereits gesetzte Cookies k\u00f6nnen jederzeit gel\u00f6scht werden. Wie Sie Cookies l\u00f6schen oder deren Speicherung verhindern, entnehmen Sie bitte der jeweiligen Browser-Anleitung. Wenn Sie keine Cookies akzeptieren, so kann dies zu einer Beeintr\u00e4chtigung bei der Nutzung des Internetangebots von Sonnenlust f\u00fchren.<\/p>\n<p>5. Einsatz von Google Analytics<br \/>\nDiese Webseite benutzt Google Analytics, einen Webanalysedienst der Google LLC, 1600 Amphitheatre Parkway, Mountain View, CA 94043, USA. Google Analytics verwendet bereits oben definierte \u201eCookies\u201c also Textdateien, die auf Ihrem Computer gespeichert werden und die eine Analyse der Benutzung der Website durch Sie erm\u00f6glichen. Die durch den Cookie erzeugten Informationen \u00fcber Ihre Benutzung dieser Website werden in der Regel an einen Server von Google in den USA \u00fcbertragen und dort gespeichert. Im Falle der Aktivierung der IP-Anonymisierung auf dieser Webseite, wird Ihre IP-Adresse von Google jedoch innerhalb von Mitgliedstaaten der Europ\u00e4ischen Union oder in anderen Vertragsstaaten des Abkommens \u00fcber den Europ\u00e4ischen Wirtschaftsraum zuvor gek\u00fcrzt. Nur in Ausnahmef\u00e4llen wird die volle IP-Adresse an einen Server von Google in den USA \u00fcbertragen und dort gek\u00fcrzt.<br \/>\nDie IP-Anonymisierung ist auf dieser Website aktiv. Im Auftrag des Betreibers dieser Website wird Google diese Informationen benutzen, um Ihre Nutzung der Website auszuwerten, um Reports \u00fcber die Websiteaktivit\u00e4ten zusammenzustellen und um weitere mit der Websitenutzung und der Internetnutzung verbundene Dienstleistungen gegen\u00fcber dem Websitebetreiber zu erbringen. Die im Rahmen von Google Analytics von Ihrem Browser \u00fcbermittelte IP-Adresse wird nicht mit anderen Daten von Google zusammengef\u00fchrt. Sie k\u00f6nnen die Speicherung der Cookies durch eine entsprechende Einstellung Ihrer Browser-Software verhindern; wir weisen Sie jedoch darauf erneut hin, dass Sie in diesem Fall gegebenenfalls nicht s\u00e4mtliche Funktionen dieser Website vollumf\u00e4nglich werden nutzen k\u00f6nnen.<br \/>\nSie k\u00f6nnen dar\u00fcber hinaus die Erfassung der durch das Cookie erzeugten und auf Ihre Nutzung der Website bezogenen Daten (inkl. Ihrer IP-Adresse) an Google sowie die Verarbeitung dieser Daten durch Google verhindern, indem Sie das unter dem folgenden Link verf\u00fcgbare Browser-Plugin herunterladen und installieren: <a href=\"http:\/\/tools.google.com\/dlpage\/gaoptout?hl=de\">http:\/\/tools.google.com\/dlpage\/gaoptout?hl=de<\/a><\/p>\n<p>Google ist unter dem EU-US-Datenschutzabkommen \u201eEU-US Privacy Shield\u201c (https:\/\/www.privacyshield.gov\/participant?id=a2zt000000001L5AAI&#038;status=Active) zertifiziert.<br \/>\nWelche Daten von Google erfasst werden und wof\u00fcr diese Daten verwendet werden, k\u00f6nnen Sie auf <a href=\"https:\/\/www.google.com\/intl\/de\/policies\/privacy\/\">https:\/\/www.google.com\/intl\/de\/policies\/privacy\/<\/a> nachlesen.<br \/>\nSonnenlust hat mit Google einen Direktkundenvertrag zur Verwendung von Google Analytics abgeschlossen, indem wir den \u201cZusatz zur Datenverarbeitung\u201d in Google Analytics akzeptiert haben.<\/p>\n<p>6. Einsatz von Google Fonts<br \/>\nDiese Webseite nutzt Google Fonts (= Schriftarten) von Google LLC, 1600 Amphitheatre Parkway Mountain View, CA 94043, USA. Google erfasst lediglich die Nutzung der verwendeten Fonts, setzt jedoch keine Cookies ein.<br \/>\nWelche Daten von Google erfasst werden und wof\u00fcr diese Daten verwendet werden, k\u00f6nnen Sie auf <a href=\"https:\/\/www.google.com\/intl\/de\/policies\/privacy\/\">https:\/\/www.google.com\/intl\/de\/policies\/privacy\/<\/a> nachlesen. Hier k\u00f6nnen Sie Opt-Out w\u00e4hlen: <a href=\"https:\/\/adssettings.google.com\/authenticated\">https:\/\/adssettings.google.com\/authenticated<\/a><\/p>\n<p>7. Einsatz von Google AdWords<br \/>\nSonnenlust verwendet auf seiner Website Google AdWords und damit Conversion-Tracking (Besuchsaktionsauswertung). Es handelt sich hierbei um einen Analysedienst von Google LLC 1600 Amphitheatre Parkway Mountain View, CA 94043, USA. Klicken Sie auf eine von Google geschaltete Anzeige, so legt sich auf Ihrem Rechner ein Cookie f\u00fcr das Conversion-Tracking ab. Solche Cookies haben eine begrenzte G\u00fcltigkeit. Eine pers\u00f6nliche Identifizierung wird durch den Umstand ausgeschlossen, dass Cookies keinerlei personenbezogene Daten enthalten. Sonnenlust und Google k\u00f6nnen bei Ihrem Web-Besuch jedenfalls erkennen (sofern das Cookie noch nicht gel\u00f6scht wurde), dass Sie nach Klicken auf eine Anzeige durch Weiterleiten auf die entsprechende Seite kamen. Dabei besteht die Option einer Nachverfolgung der Cookies \u00fcber die Websites von AdWords-Kunden nicht.<br \/>\nSonnenlust beruft sich bei beschriebener Verarbeitung auf das berechtigte Interesse an der Analyse der Effizienz seiner Werbung (Art. 6 Abs. 1 lit. f DSGVO). Die Erstellung von Conversion-Statistiken stellt den Zweck der Verarbeitung dar. Selbstverst\u00e4ndlich erh\u00e4lt Sonnenlust keinerlei Informationen, anhand welcher sich Nutzer pers\u00f6nlich identifizieren lie\u00dfen.<\/p>\n<p>8. Datensicherheit<br \/>\nSonnenlust sichert diese Webseite und sonstige Systeme durch technische und organisatorische Ma\u00dfnahmen gegen Verlust, Zerst\u00f6rung, Zugriff, Ver\u00e4nderung oder Verbreitung Ihrer Daten durch unbefugte Personen. Trotz regelm\u00e4\u00dfiger Kontrollen und stetiger Verbesserung unserer Sicherheitsma\u00dfnahmen ist ein vollst\u00e4ndiger Schutz gegen alle Gefahren nicht m\u00f6glich.<\/p>\n<p>9. Ihre Rechte<br \/>\nSie haben jederzeit das Recht Auskunft dar\u00fcber zu verlangen, ob und welche Daten wir \u00fcber Sie verarbeiten. Sie haben ferner unter bestimmten Voraussetzungen das Recht auf L\u00f6schung, Einschr\u00e4nkung der Verarbeitung oder Widerspruch gegen eine Verarbeitung sowie das Recht auf Daten\u00fcbertragbarkeit.<br \/>\nWenn Sie mehr \u00fcber Ihre Rechte erfahren oder eines der oben genannten Rechte geltend machen m\u00f6chten, kontaktieren Sie uns unter den gem\u00e4\u00df Punkt 1 dieser Datenschutzerkl\u00e4rung angef\u00fchrten Kontaktm\u00f6glichkeiten.<br \/>\nWenn Sie der Auffassung sind, dass wir Ihre Daten zu Unrecht verarbeiten, steht Ihnen das Recht zu, Beschwerde bei der \u00d6sterreichischen Datenschutzbeh\u00f6rde, Wickenburggasse 8, 1080 Wien, zu erheben.<\/p>\n<p>Wien, am 25.05.2018<\/p>\n","protected":false},"excerpt":{"rendered":"<p>Datenschutzerkl\u00e4rung Diese Datenschutzerkl\u00e4rung richtet sich an all jene Personen, die diese Website n\u00fctzen. Wir verarbeiten Ihre personenbezogenen Daten ausschlie\u00dflich im Rahmen der Bestimmungen der Datenschutzgrundverordnung (DSGVO) sowie des Datenschutzgesetzes 2018. Nachfolgend teilen wir Ihnen mit, wer wir sind und informieren Sie \u00fcber Art, Umfang und Zweck der Datenerhebung sowie \u00fcber Ihre Rechte gem\u00e4\u00df DSGVO. 1.<span class=\"excerpt-ellipsis\">&#8230;<\/span><\/p>\n<p><a class=\"more-link\" href=\"https:\/\/sonnenlust.eu\/fr\/impressum\/\" itemprop=\"url\">Continue Reading<\/a><\/p>\n","protected":false},"author":9,"featured_media":0,"parent":0,"menu_order":0,"comment_status":"closed","ping_status":"closed","template":"","meta":{"ngg_post_thumbnail":0},"yoast_head":"<!-- This site is optimized with the Yoast SEO plugin v18.6 - https:\/\/yoast.com\/wordpress\/plugins\/seo\/ -->\n<title>DSGVO - Ferienwohnungen Teneriffa am Meer<\/title>\n<meta name=\"description\" content=\"Alcal\u00e1 und Playa de San Juan liegen an der klimatisch bevorzugten S\u00fcdwest-K\u00fcste Teneriffas in Spanien. Ferienunterk\u00fcnfte in au\u00dfergew\u00f6hnlicher Lage mieten!\" \/>\n<meta name=\"robots\" content=\"index, follow, max-snippet:-1, max-image-preview:large, max-video-preview:-1\" \/>\n<link rel=\"canonical\" href=\"https:\/\/sonnenlust.eu\/fr\/impressum\/\" \/>\n<meta property=\"og:locale\" content=\"fr_FR\" \/>\n<meta property=\"og:locale:alternate\" content=\"de_DE\" \/>\n<meta property=\"og:locale:alternate\" content=\"en_US\" \/>\n<meta property=\"og:locale:alternate\" content=\"es_ES\" \/>\n<meta property=\"og:locale:alternate\" content=\"it_IT\" \/>\n<meta property=\"og:type\" content=\"article\" \/>\n<meta property=\"og:title\" content=\"DSGVO\" \/>\n<meta property=\"og:description\" content=\"Alcal\u00e1 und Playa de San Juan liegen an der klimatisch bevorzugten S\u00fcdwest-K\u00fcste Teneriffas in Spanien. Ferienunterk\u00fcnfte in au\u00dfergew\u00f6hnlicher Lage mieten!\" \/>\n<meta property=\"og:url\" content=\"https:\/\/sonnenlust.eu\/fr\/impressum\/\" \/>\n<meta property=\"og:site_name\" content=\"Appartements de vacances Tenerife \u263c\" \/>\n<meta property=\"article:modified_time\" content=\"2022-05-10T14:53:08+00:00\" \/>\n<meta name=\"twitter:card\" content=\"summary_large_image\" \/>\n<script type=\"application\/ld+json\" class=\"yoast-schema-graph\">{\"@context\":\"https:\/\/schema.org\",\"@graph\":[{\"@type\":\"WebSite\",\"@id\":\"https:\/\/sonnenlust.eu\/de\/#website\",\"url\":\"https:\/\/sonnenlust.eu\/de\/\",\"name\":\"Appartements de vacances Tenerife \u263c\",\"description\":\"Directement en bord de mer dans les \u00eeles Canaries\",\"potentialAction\":[{\"@type\":\"SearchAction\",\"target\":{\"@type\":\"EntryPoint\",\"urlTemplate\":\"https:\/\/sonnenlust.eu\/de\/?s={search_term_string}\"},\"query-input\":\"required name=search_term_string\"}],\"inLanguage\":\"fr-FR\"},{\"@type\":\"WebPage\",\"@id\":\"https:\/\/sonnenlust.eu\/it\/impressum\/#webpage\",\"url\":\"https:\/\/sonnenlust.eu\/it\/impressum\/\",\"name\":\"[:de]DSGVO[:] - Ferienwohnungen Teneriffa am Meer\",\"isPartOf\":{\"@id\":\"https:\/\/sonnenlust.eu\/de\/#website\"},\"datePublished\":\"2022-05-10T14:50:31+00:00\",\"dateModified\":\"2022-05-10T14:53:08+00:00\",\"description\":\"Alcal\u00e1 und Playa de San Juan liegen an der klimatisch bevorzugten S\u00fcdwest-K\u00fcste Teneriffas in Spanien. Ferienunterk\u00fcnfte in au\u00dfergew\u00f6hnlicher Lage mieten!\",\"breadcrumb\":{\"@id\":\"https:\/\/sonnenlust.eu\/it\/impressum\/#breadcrumb\"},\"inLanguage\":\"fr-FR\",\"potentialAction\":[{\"@type\":\"ReadAction\",\"target\":[\"https:\/\/sonnenlust.eu\/it\/impressum\/\"]}]},{\"@type\":\"BreadcrumbList\",\"@id\":\"https:\/\/sonnenlust.eu\/it\/impressum\/#breadcrumb\",\"itemListElement\":[{\"@type\":\"ListItem\",\"position\":1,\"name\":\"Startseite\",\"item\":\"https:\/\/sonnenlust.eu\/de\/\"},{\"@type\":\"ListItem\",\"position\":2,\"name\":\"DSGVO\"}]}]}<\/script>\n<!-- \/ Yoast SEO plugin. -->","yoast_head_json":{"title":"DSGVO - Ferienwohnungen Teneriffa am Meer","description":"Alcal\u00e1 und Playa de San Juan liegen an der klimatisch bevorzugten S\u00fcdwest-K\u00fcste Teneriffas in Spanien. Ferienunterk\u00fcnfte in au\u00dfergew\u00f6hnlicher Lage mieten!","robots":{"index":"index","follow":"follow","max-snippet":"max-snippet:-1","max-image-preview":"max-image-preview:large","max-video-preview":"max-video-preview:-1"},"canonical":"https:\/\/sonnenlust.eu\/fr\/impressum\/","og_locale":"fr_FR","og_type":"article","og_title":"[:de]DSGVO[:] - Ferienwohnungen Teneriffa am Meer","og_description":"Alcal\u00e1 und Playa de San Juan liegen an der klimatisch bevorzugten S\u00fcdwest-K\u00fcste Teneriffas in Spanien. Ferienunterk\u00fcnfte in au\u00dfergew\u00f6hnlicher Lage mieten!","og_url":"https:\/\/sonnenlust.eu\/fr\/impressum\/","og_site_name":"Appartements de vacances Tenerife \u263c","article_modified_time":"2022-05-10T14:53:08+00:00","twitter_card":"summary_large_image","schema":{"@context":"https:\/\/schema.org","@graph":[{"@type":"WebSite","@id":"https:\/\/sonnenlust.eu\/de\/#website","url":"https:\/\/sonnenlust.eu\/de\/","name":"Appartements de vacances Tenerife \u263c","description":"Directement en bord de mer dans les \u00eeles Canaries","potentialAction":[{"@type":"SearchAction","target":{"@type":"EntryPoint","urlTemplate":"https:\/\/sonnenlust.eu\/de\/?s={search_term_string}"},"query-input":"required name=search_term_string"}],"inLanguage":"fr-FR"},{"@type":"WebPage","@id":"https:\/\/sonnenlust.eu\/it\/impressum\/#webpage","url":"https:\/\/sonnenlust.eu\/it\/impressum\/","name":"[:de]DSGVO[:] - Ferienwohnungen Teneriffa am Meer","isPartOf":{"@id":"https:\/\/sonnenlust.eu\/de\/#website"},"datePublished":"2022-05-10T14:50:31+00:00","dateModified":"2022-05-10T14:53:08+00:00","description":"Alcal\u00e1 und Playa de San Juan liegen an der klimatisch bevorzugten S\u00fcdwest-K\u00fcste Teneriffas in Spanien. Ferienunterk\u00fcnfte in au\u00dfergew\u00f6hnlicher Lage mieten!","breadcrumb":{"@id":"https:\/\/sonnenlust.eu\/it\/impressum\/#breadcrumb"},"inLanguage":"fr-FR","potentialAction":[{"@type":"ReadAction","target":["https:\/\/sonnenlust.eu\/it\/impressum\/"]}]},{"@type":"BreadcrumbList","@id":"https:\/\/sonnenlust.eu\/it\/impressum\/#breadcrumb","itemListElement":[{"@type":"ListItem","position":1,"name":"Startseite","item":"https:\/\/sonnenlust.eu\/de\/"},{"@type":"ListItem","position":2,"name":"DSGVO"}]}]}},"_links":{"self":[{"href":"https:\/\/sonnenlust.eu\/fr\/wp-json\/wp\/v2\/pages\/4880"}],"collection":[{"href":"https:\/\/sonnenlust.eu\/fr\/wp-json\/wp\/v2\/pages"}],"about":[{"href":"https:\/\/sonnenlust.eu\/fr\/wp-json\/wp\/v2\/types\/page"}],"author":[{"embeddable":true,"href":"https:\/\/sonnenlust.eu\/fr\/wp-json\/wp\/v2\/users\/9"}],"replies":[{"embeddable":true,"href":"https:\/\/sonnenlust.eu\/fr\/wp-json\/wp\/v2\/comments?post=4880"}],"version-history":[{"count":5,"href":"https:\/\/sonnenlust.eu\/fr\/wp-json\/wp\/v2\/pages\/4880\/revisions"}],"predecessor-version":[{"id":4889,"href":"https:\/\/sonnenlust.eu\/fr\/wp-json\/wp\/v2\/pages\/4880\/revisions\/4889"}],"wp:attachment":[{"href":"https:\/\/sonnenlust.eu\/fr\/wp-json\/wp\/v2\/media?parent=4880"}],"curies":[{"name":"wp","href":"https:\/\/api.w.org\/{rel}","templated":true}]}}