{"id":4,"date":"2015-10-08T08:56:10","date_gmt":"2015-10-08T08:56:10","guid":{"rendered":"http:\/\/sonnenlust.eu\/?page_id=4"},"modified":"2026-03-05T09:44:26","modified_gmt":"2026-03-05T09:44:26","slug":"home","status":"publish","type":"page","link":"https:\/\/sonnenlust.eu\/fr\/","title":{"rendered":"Appartements de vacances dans le villages de pecheurs d&#039;Alcal\u00e1 avec Playa de San Juan sur la cote sud-ouest ensoleill\u00e9e de T\u00e9n\u00e9riffe"},"content":{"rendered":"ngg_shortcode_0_placeholder\nngg_shortcode_1_placeholder\n<p>Nos appartements de vacances se trouvent en Alcal\u00e1 et sont situ\u00e9 directement au bord de la mer, \u00e1 la c\u00f4te sud-ouest. L\u00e0-bas il y a un climat tr\u00e8s agr\u00e9able quel est pr\u00e9f\u00e8re des gens. Dans cette localit\u00e9 c\u00f4ti\u00e8re il y a du soleil toute l\u00b4ann\u00e9e et la temp\u00e9rature est \u00e9lev\u00e9, sp\u00e9cialement dans le mois d\u00b4hiver. La temp\u00e9rature baisse nt rarement sous 22 degr\u00e9s.<\/p>\n<p>Alcala est une petite localit\u00e9 o\u00f9 il y a encore l\u2019atmosph\u00e8re d\u00b4un village de p\u00e9cheurs. La vue despuis des appartements es particuli\u00e8rement jolie et le terrasses sont orient\u00e9 aux sud. Toutes nos maisons de vacances disposent d&rsquo;une connexion internet \u00e0 haut d\u00e9bit, sont enti\u00e8rement \u00e9quip\u00e9es et sont entretenues avec le plus grand soin. Nous chauffons l&rsquo;eau gr\u00e2ce \u00e0 des panneaux solaires \u00e9cologiques install\u00e9s sur le toit.<\/p>\n<div class=\"apt-list\" style=\"background-color: #e5e5e5; padding: 10px; padding-top: 3px;\">\n<h5>Sonnenlust APPARTEMENTS de vacances \/Maison DE VACANCES:<\/h5>\n<ul>\n<li><a href=\"http:\/\/sonnenlust.eu\/fr\/sonnenlust-apartments\/apartment-alegria\/\">Alegria<\/a>: jusqu&rsquo;\u00e0 3 personnes, terrasse au bord de la mer, 1 chambre, \u00e0 partir de \u20ac 65,-\/jour<\/li>\n<li><a href=\"http:\/\/sonnenlust.eu\/fr\/sonnenlust-apartments\/apartment-estrella\/\">Estrella<\/a>: jusqu&rsquo;\u00e0 4 personnes, 2 terrasses au bord de la mer, 2 chambres, \u00e0 partir de \u20ac 85,-\/jour<\/li>\n<li><a href=\"http:\/\/sonnenlust.eu\/fr\/sonnenlust-apartments\/apartment-vicente\/\">San Vicente<\/a>: jusqu&rsquo;\u00e0 4 personnes, patio avec chaises longues, \u00e0 partir de \u20ac 85,-\/jour<\/li>\n<li><a href=\"http:\/\/sonnenlust.eu\/fr\/sonnenlust-apartments\/casa-maresia\/\">Maresia<\/a>: jusqu&rsquo;\u00e0 6 personnes, terrasse avec vue su la mer et patio, 3 chambres, \u00e0 partir de \u20ac 105,-\/jour<\/li>\n<li><a href=\"http:\/\/sonnenlust.eu\/fr\/sonnenlust-apartments\/harmonia\/\">Harmonia<\/a>: jusqu&rsquo;\u00e0 6 personnes, terrasse avec vue su la mer, 3 chambres, \u00e1 partir de \u20ac 105,-\/jour<\/li>\n<li><a href=\"https:\/\/sonnenlust.eu\/fr\/sonnenlust-apartments\/panorama-casita-am-dach\/\">Panorama<\/a>: jusqu&rsquo;\u00e0 4 personnes, terrasse avec vue su la mer, 2 chambres, \u00e1 partir de \u20ac 105,-\/jour<\/li>\n<li><a href=\"https:\/\/sonnenlust.eu\/fr\/sonnenlust-apartments\/HARMONIA-casita-am-dach\/\">Casita<\/a>: jusqu&rsquo;\u00e0 2 personnes, terrasse avec vue su la mer, \u00e1 partir de \u20ac 60,-\/jour<\/li>\n<\/ul>\n<p>&nbsp;&nbsp;&nbsp;&nbsp;&nbsp;&nbsp;&nbsp; Claudia Bachmayer (<a href=\"https:\/\/sonnenlust.eu\/fr\/kontakt-buchung\/\">Contact &#038; R\u00e9servation<\/a>)<\/p>\n<\/div>\n<p>Veuillez voir la <a href=\"http:\/\/sonnenlust.eu\/fr\/availability-calendar-rates\/\">DISPONIBILIT\u00c9<\/a> ainsi que les <a href=\"http:\/\/sonnenlust.eu\/fr\/availability-calendar-rates\/\">PRIX<\/a> dans les cot\u00e9s d&rsquo;objet respectifs.<\/p>\n<p>&nbsp;<\/p>\n<p><strong>Votre propri\u00e9taire:<br \/>\n<\/strong><\/p>\n<p><a href=\"http:\/\/sonnenlust.eu\/wp-content\/uploads\/2022\/05\/al-bano-franzoesisch.png\"><img loading=\"lazy\" class=\"alignnone wp-image-4851 size-full\" src=\"http:\/\/sonnenlust.eu\/wp-content\/uploads\/2022\/05\/al-bano-franzoesisch.png\" alt=\"\" width=\"1024\" height=\"508\" srcset=\"https:\/\/sonnenlust.eu\/wp-content\/uploads\/2022\/05\/al-bano-franzoesisch.png 1024w, https:\/\/sonnenlust.eu\/wp-content\/uploads\/2022\/05\/al-bano-franzoesisch-300x149.png 300w, https:\/\/sonnenlust.eu\/wp-content\/uploads\/2022\/05\/al-bano-franzoesisch-768x381.png 768w\" sizes=\"(max-width: 1024px) 100vw, 1024px\" \/><\/a><\/p>\n<p>&nbsp;<\/p>\n","protected":false},"excerpt":{"rendered":"<p>Nos appartements de vacances se trouvent en Alcal\u00e1 et sont situ\u00e9 directement au bord de la mer, \u00e1 la c\u00f4te sud-ouest. L\u00e0-bas il y a un climat tr\u00e8s agr\u00e9able quel est pr\u00e9f\u00e8re des gens. Dans cette localit\u00e9 c\u00f4ti\u00e8re il y a du soleil toute l\u00b4ann\u00e9e et la temp\u00e9rature est \u00e9lev\u00e9, sp\u00e9cialement dans le mois d\u00b4hiver.<span class=\"excerpt-ellipsis\">&#8230;<\/span><\/p>\n<p><a class=\"more-link\" href=\"https:\/\/sonnenlust.eu\/fr\/\" itemprop=\"url\">Continue Reading<\/a><\/p>\n","protected":false},"author":4,"featured_media":0,"parent":0,"menu_order":0,"comment_status":"closed","ping_status":"closed","template":"","meta":{"ngg_post_thumbnail":0},"yoast_head":"<!-- This site is optimized with the Yoast SEO plugin v18.6 - https:\/\/yoast.com\/wordpress\/plugins\/seo\/ -->\n<title>Sonnenlust Ferienwohnungen auf Teneriffa -  - apartments directly located on the sea[:]<\/title>\n<meta name=\"description\" content=\"Urlaub in Alcal\u00e1 ab EUR 55 \/ Tag. 15% Rabatt auf jeden Aufenthalt bis Ende Oktober in den privaten Ferienwohnungen. Langzeitmiete m\u00f6glich.\" \/>\n<meta name=\"robots\" content=\"index, follow, max-snippet:-1, max-image-preview:large, max-video-preview:-1\" \/>\n<link rel=\"canonical\" href=\"https:\/\/sonnenlust.eu\/fr\/\" \/>\n<meta property=\"og:locale\" content=\"fr_FR\" \/>\n<meta property=\"og:locale:alternate\" content=\"de_DE\" \/>\n<meta property=\"og:locale:alternate\" content=\"en_US\" \/>\n<meta property=\"og:locale:alternate\" content=\"es_ES\" \/>\n<meta property=\"og:locale:alternate\" content=\"it_IT\" \/>\n<meta property=\"og:type\" content=\"article\" \/>\n<meta property=\"og:title\" content=\"Sonnenlust Ferienwohnungen auf Teneriffa - Direkt am Meer\" \/>\n<meta property=\"og:description\" content=\"Urlaub in Alcal\u00e1 ab EUR 55 \/ Tag. 15% Rabatt auf jeden Aufenthalt bis Ende Oktober in den privaten Ferienwohnungen. Langzeitmiete m\u00f6glich.\" \/>\n<meta property=\"og:url\" content=\"https:\/\/sonnenlust.eu\/fr\/\" \/>\n<meta property=\"og:site_name\" content=\"Appartements de vacances Tenerife \u263c\" \/>\n<meta property=\"article:modified_time\" content=\"2026-03-05T09:44:26+00:00\" \/>\n<meta property=\"og:image\" content=\"http:\/\/sonnenlust.eu\/wp-content\/uploads\/2022\/05\/al-bano-deutsch-1.png\" \/>\n<meta name=\"twitter:card\" content=\"summary_large_image\" \/>\n<meta name=\"twitter:label1\" content=\"Dur\u00e9e de lecture estim\u00e9e\" \/>\n\t<meta name=\"twitter:data1\" content=\"2 minutes\" \/>\n<script type=\"application\/ld+json\" class=\"yoast-schema-graph\">{\"@context\":\"https:\/\/schema.org\",\"@graph\":[{\"@type\":\"WebSite\",\"@id\":\"https:\/\/sonnenlust.eu\/de\/#website\",\"url\":\"https:\/\/sonnenlust.eu\/de\/\",\"name\":\"Appartements de vacances Tenerife \u263c\",\"description\":\"Directement en bord de mer dans les \u00eeles Canaries\",\"potentialAction\":[{\"@type\":\"SearchAction\",\"target\":{\"@type\":\"EntryPoint\",\"urlTemplate\":\"https:\/\/sonnenlust.eu\/de\/?s={search_term_string}\"},\"query-input\":\"required name=search_term_string\"}],\"inLanguage\":\"fr-FR\"},{\"@type\":\"ImageObject\",\"@id\":\"https:\/\/sonnenlust.eu\/de\/#primaryimage\",\"inLanguage\":\"fr-FR\",\"url\":\"https:\/\/sonnenlust.eu\/wp-content\/uploads\/2022\/05\/al-bano-deutsch-1.png\",\"contentUrl\":\"https:\/\/sonnenlust.eu\/wp-content\/uploads\/2022\/05\/al-bano-deutsch-1.png\",\"width\":1024,\"height\":508},{\"@type\":\"WebPage\",\"@id\":\"https:\/\/sonnenlust.eu\/de\/#webpage\",\"url\":\"https:\/\/sonnenlust.eu\/de\/\",\"name\":\"[:de]Sonnenlust Ferienwohnungen auf Teneriffa - Direkt am Meer[:en]Vacation on Tenerife - apartments directly located on the sea[:]\",\"isPartOf\":{\"@id\":\"https:\/\/sonnenlust.eu\/de\/#website\"},\"primaryImageOfPage\":{\"@id\":\"https:\/\/sonnenlust.eu\/de\/#primaryimage\"},\"datePublished\":\"2015-10-08T08:56:10+00:00\",\"dateModified\":\"2026-03-05T09:44:26+00:00\",\"description\":\"[:de]Urlaub in Alcal\u00e1 ab EUR 55 \/ Tag. 15% Rabatt auf jeden Aufenthalt bis Ende Oktober in den privaten Ferienwohnungen. Langzeitmiete m\u00f6glich.[:en]Vacation in Alcal\u00e1 from EUR 55 \/ day. 15% off until the end of October in private holiday apartments. Long term rental is also possible.[:]\",\"breadcrumb\":{\"@id\":\"https:\/\/sonnenlust.eu\/de\/#breadcrumb\"},\"inLanguage\":\"fr-FR\",\"potentialAction\":[{\"@type\":\"ReadAction\",\"target\":[\"https:\/\/sonnenlust.eu\/de\/\"]}]},{\"@type\":\"BreadcrumbList\",\"@id\":\"https:\/\/sonnenlust.eu\/de\/#breadcrumb\",\"itemListElement\":[{\"@type\":\"ListItem\",\"position\":1,\"name\":\"Startseite\",\"item\":\"https:\/\/sonnenlust.eu\/de\/\"},{\"@type\":\"ListItem\",\"position\":2,\"name\":\"Ferienwohnungen in den Fischerd\u00f6rfern Alcal\u00e1 &#038; Playa de San Juan an der sonnigen S\u00fcdwestk\u00fcste\"}]}]}<\/script>\n<!-- \/ Yoast SEO plugin. -->","yoast_head_json":{"title":"Sonnenlust Ferienwohnungen auf Teneriffa -  - apartments directly located on the sea[:]","description":"Urlaub in Alcal\u00e1 ab EUR 55 \/ Tag. 15% Rabatt auf jeden Aufenthalt bis Ende Oktober in den privaten Ferienwohnungen. Langzeitmiete m\u00f6glich.","robots":{"index":"index","follow":"follow","max-snippet":"max-snippet:-1","max-image-preview":"max-image-preview:large","max-video-preview":"max-video-preview:-1"},"canonical":"https:\/\/sonnenlust.eu\/fr\/","og_locale":"fr_FR","og_type":"article","og_title":"[:de]Sonnenlust Ferienwohnungen auf Teneriffa - Direkt am Meer[:en]Vacation on Tenerife - apartments directly located on the sea[:]","og_description":"[:de]Urlaub in Alcal\u00e1 ab EUR 55 \/ Tag. 15% Rabatt auf jeden Aufenthalt bis Ende Oktober in den privaten Ferienwohnungen. Langzeitmiete m\u00f6glich.[:en]Vacation in Alcal\u00e1 from EUR 55 \/ day. 15% off until the end of October in private holiday apartments. Long term rental is also possible.[:]","og_url":"https:\/\/sonnenlust.eu\/fr\/","og_site_name":"Appartements de vacances Tenerife \u263c","article_modified_time":"2026-03-05T09:44:26+00:00","og_image":[{"url":"http:\/\/sonnenlust.eu\/wp-content\/uploads\/2022\/05\/al-bano-deutsch-1.png"}],"twitter_card":"summary_large_image","twitter_misc":{"Dur\u00e9e de lecture estim\u00e9e":"2 minutes"},"schema":{"@context":"https:\/\/schema.org","@graph":[{"@type":"WebSite","@id":"https:\/\/sonnenlust.eu\/de\/#website","url":"https:\/\/sonnenlust.eu\/de\/","name":"Appartements de vacances Tenerife \u263c","description":"Directement en bord de mer dans les \u00eeles Canaries","potentialAction":[{"@type":"SearchAction","target":{"@type":"EntryPoint","urlTemplate":"https:\/\/sonnenlust.eu\/de\/?s={search_term_string}"},"query-input":"required name=search_term_string"}],"inLanguage":"fr-FR"},{"@type":"ImageObject","@id":"https:\/\/sonnenlust.eu\/de\/#primaryimage","inLanguage":"fr-FR","url":"https:\/\/sonnenlust.eu\/wp-content\/uploads\/2022\/05\/al-bano-deutsch-1.png","contentUrl":"https:\/\/sonnenlust.eu\/wp-content\/uploads\/2022\/05\/al-bano-deutsch-1.png","width":1024,"height":508},{"@type":"WebPage","@id":"https:\/\/sonnenlust.eu\/de\/#webpage","url":"https:\/\/sonnenlust.eu\/de\/","name":"[:de]Sonnenlust Ferienwohnungen auf Teneriffa - Direkt am Meer[:en]Vacation on Tenerife - apartments directly located on the sea[:]","isPartOf":{"@id":"https:\/\/sonnenlust.eu\/de\/#website"},"primaryImageOfPage":{"@id":"https:\/\/sonnenlust.eu\/de\/#primaryimage"},"datePublished":"2015-10-08T08:56:10+00:00","dateModified":"2026-03-05T09:44:26+00:00","description":"[:de]Urlaub in Alcal\u00e1 ab EUR 55 \/ Tag. 15% Rabatt auf jeden Aufenthalt bis Ende Oktober in den privaten Ferienwohnungen. Langzeitmiete m\u00f6glich.[:en]Vacation in Alcal\u00e1 from EUR 55 \/ day. 15% off until the end of October in private holiday apartments. Long term rental is also possible.[:]","breadcrumb":{"@id":"https:\/\/sonnenlust.eu\/de\/#breadcrumb"},"inLanguage":"fr-FR","potentialAction":[{"@type":"ReadAction","target":["https:\/\/sonnenlust.eu\/de\/"]}]},{"@type":"BreadcrumbList","@id":"https:\/\/sonnenlust.eu\/de\/#breadcrumb","itemListElement":[{"@type":"ListItem","position":1,"name":"Startseite","item":"https:\/\/sonnenlust.eu\/de\/"},{"@type":"ListItem","position":2,"name":"Ferienwohnungen in den Fischerd\u00f6rfern Alcal\u00e1 &#038; Playa de San Juan an der sonnigen S\u00fcdwestk\u00fcste"}]}]}},"_links":{"self":[{"href":"https:\/\/sonnenlust.eu\/fr\/wp-json\/wp\/v2\/pages\/4"}],"collection":[{"href":"https:\/\/sonnenlust.eu\/fr\/wp-json\/wp\/v2\/pages"}],"about":[{"href":"https:\/\/sonnenlust.eu\/fr\/wp-json\/wp\/v2\/types\/page"}],"author":[{"embeddable":true,"href":"https:\/\/sonnenlust.eu\/fr\/wp-json\/wp\/v2\/users\/4"}],"replies":[{"embeddable":true,"href":"https:\/\/sonnenlust.eu\/fr\/wp-json\/wp\/v2\/comments?post=4"}],"version-history":[{"count":345,"href":"https:\/\/sonnenlust.eu\/fr\/wp-json\/wp\/v2\/pages\/4\/revisions"}],"predecessor-version":[{"id":10079,"href":"https:\/\/sonnenlust.eu\/fr\/wp-json\/wp\/v2\/pages\/4\/revisions\/10079"}],"wp:attachment":[{"href":"https:\/\/sonnenlust.eu\/fr\/wp-json\/wp\/v2\/media?parent=4"}],"curies":[{"name":"wp","href":"https:\/\/api.w.org\/{rel}","templated":true}]}}