{"id":35,"date":"2015-10-08T12:53:54","date_gmt":"2015-10-08T12:53:54","guid":{"rendered":"http:\/\/sonnenlust.eu\/?page_id=35"},"modified":"2024-03-12T08:22:04","modified_gmt":"2024-03-12T08:22:04","slug":"kontakt-buchung","status":"publish","type":"page","link":"https:\/\/sonnenlust.eu\/fr\/kontakt-buchung\/","title":{"rendered":"Contact &#038; R\u00e9servation"},"content":{"rendered":"<p dir=\"ltr\" data-placeholder=\"\u00dcbersetzung\"><strong>Sonnenlust Studios de vacances &#038; Maisons de vacances<\/strong><br \/>\nAlcal\u00e1, Teneriffa<br \/>\nEspagne<\/p>\n<p class=\"tw-data-text tw-ta tw-text-small\" dir=\"ltr\" data-placeholder=\"\u00dcbersetzung\"><span lang=\"fr\">Nous sommes des propri\u00e9taires priv\u00e9s autrichiens et passons beaucoup de temps \u00e0 Alcal<\/span>\u00e1 et Playa San Juan <span lang=\"fr\">et profiter du climat sain. <\/span><span lang=\"fr\">Nous sommes enregistr\u00e9s aupr\u00e8s des autorit\u00e9s en tant que propri\u00e9taires et avons, contrairement \u00e0 beaucoup d&rsquo;autres propri\u00e9taires priv\u00e9s \u00e0 Tenerife, un permis de location officiel. Nous \u00e9mettons des factures et payons tous les frais.<\/span><\/p>\n<div class=\"oSioSc\">\n<div id=\"tw-target\">\n<div id=\"kAz1tf\" class=\"g9WsWb\">\n<div id=\"tw-target-text-container\" class=\"tw-ta-container tw-nfl\">\n<p id=\"tw-target-text\" class=\"tw-data-text tw-ta tw-text-small\" dir=\"ltr\" data-placeholder=\"\u00dcbersetzung\"><span lang=\"fr\">Nous louons nos appartements de vacances \u00e0 Sonnenlust depuis de le l&rsquo;ann\u00e9e 2016, et nettoyons et entretenons les objets avec soin.<\/span><\/p>\n<\/div>\n<\/div>\n<\/div>\n<\/div>\n<div class=\"oSioSc\">\n<div id=\"tw-target\">\n<div id=\"kAz1tf\" class=\"g9WsWb\">\n<div id=\"tw-target-text-container\" class=\"tw-ta-container tw-nfl\">\n<p id=\"tw-target-text\" class=\"tw-data-text tw-ta tw-text-small\" dir=\"ltr\" data-placeholder=\"\u00dcbersetzung\"><span lang=\"fr\">Veuillez nous contacter pour toute information ou r\u00e9servation. R\u00e9servation directe possible sans frais de r\u00e9servation, nous r\u00e9pondons le plus rapidement possible:<br \/>\n<\/span><\/p>\n<\/div>\n<\/div>\n<\/div>\n<\/div>\n<p class=\"tw-data-text tw-ta tw-text-small\" dir=\"ltr\" data-placeholder=\"\u00dcbersetzung\"><strong>E-Mail<\/strong>: cb@sonnenlust.eu<br \/>\n<strong>Mobile<\/strong>: +43\/650\/254 63 62 ou +34\/622\/51 49 50<\/p>\n<h6 id=\"tw-target-text\" class=\"tw-data-text tw-ta tw-text-small\" dir=\"ltr\" data-placeholder=\"\u00dcbersetzung\">Claudia Bachmayer<\/h6>\n<p><img loading=\"lazy\" class=\"alignnone wp-image-1189\" src=\"http:\/\/sonnenlust.eu\/wp-content\/uploads\/2016\/09\/cb-profilfoto-web.jpg\" alt=\"Claudia Bachmayer\" width=\"144\" height=\"185\" srcset=\"https:\/\/sonnenlust.eu\/wp-content\/uploads\/2016\/09\/cb-profilfoto-web.jpg 413w, https:\/\/sonnenlust.eu\/wp-content\/uploads\/2016\/09\/cb-profilfoto-web-234x300.jpg 234w\" sizes=\"(max-width: 144px) 100vw, 144px\" \/><\/p>\n<p>&nbsp;<\/p>\n<p>&nbsp;<\/p>\n","protected":false},"excerpt":{"rendered":"<p>Sonnenlust Studios de vacances &#038; Maisons de vacances Alcal\u00e1, Teneriffa Espagne Nous sommes des propri\u00e9taires priv\u00e9s autrichiens et passons beaucoup de temps \u00e0 Alcal\u00e1 et Playa San Juan et profiter du climat sain. Nous sommes enregistr\u00e9s aupr\u00e8s des autorit\u00e9s en tant que propri\u00e9taires et avons, contrairement \u00e0 beaucoup d&rsquo;autres propri\u00e9taires priv\u00e9s \u00e0 Tenerife, un permis<span class=\"excerpt-ellipsis\">&#8230;<\/span><\/p>\n<p><a class=\"more-link\" href=\"https:\/\/sonnenlust.eu\/fr\/kontakt-buchung\/\" itemprop=\"url\">Continue Reading<\/a><\/p>\n","protected":false},"author":4,"featured_media":0,"parent":0,"menu_order":0,"comment_status":"closed","ping_status":"closed","template":"","meta":{"ngg_post_thumbnail":0},"yoast_head":"<!-- This site is optimized with the Yoast SEO plugin v18.6 - https:\/\/yoast.com\/wordpress\/plugins\/seo\/ -->\n<title>Kontakt &amp; Buchung Apartments &amp; Ferienhaus Teneriffa<\/title>\n<meta name=\"description\" content=\"Buchen Sie Ihren Aufenthalt in den Sonnenlust Apartments und dem Ferienhaus im charmanten Fischerdorf Alcal\u00e1, abseits des Massentourismus auf Teneriffa.\" \/>\n<meta name=\"robots\" content=\"index, follow, max-snippet:-1, max-image-preview:large, max-video-preview:-1\" \/>\n<link rel=\"canonical\" href=\"https:\/\/sonnenlust.eu\/fr\/kontakt-buchung\/\" \/>\n<meta property=\"og:locale\" content=\"fr_FR\" \/>\n<meta property=\"og:locale:alternate\" content=\"de_DE\" \/>\n<meta property=\"og:locale:alternate\" content=\"en_US\" \/>\n<meta property=\"og:locale:alternate\" content=\"es_ES\" \/>\n<meta property=\"og:locale:alternate\" content=\"it_IT\" \/>\n<meta property=\"og:type\" content=\"article\" \/>\n<meta property=\"og:title\" content=\"Kontakt &amp; Buchung Apartments &amp; Ferienhaus Teneriffa\" \/>\n<meta property=\"og:description\" content=\"Buchen Sie Ihren Aufenthalt in den Sonnenlust Apartments und dem Ferienhaus im charmanten Fischerdorf Alcal\u00e1, abseits des Massentourismus auf Teneriffa.\" \/>\n<meta property=\"og:url\" content=\"https:\/\/sonnenlust.eu\/fr\/kontakt-buchung\/\" \/>\n<meta property=\"og:site_name\" content=\"Appartements de vacances Tenerife \u263c\" \/>\n<meta property=\"article:modified_time\" content=\"2024-03-12T08:22:04+00:00\" \/>\n<meta property=\"og:image\" content=\"http:\/\/sonnenlust.eu\/wp-content\/uploads\/2016\/09\/cb-profilfoto-web.jpg\" \/>\n<meta name=\"twitter:card\" content=\"summary_large_image\" \/>\n<meta name=\"twitter:label1\" content=\"Dur\u00e9e de lecture estim\u00e9e\" \/>\n\t<meta name=\"twitter:data1\" content=\"1 minute\" \/>\n<script type=\"application\/ld+json\" class=\"yoast-schema-graph\">{\"@context\":\"https:\/\/schema.org\",\"@graph\":[{\"@type\":\"WebSite\",\"@id\":\"https:\/\/sonnenlust.eu\/de\/#website\",\"url\":\"https:\/\/sonnenlust.eu\/de\/\",\"name\":\"Appartements de vacances Tenerife \u263c\",\"description\":\"Directement en bord de mer dans les \u00eeles Canaries\",\"potentialAction\":[{\"@type\":\"SearchAction\",\"target\":{\"@type\":\"EntryPoint\",\"urlTemplate\":\"https:\/\/sonnenlust.eu\/de\/?s={search_term_string}\"},\"query-input\":\"required name=search_term_string\"}],\"inLanguage\":\"fr-FR\"},{\"@type\":\"ImageObject\",\"@id\":\"https:\/\/sonnenlust.eu\/it\/kontakt-buchung\/#primaryimage\",\"inLanguage\":\"fr-FR\",\"url\":\"https:\/\/sonnenlust.eu\/wp-content\/uploads\/2016\/09\/cb-profilfoto-web.jpg\",\"contentUrl\":\"https:\/\/sonnenlust.eu\/wp-content\/uploads\/2016\/09\/cb-profilfoto-web.jpg\",\"width\":413,\"height\":529,\"caption\":\"Claudia Bachmayer\"},{\"@type\":\"WebPage\",\"@id\":\"https:\/\/sonnenlust.eu\/it\/kontakt-buchung\/#webpage\",\"url\":\"https:\/\/sonnenlust.eu\/it\/kontakt-buchung\/\",\"name\":\"Kontakt & Buchung Apartments & Ferienhaus Teneriffa\",\"isPartOf\":{\"@id\":\"https:\/\/sonnenlust.eu\/de\/#website\"},\"primaryImageOfPage\":{\"@id\":\"https:\/\/sonnenlust.eu\/it\/kontakt-buchung\/#primaryimage\"},\"datePublished\":\"2015-10-08T12:53:54+00:00\",\"dateModified\":\"2024-03-12T08:22:04+00:00\",\"description\":\"Buchen Sie Ihren Aufenthalt in den Sonnenlust Apartments und dem Ferienhaus im charmanten Fischerdorf Alcal\u00e1, abseits des Massentourismus auf Teneriffa.\",\"breadcrumb\":{\"@id\":\"https:\/\/sonnenlust.eu\/it\/kontakt-buchung\/#breadcrumb\"},\"inLanguage\":\"fr-FR\",\"potentialAction\":[{\"@type\":\"ReadAction\",\"target\":[\"https:\/\/sonnenlust.eu\/it\/kontakt-buchung\/\"]}]},{\"@type\":\"BreadcrumbList\",\"@id\":\"https:\/\/sonnenlust.eu\/it\/kontakt-buchung\/#breadcrumb\",\"itemListElement\":[{\"@type\":\"ListItem\",\"position\":1,\"name\":\"Startseite\",\"item\":\"https:\/\/sonnenlust.eu\/de\/\"},{\"@type\":\"ListItem\",\"position\":2,\"name\":\"Contatto &#038; Prenotazione\"}]}]}<\/script>\n<!-- \/ Yoast SEO plugin. -->","yoast_head_json":{"title":"Kontakt & Buchung Apartments & Ferienhaus Teneriffa","description":"Buchen Sie Ihren Aufenthalt in den Sonnenlust Apartments und dem Ferienhaus im charmanten Fischerdorf Alcal\u00e1, abseits des Massentourismus auf Teneriffa.","robots":{"index":"index","follow":"follow","max-snippet":"max-snippet:-1","max-image-preview":"max-image-preview:large","max-video-preview":"max-video-preview:-1"},"canonical":"https:\/\/sonnenlust.eu\/fr\/kontakt-buchung\/","og_locale":"fr_FR","og_type":"article","og_title":"Kontakt & Buchung Apartments & Ferienhaus Teneriffa","og_description":"Buchen Sie Ihren Aufenthalt in den Sonnenlust Apartments und dem Ferienhaus im charmanten Fischerdorf Alcal\u00e1, abseits des Massentourismus auf Teneriffa.","og_url":"https:\/\/sonnenlust.eu\/fr\/kontakt-buchung\/","og_site_name":"Appartements de vacances Tenerife \u263c","article_modified_time":"2024-03-12T08:22:04+00:00","og_image":[{"url":"http:\/\/sonnenlust.eu\/wp-content\/uploads\/2016\/09\/cb-profilfoto-web.jpg"}],"twitter_card":"summary_large_image","twitter_misc":{"Dur\u00e9e de lecture estim\u00e9e":"1 minute"},"schema":{"@context":"https:\/\/schema.org","@graph":[{"@type":"WebSite","@id":"https:\/\/sonnenlust.eu\/de\/#website","url":"https:\/\/sonnenlust.eu\/de\/","name":"Appartements de vacances Tenerife \u263c","description":"Directement en bord de mer dans les \u00eeles Canaries","potentialAction":[{"@type":"SearchAction","target":{"@type":"EntryPoint","urlTemplate":"https:\/\/sonnenlust.eu\/de\/?s={search_term_string}"},"query-input":"required name=search_term_string"}],"inLanguage":"fr-FR"},{"@type":"ImageObject","@id":"https:\/\/sonnenlust.eu\/it\/kontakt-buchung\/#primaryimage","inLanguage":"fr-FR","url":"https:\/\/sonnenlust.eu\/wp-content\/uploads\/2016\/09\/cb-profilfoto-web.jpg","contentUrl":"https:\/\/sonnenlust.eu\/wp-content\/uploads\/2016\/09\/cb-profilfoto-web.jpg","width":413,"height":529,"caption":"Claudia Bachmayer"},{"@type":"WebPage","@id":"https:\/\/sonnenlust.eu\/it\/kontakt-buchung\/#webpage","url":"https:\/\/sonnenlust.eu\/it\/kontakt-buchung\/","name":"Kontakt & Buchung Apartments & Ferienhaus Teneriffa","isPartOf":{"@id":"https:\/\/sonnenlust.eu\/de\/#website"},"primaryImageOfPage":{"@id":"https:\/\/sonnenlust.eu\/it\/kontakt-buchung\/#primaryimage"},"datePublished":"2015-10-08T12:53:54+00:00","dateModified":"2024-03-12T08:22:04+00:00","description":"Buchen Sie Ihren Aufenthalt in den Sonnenlust Apartments und dem Ferienhaus im charmanten Fischerdorf Alcal\u00e1, abseits des Massentourismus auf Teneriffa.","breadcrumb":{"@id":"https:\/\/sonnenlust.eu\/it\/kontakt-buchung\/#breadcrumb"},"inLanguage":"fr-FR","potentialAction":[{"@type":"ReadAction","target":["https:\/\/sonnenlust.eu\/it\/kontakt-buchung\/"]}]},{"@type":"BreadcrumbList","@id":"https:\/\/sonnenlust.eu\/it\/kontakt-buchung\/#breadcrumb","itemListElement":[{"@type":"ListItem","position":1,"name":"Startseite","item":"https:\/\/sonnenlust.eu\/de\/"},{"@type":"ListItem","position":2,"name":"Contatto &#038; Prenotazione"}]}]}},"_links":{"self":[{"href":"https:\/\/sonnenlust.eu\/fr\/wp-json\/wp\/v2\/pages\/35"}],"collection":[{"href":"https:\/\/sonnenlust.eu\/fr\/wp-json\/wp\/v2\/pages"}],"about":[{"href":"https:\/\/sonnenlust.eu\/fr\/wp-json\/wp\/v2\/types\/page"}],"author":[{"embeddable":true,"href":"https:\/\/sonnenlust.eu\/fr\/wp-json\/wp\/v2\/users\/4"}],"replies":[{"embeddable":true,"href":"https:\/\/sonnenlust.eu\/fr\/wp-json\/wp\/v2\/comments?post=35"}],"version-history":[{"count":129,"href":"https:\/\/sonnenlust.eu\/fr\/wp-json\/wp\/v2\/pages\/35\/revisions"}],"predecessor-version":[{"id":8529,"href":"https:\/\/sonnenlust.eu\/fr\/wp-json\/wp\/v2\/pages\/35\/revisions\/8529"}],"wp:attachment":[{"href":"https:\/\/sonnenlust.eu\/fr\/wp-json\/wp\/v2\/media?parent=35"}],"curies":[{"name":"wp","href":"https:\/\/api.w.org\/{rel}","templated":true}]}}