{"id":1737,"date":"2016-12-20T09:59:43","date_gmt":"2016-12-20T09:59:43","guid":{"rendered":"http:\/\/sonnenlust.eu\/?page_id=1737"},"modified":"2023-12-22T08:07:44","modified_gmt":"2023-12-22T08:07:44","slug":"service-tipps","status":"publish","type":"page","link":"https:\/\/sonnenlust.eu\/fr\/service-tipps\/","title":{"rendered":"Service &#038; Recommandations"},"content":{"rendered":"<h3>BIENVENUE<\/h3>\n<p><strong>Sur cette page, vous apprenez ce que vous attend dans notre appartement de vacances et ce qui est offert dans la regi\u00f3n d&rsquo;Alcal\u00e1:<\/strong><\/p>\n<p><strong>Tout s\u2019est incluse dans le prix de location&nbsp;:<\/strong><\/p>\n<ul>\n<li>Un panier aux fruits et un bouteille d\u00b4eau \u00e1 l\u00b4arriv\u00e9<\/li>\n<li>Free Highspeed-Internet<\/li>\n<li>SAT-t\u00e9l\u00e9vision avec beaucoup des programmes allemands et internationaux<\/li>\n<li>Serviette \u00e9ponge, serviette de plage et serviette pour la douche<\/li>\n<li>Parure de lit<\/li>\n<li>Torchons<\/li>\n<li>S\u00e8che-cheveux<\/li>\n<li>Fer \u00e1 repasser &#038; planche \u00e1 repasser<\/li>\n<li>Un lit pour b\u00e9b\u00e9s<\/li>\n<li>Une chaise haute<\/li>\n<li>Bougies pour un soir romantique<\/li>\n<li>Prise d\u00b4appartement de vacances: Nous vous accueillons personnellement dans les appartements de vacances, mais il est aussi un enregistrement plus tard possible. Nous pouvons vous d\u00e9poser les cl\u00e9s et aussi pr\u00e9parer quelque chose \u00e1 manger et \u00e1 boire.<\/li>\n<li>Il y a un dossier pour les h\u00f4tes avec informations d\u00e9taill\u00e9s. En plus, se trouvent quelques conseils concernant restaurant et boites de nuit.<\/li>\n<li>H\u00f4tes, qui \u00e9taient d\u00e9j\u00e0 notre visiteur, attend un petit vin mousseux et un bon de r\u00e9duction aux prix net. (exclusive la nettoyage final)<\/li>\n<\/ul>\n<p>&nbsp;<\/p>\n<p><strong>Suivantes prestations de services peuvent \u00eatre organis\u00e9 :<\/strong><\/p>\n<ul>\n<li>Transfer \u00e1 l\u2019a\u00e9roport<\/li>\n<li>Nettoyage, si souhait\u00e9e<\/li>\n<li>Location de voitures (\u00e9galement \u00e0 la journ\u00e9e), location de e-mountbikes &#038; e-citybikes, \u00e9quipement de plage &#8211; Erik<\/li>\n<li>Observation durable des baleines\/dauphins, tour en kayak\/plong\u00e9e libre, parapente, safari en jeep\/quad, jet ski et bien plus encore &#8211; Erik +34 604 296 780 (WhatsApp)<\/li>\n<li>Massage : Th\u00e9rapeute, masseur &#038; entra\u00eeneur allemand tr\u00e8s exp\u00e9riment\u00e9. Noun est un expert en mati\u00e8re de tensions, de douleurs dorsales\/nuqueuses et de r\u00e9duction du stress. Il redonne \u00e0 votre corps sa force gr\u00e2ce au Pilates, au yoga ou au qigong. Ses massages classiques et de yoga ayurv\u00e9dique sont uniques sur l&rsquo;\u00eele et sont une combinaison g\u00e9niale de massage profond \u00e0 l&rsquo;huile &#038; \u00e0 la poudre et d&rsquo;\u00e9tirements issus du yoga.<br \/>\n<a href=\"http:\/\/sonnenlust.eu\/wp-content\/uploads\/2023\/12\/Portrait.png\"><img loading=\"lazy\" class=\"alignnone wp-image-8369\" src=\"http:\/\/sonnenlust.eu\/wp-content\/uploads\/2023\/12\/Portrait-150x150.png\" alt=\"\" width=\"150\" height=\"150\" srcset=\"https:\/\/sonnenlust.eu\/wp-content\/uploads\/2023\/12\/Portrait-150x150.png 150w, https:\/\/sonnenlust.eu\/wp-content\/uploads\/2023\/12\/Portrait-300x300.png 300w, https:\/\/sonnenlust.eu\/wp-content\/uploads\/2023\/12\/Portrait-1024x1024.png 1024w, https:\/\/sonnenlust.eu\/wp-content\/uploads\/2023\/12\/Portrait-768x768.png 768w, https:\/\/sonnenlust.eu\/wp-content\/uploads\/2023\/12\/Portrait-1536x1536.png 1536w, https:\/\/sonnenlust.eu\/wp-content\/uploads\/2023\/12\/Portrait-2048x2048.png 2048w, https:\/\/sonnenlust.eu\/wp-content\/uploads\/2023\/12\/Portrait-1140x1140.png 1140w\" sizes=\"(max-width: 150px) 100vw, 150px\" \/><\/a><br \/>\n<a href=\"https:\/\/alegriabynoun.com\/en\/\">https:\/\/alegriabynoun.com\/en\/<\/a><\/li>\n<\/ul>\n<p>&nbsp;<\/p>\n<h4>RECOMMANDATIONS<\/h4>\n<ul>\n<li>\u00c8cole de plong\u00e9e en Alcal\u00e1 &#8211; <a href=\"http:\/\/www.diveria.net\">www.diveria.net<\/a><\/li>\n<li>Centre de plong\u00e9e \u00e1 Playa San Juan <a href=\"https:\/\/www.pamadiving-teneriffa.com\">https:\/\/www.pamadiving-teneriffa.com<\/a><\/li>\n<li>Tennis en Los Gigantes &#8211; Tipsy Terrace<\/li>\n<li>Golf en <a href=\"http:\/\/www.abamahotelresort.com\">www.abamahotelresort.com<\/a> ou en Adeje<\/li>\n<li>Randonne\u00e9 au Teide<\/li>\n<li>Nager, faire du jogging, bronzer, marcher le Long de la cote en Alcal\u00e1<\/li>\n<li>Recommandations personnelles pour les Restaurants peuvent etre trouv\u00e9s dans le dossier d&rsquo;information dans l&rsquo;appartement de vacances<\/li>\n<\/ul>\n<h4>&nbsp;<\/h4>\n<p><strong>CLAUDIA BACHMAYER (et la fille Marie Sophie) &#8211; Votre bailleur<\/strong><\/p>\n<p>Num\u00e9ro de portable \u00e0 l&rsquo;Autriche: +43\/650\/254 63 62, Teneriffa: +34\/622\/51 49 50<\/p>\n<h4>&nbsp;<a href=\"http:\/\/sonnenlust.eu\/wp-content\/uploads\/2016\/12\/MS_Ich-Plakat_web2.jpg\"><img loading=\"lazy\" class=\"alignnone size-medium wp-image-1964\" src=\"http:\/\/sonnenlust.eu\/wp-content\/uploads\/2016\/12\/MS_Ich-Plakat_web2-226x300.jpg\" alt=\"MS_Ich-Plakat_web2\" width=\"226\" height=\"300\" srcset=\"https:\/\/sonnenlust.eu\/wp-content\/uploads\/2016\/12\/MS_Ich-Plakat_web2-226x300.jpg 226w, https:\/\/sonnenlust.eu\/wp-content\/uploads\/2016\/12\/MS_Ich-Plakat_web2-771x1024.jpg 771w, https:\/\/sonnenlust.eu\/wp-content\/uploads\/2016\/12\/MS_Ich-Plakat_web2.jpg 918w\" sizes=\"(max-width: 226px) 100vw, 226px\" \/><\/a><\/h4>\n<h4>&nbsp;<\/h4>\n<h4><strong>&nbsp;<\/strong><\/h4>\n<p>&nbsp;<\/p>\n<p>&nbsp;<\/p>\n","protected":false},"excerpt":{"rendered":"<p>BIENVENUE Sur cette page, vous apprenez ce que vous attend dans notre appartement de vacances et ce qui est offert dans la regi\u00f3n d&rsquo;Alcal\u00e1: Tout s\u2019est incluse dans le prix de location&nbsp;: Un panier aux fruits et un bouteille d\u00b4eau \u00e1 l\u00b4arriv\u00e9 Free Highspeed-Internet SAT-t\u00e9l\u00e9vision avec beaucoup des programmes allemands et internationaux Serviette \u00e9ponge, serviette<span class=\"excerpt-ellipsis\">&#8230;<\/span><\/p>\n<p><a class=\"more-link\" href=\"https:\/\/sonnenlust.eu\/fr\/service-tipps\/\" itemprop=\"url\">Continue Reading<\/a><\/p>\n","protected":false},"author":4,"featured_media":0,"parent":0,"menu_order":0,"comment_status":"closed","ping_status":"closed","template":"","meta":{"ngg_post_thumbnail":0},"yoast_head":"<!-- This site is optimized with the Yoast SEO plugin v18.6 - https:\/\/yoast.com\/wordpress\/plugins\/seo\/ -->\n<title>Ferienapartment Sonnenlust - Service und Tipps in und um Alcal\u00e1<\/title>\n<meta name=\"description\" content=\"Erfahren Sie alles zu unserem Service und Tipps, was Sie in unseren Ferienwohnungen erwartet und was in\/rund um das Fischerdorf Alcal\u00e1 geboten wird.\" \/>\n<meta name=\"robots\" content=\"index, follow, max-snippet:-1, max-image-preview:large, max-video-preview:-1\" \/>\n<link rel=\"canonical\" href=\"https:\/\/sonnenlust.eu\/fr\/service-tipps\/\" \/>\n<meta property=\"og:locale\" content=\"fr_FR\" \/>\n<meta property=\"og:locale:alternate\" content=\"de_DE\" \/>\n<meta property=\"og:locale:alternate\" content=\"en_US\" \/>\n<meta property=\"og:locale:alternate\" content=\"es_ES\" \/>\n<meta property=\"og:locale:alternate\" content=\"it_IT\" \/>\n<meta property=\"og:type\" content=\"article\" \/>\n<meta property=\"og:title\" content=\"Ferienapartment Sonnenlust - Service und Tipps in und um Alcal\u00e1\" \/>\n<meta property=\"og:description\" content=\"Erfahren Sie alles zu unserem Service und Tipps, was Sie in unseren Ferienwohnungen erwartet und was in\/rund um das Fischerdorf Alcal\u00e1 geboten wird.\" \/>\n<meta property=\"og:url\" content=\"https:\/\/sonnenlust.eu\/fr\/service-tipps\/\" \/>\n<meta property=\"og:site_name\" content=\"Appartements de vacances Tenerife \u263c\" \/>\n<meta property=\"article:modified_time\" content=\"2023-12-22T08:07:44+00:00\" \/>\n<meta property=\"og:image\" content=\"http:\/\/sonnenlust.eu\/wp-content\/uploads\/2023\/12\/Portrait-150x150.png\" \/>\n<meta name=\"twitter:card\" content=\"summary_large_image\" \/>\n<meta name=\"twitter:label1\" content=\"Dur\u00e9e de lecture estim\u00e9e\" \/>\n\t<meta name=\"twitter:data1\" content=\"3 minutes\" \/>\n<script type=\"application\/ld+json\" class=\"yoast-schema-graph\">{\"@context\":\"https:\/\/schema.org\",\"@graph\":[{\"@type\":\"WebSite\",\"@id\":\"https:\/\/sonnenlust.eu\/de\/#website\",\"url\":\"https:\/\/sonnenlust.eu\/de\/\",\"name\":\"Appartements de vacances Tenerife \u263c\",\"description\":\"Directement en bord de mer dans les \u00eeles Canaries\",\"potentialAction\":[{\"@type\":\"SearchAction\",\"target\":{\"@type\":\"EntryPoint\",\"urlTemplate\":\"https:\/\/sonnenlust.eu\/de\/?s={search_term_string}\"},\"query-input\":\"required name=search_term_string\"}],\"inLanguage\":\"fr-FR\"},{\"@type\":\"ImageObject\",\"@id\":\"https:\/\/sonnenlust.eu\/it\/service-tipps\/#primaryimage\",\"inLanguage\":\"fr-FR\",\"url\":\"https:\/\/sonnenlust.eu\/wp-content\/uploads\/2023\/12\/Portrait.png\",\"contentUrl\":\"https:\/\/sonnenlust.eu\/wp-content\/uploads\/2023\/12\/Portrait.png\",\"width\":3456,\"height\":3456},{\"@type\":\"WebPage\",\"@id\":\"https:\/\/sonnenlust.eu\/it\/service-tipps\/#webpage\",\"url\":\"https:\/\/sonnenlust.eu\/it\/service-tipps\/\",\"name\":\"Ferienapartment Sonnenlust - Service und Tipps in und um Alcal\u00e1\",\"isPartOf\":{\"@id\":\"https:\/\/sonnenlust.eu\/de\/#website\"},\"primaryImageOfPage\":{\"@id\":\"https:\/\/sonnenlust.eu\/it\/service-tipps\/#primaryimage\"},\"datePublished\":\"2016-12-20T09:59:43+00:00\",\"dateModified\":\"2023-12-22T08:07:44+00:00\",\"description\":\"Erfahren Sie alles zu unserem Service und Tipps, was Sie in unseren Ferienwohnungen erwartet und was in\/rund um das Fischerdorf Alcal\u00e1 geboten wird.\",\"breadcrumb\":{\"@id\":\"https:\/\/sonnenlust.eu\/it\/service-tipps\/#breadcrumb\"},\"inLanguage\":\"fr-FR\",\"potentialAction\":[{\"@type\":\"ReadAction\",\"target\":[\"https:\/\/sonnenlust.eu\/it\/service-tipps\/\"]}]},{\"@type\":\"BreadcrumbList\",\"@id\":\"https:\/\/sonnenlust.eu\/it\/service-tipps\/#breadcrumb\",\"itemListElement\":[{\"@type\":\"ListItem\",\"position\":1,\"name\":\"Startseite\",\"item\":\"https:\/\/sonnenlust.eu\/de\/\"},{\"@type\":\"ListItem\",\"position\":2,\"name\":\"Servizio &#038; Consigli\"}]}]}<\/script>\n<!-- \/ Yoast SEO plugin. -->","yoast_head_json":{"title":"Ferienapartment Sonnenlust - Service und Tipps in und um Alcal\u00e1","description":"Erfahren Sie alles zu unserem Service und Tipps, was Sie in unseren Ferienwohnungen erwartet und was in\/rund um das Fischerdorf Alcal\u00e1 geboten wird.","robots":{"index":"index","follow":"follow","max-snippet":"max-snippet:-1","max-image-preview":"max-image-preview:large","max-video-preview":"max-video-preview:-1"},"canonical":"https:\/\/sonnenlust.eu\/fr\/service-tipps\/","og_locale":"fr_FR","og_type":"article","og_title":"Ferienapartment Sonnenlust - Service und Tipps in und um Alcal\u00e1","og_description":"Erfahren Sie alles zu unserem Service und Tipps, was Sie in unseren Ferienwohnungen erwartet und was in\/rund um das Fischerdorf Alcal\u00e1 geboten wird.","og_url":"https:\/\/sonnenlust.eu\/fr\/service-tipps\/","og_site_name":"Appartements de vacances Tenerife \u263c","article_modified_time":"2023-12-22T08:07:44+00:00","og_image":[{"url":"http:\/\/sonnenlust.eu\/wp-content\/uploads\/2023\/12\/Portrait-150x150.png"}],"twitter_card":"summary_large_image","twitter_misc":{"Dur\u00e9e de lecture estim\u00e9e":"3 minutes"},"schema":{"@context":"https:\/\/schema.org","@graph":[{"@type":"WebSite","@id":"https:\/\/sonnenlust.eu\/de\/#website","url":"https:\/\/sonnenlust.eu\/de\/","name":"Appartements de vacances Tenerife \u263c","description":"Directement en bord de mer dans les \u00eeles Canaries","potentialAction":[{"@type":"SearchAction","target":{"@type":"EntryPoint","urlTemplate":"https:\/\/sonnenlust.eu\/de\/?s={search_term_string}"},"query-input":"required name=search_term_string"}],"inLanguage":"fr-FR"},{"@type":"ImageObject","@id":"https:\/\/sonnenlust.eu\/it\/service-tipps\/#primaryimage","inLanguage":"fr-FR","url":"https:\/\/sonnenlust.eu\/wp-content\/uploads\/2023\/12\/Portrait.png","contentUrl":"https:\/\/sonnenlust.eu\/wp-content\/uploads\/2023\/12\/Portrait.png","width":3456,"height":3456},{"@type":"WebPage","@id":"https:\/\/sonnenlust.eu\/it\/service-tipps\/#webpage","url":"https:\/\/sonnenlust.eu\/it\/service-tipps\/","name":"Ferienapartment Sonnenlust - Service und Tipps in und um Alcal\u00e1","isPartOf":{"@id":"https:\/\/sonnenlust.eu\/de\/#website"},"primaryImageOfPage":{"@id":"https:\/\/sonnenlust.eu\/it\/service-tipps\/#primaryimage"},"datePublished":"2016-12-20T09:59:43+00:00","dateModified":"2023-12-22T08:07:44+00:00","description":"Erfahren Sie alles zu unserem Service und Tipps, was Sie in unseren Ferienwohnungen erwartet und was in\/rund um das Fischerdorf Alcal\u00e1 geboten wird.","breadcrumb":{"@id":"https:\/\/sonnenlust.eu\/it\/service-tipps\/#breadcrumb"},"inLanguage":"fr-FR","potentialAction":[{"@type":"ReadAction","target":["https:\/\/sonnenlust.eu\/it\/service-tipps\/"]}]},{"@type":"BreadcrumbList","@id":"https:\/\/sonnenlust.eu\/it\/service-tipps\/#breadcrumb","itemListElement":[{"@type":"ListItem","position":1,"name":"Startseite","item":"https:\/\/sonnenlust.eu\/de\/"},{"@type":"ListItem","position":2,"name":"Servizio &#038; Consigli"}]}]}},"_links":{"self":[{"href":"https:\/\/sonnenlust.eu\/fr\/wp-json\/wp\/v2\/pages\/1737"}],"collection":[{"href":"https:\/\/sonnenlust.eu\/fr\/wp-json\/wp\/v2\/pages"}],"about":[{"href":"https:\/\/sonnenlust.eu\/fr\/wp-json\/wp\/v2\/types\/page"}],"author":[{"embeddable":true,"href":"https:\/\/sonnenlust.eu\/fr\/wp-json\/wp\/v2\/users\/4"}],"replies":[{"embeddable":true,"href":"https:\/\/sonnenlust.eu\/fr\/wp-json\/wp\/v2\/comments?post=1737"}],"version-history":[{"count":211,"href":"https:\/\/sonnenlust.eu\/fr\/wp-json\/wp\/v2\/pages\/1737\/revisions"}],"predecessor-version":[{"id":8393,"href":"https:\/\/sonnenlust.eu\/fr\/wp-json\/wp\/v2\/pages\/1737\/revisions\/8393"}],"wp:attachment":[{"href":"https:\/\/sonnenlust.eu\/fr\/wp-json\/wp\/v2\/media?parent=1737"}],"curies":[{"name":"wp","href":"https:\/\/api.w.org\/{rel}","templated":true}]}}