{"id":4860,"date":"2022-05-10T14:39:59","date_gmt":"2022-05-10T14:39:59","guid":{"rendered":"https:\/\/sonnenlust.eu\/de\/?page_id=4860"},"modified":"2022-05-10T14:42:16","modified_gmt":"2022-05-10T14:42:16","slug":"mentions-legales","status":"publish","type":"page","link":"https:\/\/sonnenlust.eu\/es\/mentions-legales\/","title":{"rendered":"Aviso legal"},"content":{"rendered":"<p><strong>Sonnenlust SL<br \/>\n<\/strong>Objeto del negocio: Alquiler de apartamentos en Tenerife<br \/>\nRegistro Mercantil de Tenerife, en el Tomo 1670, Libro 0, Folio 142, Hoja TF-18069<\/p>\n<p>CIF: B-38502530<br \/>\nSan Vicente 47 | 38686 Alcal\u00e1 | SPAIN<br \/>\nTel: 0043 650 254 63 62<br \/>\nE-Mail:&nbsp;<a href=\"mailto:claudia.bachmayer@sonnenlust.eu\">claudia.bachmayer@sonnenlust.eu<\/a><\/p>\n","protected":false},"excerpt":{"rendered":"<p>Sonnenlust SL Objeto del negocio: Alquiler de apartamentos en Tenerife Registro Mercantil de Tenerife, en el Tomo 1670, Libro 0, Folio 142, Hoja TF-18069 CIF: B-38502530 San Vicente 47 | 38686 Alcal\u00e1 | SPAIN Tel: 0043 650 254 63 62 E-Mail:&nbsp;claudia.bachmayer@sonnenlust.eu<\/p>\n","protected":false},"author":9,"featured_media":0,"parent":0,"menu_order":0,"comment_status":"closed","ping_status":"closed","template":"","meta":{"ngg_post_thumbnail":0},"yoast_head":"<!-- This site is optimized with the Yoast SEO plugin v18.6 - https:\/\/yoast.com\/wordpress\/plugins\/seo\/ -->\n<title>Aviso legal - Ferienwohnungen Teneriffa am Meer<\/title>\n<meta name=\"description\" content=\"Alcal\u00e1 und Playa de San Juan liegen an der klimatisch bevorzugten S\u00fcdwest-K\u00fcste Teneriffas in Spanien. Ferienunterk\u00fcnfte in au\u00dfergew\u00f6hnlicher Lage mieten!\" \/>\n<meta name=\"robots\" content=\"index, follow, max-snippet:-1, max-image-preview:large, max-video-preview:-1\" \/>\n<link rel=\"canonical\" href=\"https:\/\/sonnenlust.eu\/es\/mentions-legales\/\" \/>\n<meta property=\"og:locale\" content=\"es_ES\" \/>\n<meta property=\"og:locale:alternate\" content=\"de_DE\" \/>\n<meta property=\"og:locale:alternate\" content=\"en_US\" \/>\n<meta property=\"og:locale:alternate\" content=\"fr_FR\" \/>\n<meta property=\"og:locale:alternate\" content=\"it_IT\" \/>\n<meta property=\"og:type\" content=\"article\" \/>\n<meta property=\"og:title\" content=\"Aviso legal\" \/>\n<meta property=\"og:description\" content=\"Alcal\u00e1 und Playa de San Juan liegen an der klimatisch bevorzugten S\u00fcdwest-K\u00fcste Teneriffas in Spanien. Ferienunterk\u00fcnfte in au\u00dfergew\u00f6hnlicher Lage mieten!\" \/>\n<meta property=\"og:url\" content=\"https:\/\/sonnenlust.eu\/es\/mentions-legales\/\" \/>\n<meta property=\"og:site_name\" content=\"Vivienda vacacionales en Tenerife \u263c\" \/>\n<meta property=\"article:modified_time\" content=\"2022-05-10T14:42:16+00:00\" \/>\n<meta name=\"twitter:card\" content=\"summary_large_image\" \/>\n<meta name=\"twitter:label1\" content=\"Tiempo de lectura\" \/>\n\t<meta name=\"twitter:data1\" content=\"1 minuto\" \/>\n<script type=\"application\/ld+json\" class=\"yoast-schema-graph\">{\"@context\":\"https:\/\/schema.org\",\"@graph\":[{\"@type\":\"WebSite\",\"@id\":\"https:\/\/sonnenlust.eu\/de\/#website\",\"url\":\"https:\/\/sonnenlust.eu\/de\/\",\"name\":\"Vivienda vacacionales en Tenerife \u263c\",\"description\":\"Primera linea en las Islas Canarias\",\"potentialAction\":[{\"@type\":\"SearchAction\",\"target\":{\"@type\":\"EntryPoint\",\"urlTemplate\":\"https:\/\/sonnenlust.eu\/de\/?s={search_term_string}\"},\"query-input\":\"required name=search_term_string\"}],\"inLanguage\":\"es-ES\"},{\"@type\":\"WebPage\",\"@id\":\"https:\/\/sonnenlust.eu\/de\/mentions-legales\/#webpage\",\"url\":\"https:\/\/sonnenlust.eu\/de\/mentions-legales\/\",\"name\":\"[:de]Impressum[:en]Imprint[:es]Aviso legal[:fr]Mentions l\u00e9gales[:it]Informazione legale[:] - Ferienwohnungen Teneriffa am Meer\",\"isPartOf\":{\"@id\":\"https:\/\/sonnenlust.eu\/de\/#website\"},\"datePublished\":\"2022-05-10T14:39:59+00:00\",\"dateModified\":\"2022-05-10T14:42:16+00:00\",\"description\":\"Alcal\u00e1 und Playa de San Juan liegen an der klimatisch bevorzugten S\u00fcdwest-K\u00fcste Teneriffas in Spanien. Ferienunterk\u00fcnfte in au\u00dfergew\u00f6hnlicher Lage mieten!\",\"breadcrumb\":{\"@id\":\"https:\/\/sonnenlust.eu\/de\/mentions-legales\/#breadcrumb\"},\"inLanguage\":\"es-ES\",\"potentialAction\":[{\"@type\":\"ReadAction\",\"target\":[\"https:\/\/sonnenlust.eu\/de\/mentions-legales\/\"]}]},{\"@type\":\"BreadcrumbList\",\"@id\":\"https:\/\/sonnenlust.eu\/de\/mentions-legales\/#breadcrumb\",\"itemListElement\":[{\"@type\":\"ListItem\",\"position\":1,\"name\":\"Startseite\",\"item\":\"https:\/\/sonnenlust.eu\/de\/\"},{\"@type\":\"ListItem\",\"position\":2,\"name\":\"Impressum\"}]}]}<\/script>\n<!-- \/ Yoast SEO plugin. -->","yoast_head_json":{"title":"Aviso legal - Ferienwohnungen Teneriffa am Meer","description":"Alcal\u00e1 und Playa de San Juan liegen an der klimatisch bevorzugten S\u00fcdwest-K\u00fcste Teneriffas in Spanien. Ferienunterk\u00fcnfte in au\u00dfergew\u00f6hnlicher Lage mieten!","robots":{"index":"index","follow":"follow","max-snippet":"max-snippet:-1","max-image-preview":"max-image-preview:large","max-video-preview":"max-video-preview:-1"},"canonical":"https:\/\/sonnenlust.eu\/es\/mentions-legales\/","og_locale":"es_ES","og_type":"article","og_title":"[:de]Impressum[:en]Imprint[:es]Aviso legal[:fr]Mentions l\u00e9gales[:it]Informazione legale[:] - Ferienwohnungen Teneriffa am Meer","og_description":"Alcal\u00e1 und Playa de San Juan liegen an der klimatisch bevorzugten S\u00fcdwest-K\u00fcste Teneriffas in Spanien. Ferienunterk\u00fcnfte in au\u00dfergew\u00f6hnlicher Lage mieten!","og_url":"https:\/\/sonnenlust.eu\/es\/mentions-legales\/","og_site_name":"Vivienda vacacionales en Tenerife \u263c","article_modified_time":"2022-05-10T14:42:16+00:00","twitter_card":"summary_large_image","twitter_misc":{"Tiempo de lectura":"1 minuto"},"schema":{"@context":"https:\/\/schema.org","@graph":[{"@type":"WebSite","@id":"https:\/\/sonnenlust.eu\/de\/#website","url":"https:\/\/sonnenlust.eu\/de\/","name":"Vivienda vacacionales en Tenerife \u263c","description":"Primera linea en las Islas Canarias","potentialAction":[{"@type":"SearchAction","target":{"@type":"EntryPoint","urlTemplate":"https:\/\/sonnenlust.eu\/de\/?s={search_term_string}"},"query-input":"required name=search_term_string"}],"inLanguage":"es-ES"},{"@type":"WebPage","@id":"https:\/\/sonnenlust.eu\/de\/mentions-legales\/#webpage","url":"https:\/\/sonnenlust.eu\/de\/mentions-legales\/","name":"[:de]Impressum[:en]Imprint[:es]Aviso legal[:fr]Mentions l\u00e9gales[:it]Informazione legale[:] - Ferienwohnungen Teneriffa am Meer","isPartOf":{"@id":"https:\/\/sonnenlust.eu\/de\/#website"},"datePublished":"2022-05-10T14:39:59+00:00","dateModified":"2022-05-10T14:42:16+00:00","description":"Alcal\u00e1 und Playa de San Juan liegen an der klimatisch bevorzugten S\u00fcdwest-K\u00fcste Teneriffas in Spanien. Ferienunterk\u00fcnfte in au\u00dfergew\u00f6hnlicher Lage mieten!","breadcrumb":{"@id":"https:\/\/sonnenlust.eu\/de\/mentions-legales\/#breadcrumb"},"inLanguage":"es-ES","potentialAction":[{"@type":"ReadAction","target":["https:\/\/sonnenlust.eu\/de\/mentions-legales\/"]}]},{"@type":"BreadcrumbList","@id":"https:\/\/sonnenlust.eu\/de\/mentions-legales\/#breadcrumb","itemListElement":[{"@type":"ListItem","position":1,"name":"Startseite","item":"https:\/\/sonnenlust.eu\/de\/"},{"@type":"ListItem","position":2,"name":"Impressum"}]}]}},"_links":{"self":[{"href":"https:\/\/sonnenlust.eu\/es\/wp-json\/wp\/v2\/pages\/4860"}],"collection":[{"href":"https:\/\/sonnenlust.eu\/es\/wp-json\/wp\/v2\/pages"}],"about":[{"href":"https:\/\/sonnenlust.eu\/es\/wp-json\/wp\/v2\/types\/page"}],"author":[{"embeddable":true,"href":"https:\/\/sonnenlust.eu\/es\/wp-json\/wp\/v2\/users\/9"}],"replies":[{"embeddable":true,"href":"https:\/\/sonnenlust.eu\/es\/wp-json\/wp\/v2\/comments?post=4860"}],"version-history":[{"count":13,"href":"https:\/\/sonnenlust.eu\/es\/wp-json\/wp\/v2\/pages\/4860\/revisions"}],"predecessor-version":[{"id":4875,"href":"https:\/\/sonnenlust.eu\/es\/wp-json\/wp\/v2\/pages\/4860\/revisions\/4875"}],"wp:attachment":[{"href":"https:\/\/sonnenlust.eu\/es\/wp-json\/wp\/v2\/media?parent=4860"}],"curies":[{"name":"wp","href":"https:\/\/api.w.org\/{rel}","templated":true}]}}