{"id":4,"date":"2015-10-08T08:56:10","date_gmt":"2015-10-08T08:56:10","guid":{"rendered":"http:\/\/sonnenlust.eu\/?page_id=4"},"modified":"2026-03-05T09:44:26","modified_gmt":"2026-03-05T09:44:26","slug":"home","status":"publish","type":"page","link":"https:\/\/sonnenlust.eu\/es\/","title":{"rendered":"Vivienda vacacionales en los pueblos de pescadores Alcal\u00e1 y Playa de San Juan en la soleada costa suroeste"},"content":{"rendered":"<p><strong>ALCAL\u00c1 &#8211; <\/strong>nuestros pisos en primera linea ngg_shortcode_0_placeholder<\/p>\nngg_shortcode_1_placeholder\n<p>Nuestros vivienda vacacionales estan en primera linea de playa en Alcal\u00e1, donde hay el mejor clima de la isla. En esta zona costera del oeste hace el sol todo el ano. Especialmente en inverno, el clima es muy agradable y nunca hay menos de 22 grados.<\/p>\n<p>Alcal\u00e1 es un pequeno pueblo sobre el mar con ambiente de un pueblo de pescadores. Las viviendas vacacionales tienen vistas marravillosas, las terrazas estan orientadas al sur. Disponen de Internet de alta velocidad, est\u00e1n totalmente equipadas y se mantienen con mucho cuidado. Calentamos el agua con paneles solares ecol\u00f3gicos situados en el tejado.<\/p>\n<div class=\"apt-list\" style=\"background-color: #e5e5e5; padding: 10px; padding-top: 3px;\">\n<h5>Sonnenlust VIVIENDAS VACACIONALES<\/h5>\n<ul>\n<li><a href=\"http:\/\/sonnenlust.eu\/es\/sonnenlust-apartments\/apartment-alegria\/\">Alegria<\/a>: hasta 3 personas, terraza al mar, 1 dormitorio, desde \u20ac 65,-\/dia<\/li>\n<li><a href=\"http:\/\/sonnenlust.eu\/es\/sonnenlust-apartments\/apartment-estrella\/\">Estrella<\/a>: hasta 4 personas, 2 terrazas al mar, 1 dormitorio, 2 camas individuales, desde \u20ac 85,-\/dia<\/li>\n<li><a href=\"http:\/\/sonnenlust.eu\/es\/sonnenlust-apartments\/apartment-vicente\/\">San Vicente<\/a>: hasta 4 personas, patio con tumbonas, 2 dormitorios, desde \u20ac 85,-\/dia<\/li>\n<li><a href=\"http:\/\/sonnenlust.eu\/es\/sonnenlust-apartments\/casa-maresia\/\">Maresia<\/a>: hasta 6 personas, terraza con vistas al mar y patio, 3 dormitorios, desde \u20ac 102,-\/dia&nbsp;<\/li>\n<li><a href=\"http:\/\/sonnenlust.eu\/es\/sonnenlust-apartments\/harmonia\/\">Harmonia:<\/a> hasta 6 personas, terraza con vistas al mar, 3 dormitorios, desde \u20ac 102,-\/dia<\/li>\n<li><a href=\"https:\/\/sonnenlust.eu\/es\/sonnenlust-apartments\/panorama-casita-am-dach\/\">Panorama<\/a>: hasta 4 personas, terraza con vistas al mar, 2 dormitorios, desde \u20ac 105,-\/dia<\/li>\n<li><a href=\"https:\/\/sonnenlust.eu\/es\/sonnenlust-apartments\/harmonia-casita-am-dach\/\">Casita<\/a>: hasta 2 personas, terraza al mar, desde \u20ac 60,-\/dia<\/li>\n<\/ul>\n<p>&nbsp;&nbsp;&nbsp;&nbsp;&nbsp;&nbsp;&nbsp; Claudia Bachmayer (<a href=\"https:\/\/sonnenlust.eu\/es\/kontakt-buchung\/\">Contacto &#038; Reserva<\/a>)<\/p>\n<\/div>\n<p>Para mas informacion sobre <a href=\"http:\/\/sonnenlust.eu\/es\/availability-calendar-rates\/\">disponibilidad y precios<\/a> vaya a las paginas respectivas por favor.<\/p>\n<p>Su arrendataria:<\/p>\n<p><a href=\"http:\/\/sonnenlust.eu\/wp-content\/uploads\/2022\/05\/al-bano-spanisch.png\"><img loading=\"lazy\" class=\"alignnone wp-image-4849 size-full\" src=\"http:\/\/sonnenlust.eu\/wp-content\/uploads\/2022\/05\/al-bano-spanisch.png\" alt=\"\" width=\"1024\" height=\"508\" srcset=\"https:\/\/sonnenlust.eu\/wp-content\/uploads\/2022\/05\/al-bano-spanisch.png 1024w, https:\/\/sonnenlust.eu\/wp-content\/uploads\/2022\/05\/al-bano-spanisch-300x149.png 300w, https:\/\/sonnenlust.eu\/wp-content\/uploads\/2022\/05\/al-bano-spanisch-768x381.png 768w\" sizes=\"(max-width: 1024px) 100vw, 1024px\" \/><\/a><\/p>\n","protected":false},"excerpt":{"rendered":"<p>ALCAL\u00c1 &#8211; nuestros pisos en primera linea Nuestros vivienda vacacionales estan en primera linea de playa en Alcal\u00e1, donde hay el mejor clima de la isla. En esta zona costera del oeste hace el sol todo el ano. Especialmente en inverno, el clima es muy agradable y nunca hay menos de 22 grados. Alcal\u00e1 es<span class=\"excerpt-ellipsis\">&#8230;<\/span><\/p>\n<p><a class=\"more-link\" href=\"https:\/\/sonnenlust.eu\/es\/\" itemprop=\"url\">Continue Reading<\/a><\/p>\n","protected":false},"author":4,"featured_media":0,"parent":0,"menu_order":0,"comment_status":"closed","ping_status":"closed","template":"","meta":{"ngg_post_thumbnail":0},"yoast_head":"<!-- This site is optimized with the Yoast SEO plugin v18.6 - https:\/\/yoast.com\/wordpress\/plugins\/seo\/ -->\n<title>Sonnenlust Ferienwohnungen auf Teneriffa -  - apartments directly located on the sea[:]<\/title>\n<meta name=\"description\" content=\"Urlaub in Alcal\u00e1 ab EUR 55 \/ Tag. 15% Rabatt auf jeden Aufenthalt bis Ende Oktober in den privaten Ferienwohnungen. Langzeitmiete m\u00f6glich.\" \/>\n<meta name=\"robots\" content=\"index, follow, max-snippet:-1, max-image-preview:large, max-video-preview:-1\" \/>\n<link rel=\"canonical\" href=\"https:\/\/sonnenlust.eu\/es\/\" \/>\n<meta property=\"og:locale\" content=\"es_ES\" \/>\n<meta property=\"og:locale:alternate\" content=\"de_DE\" \/>\n<meta property=\"og:locale:alternate\" content=\"en_US\" \/>\n<meta property=\"og:locale:alternate\" content=\"fr_FR\" \/>\n<meta property=\"og:locale:alternate\" content=\"it_IT\" \/>\n<meta property=\"og:type\" content=\"article\" \/>\n<meta property=\"og:title\" content=\"Sonnenlust Ferienwohnungen auf Teneriffa - Direkt am Meer\" \/>\n<meta property=\"og:description\" content=\"Urlaub in Alcal\u00e1 ab EUR 55 \/ Tag. 15% Rabatt auf jeden Aufenthalt bis Ende Oktober in den privaten Ferienwohnungen. Langzeitmiete m\u00f6glich.\" \/>\n<meta property=\"og:url\" content=\"https:\/\/sonnenlust.eu\/es\/\" \/>\n<meta property=\"og:site_name\" content=\"Vivienda vacacionales en Tenerife \u263c\" \/>\n<meta property=\"article:modified_time\" content=\"2026-03-05T09:44:26+00:00\" \/>\n<meta property=\"og:image\" content=\"http:\/\/sonnenlust.eu\/wp-content\/uploads\/2022\/05\/al-bano-deutsch-1.png\" \/>\n<meta name=\"twitter:card\" content=\"summary_large_image\" \/>\n<meta name=\"twitter:label1\" content=\"Tiempo de lectura\" \/>\n\t<meta name=\"twitter:data1\" content=\"2 minutos\" \/>\n<script type=\"application\/ld+json\" class=\"yoast-schema-graph\">{\"@context\":\"https:\/\/schema.org\",\"@graph\":[{\"@type\":\"WebSite\",\"@id\":\"https:\/\/sonnenlust.eu\/de\/#website\",\"url\":\"https:\/\/sonnenlust.eu\/de\/\",\"name\":\"Vivienda vacacionales en Tenerife \u263c\",\"description\":\"Primera linea en las Islas Canarias\",\"potentialAction\":[{\"@type\":\"SearchAction\",\"target\":{\"@type\":\"EntryPoint\",\"urlTemplate\":\"https:\/\/sonnenlust.eu\/de\/?s={search_term_string}\"},\"query-input\":\"required name=search_term_string\"}],\"inLanguage\":\"es-ES\"},{\"@type\":\"ImageObject\",\"@id\":\"https:\/\/sonnenlust.eu\/de\/#primaryimage\",\"inLanguage\":\"es-ES\",\"url\":\"https:\/\/sonnenlust.eu\/wp-content\/uploads\/2022\/05\/al-bano-deutsch-1.png\",\"contentUrl\":\"https:\/\/sonnenlust.eu\/wp-content\/uploads\/2022\/05\/al-bano-deutsch-1.png\",\"width\":1024,\"height\":508},{\"@type\":\"WebPage\",\"@id\":\"https:\/\/sonnenlust.eu\/de\/#webpage\",\"url\":\"https:\/\/sonnenlust.eu\/de\/\",\"name\":\"[:de]Sonnenlust Ferienwohnungen auf Teneriffa - Direkt am Meer[:en]Vacation on Tenerife - apartments directly located on the sea[:]\",\"isPartOf\":{\"@id\":\"https:\/\/sonnenlust.eu\/de\/#website\"},\"primaryImageOfPage\":{\"@id\":\"https:\/\/sonnenlust.eu\/de\/#primaryimage\"},\"datePublished\":\"2015-10-08T08:56:10+00:00\",\"dateModified\":\"2026-03-05T09:44:26+00:00\",\"description\":\"[:de]Urlaub in Alcal\u00e1 ab EUR 55 \/ Tag. 15% Rabatt auf jeden Aufenthalt bis Ende Oktober in den privaten Ferienwohnungen. Langzeitmiete m\u00f6glich.[:en]Vacation in Alcal\u00e1 from EUR 55 \/ day. 15% off until the end of October in private holiday apartments. Long term rental is also possible.[:]\",\"breadcrumb\":{\"@id\":\"https:\/\/sonnenlust.eu\/de\/#breadcrumb\"},\"inLanguage\":\"es-ES\",\"potentialAction\":[{\"@type\":\"ReadAction\",\"target\":[\"https:\/\/sonnenlust.eu\/de\/\"]}]},{\"@type\":\"BreadcrumbList\",\"@id\":\"https:\/\/sonnenlust.eu\/de\/#breadcrumb\",\"itemListElement\":[{\"@type\":\"ListItem\",\"position\":1,\"name\":\"Startseite\",\"item\":\"https:\/\/sonnenlust.eu\/de\/\"},{\"@type\":\"ListItem\",\"position\":2,\"name\":\"Ferienwohnungen in den Fischerd\u00f6rfern Alcal\u00e1 &#038; Playa de San Juan an der sonnigen S\u00fcdwestk\u00fcste\"}]}]}<\/script>\n<!-- \/ Yoast SEO plugin. -->","yoast_head_json":{"title":"Sonnenlust Ferienwohnungen auf Teneriffa -  - apartments directly located on the sea[:]","description":"Urlaub in Alcal\u00e1 ab EUR 55 \/ Tag. 15% Rabatt auf jeden Aufenthalt bis Ende Oktober in den privaten Ferienwohnungen. Langzeitmiete m\u00f6glich.","robots":{"index":"index","follow":"follow","max-snippet":"max-snippet:-1","max-image-preview":"max-image-preview:large","max-video-preview":"max-video-preview:-1"},"canonical":"https:\/\/sonnenlust.eu\/es\/","og_locale":"es_ES","og_type":"article","og_title":"[:de]Sonnenlust Ferienwohnungen auf Teneriffa - Direkt am Meer[:en]Vacation on Tenerife - apartments directly located on the sea[:]","og_description":"[:de]Urlaub in Alcal\u00e1 ab EUR 55 \/ Tag. 15% Rabatt auf jeden Aufenthalt bis Ende Oktober in den privaten Ferienwohnungen. Langzeitmiete m\u00f6glich.[:en]Vacation in Alcal\u00e1 from EUR 55 \/ day. 15% off until the end of October in private holiday apartments. Long term rental is also possible.[:]","og_url":"https:\/\/sonnenlust.eu\/es\/","og_site_name":"Vivienda vacacionales en Tenerife \u263c","article_modified_time":"2026-03-05T09:44:26+00:00","og_image":[{"url":"http:\/\/sonnenlust.eu\/wp-content\/uploads\/2022\/05\/al-bano-deutsch-1.png"}],"twitter_card":"summary_large_image","twitter_misc":{"Tiempo de lectura":"2 minutos"},"schema":{"@context":"https:\/\/schema.org","@graph":[{"@type":"WebSite","@id":"https:\/\/sonnenlust.eu\/de\/#website","url":"https:\/\/sonnenlust.eu\/de\/","name":"Vivienda vacacionales en Tenerife \u263c","description":"Primera linea en las Islas Canarias","potentialAction":[{"@type":"SearchAction","target":{"@type":"EntryPoint","urlTemplate":"https:\/\/sonnenlust.eu\/de\/?s={search_term_string}"},"query-input":"required name=search_term_string"}],"inLanguage":"es-ES"},{"@type":"ImageObject","@id":"https:\/\/sonnenlust.eu\/de\/#primaryimage","inLanguage":"es-ES","url":"https:\/\/sonnenlust.eu\/wp-content\/uploads\/2022\/05\/al-bano-deutsch-1.png","contentUrl":"https:\/\/sonnenlust.eu\/wp-content\/uploads\/2022\/05\/al-bano-deutsch-1.png","width":1024,"height":508},{"@type":"WebPage","@id":"https:\/\/sonnenlust.eu\/de\/#webpage","url":"https:\/\/sonnenlust.eu\/de\/","name":"[:de]Sonnenlust Ferienwohnungen auf Teneriffa - Direkt am Meer[:en]Vacation on Tenerife - apartments directly located on the sea[:]","isPartOf":{"@id":"https:\/\/sonnenlust.eu\/de\/#website"},"primaryImageOfPage":{"@id":"https:\/\/sonnenlust.eu\/de\/#primaryimage"},"datePublished":"2015-10-08T08:56:10+00:00","dateModified":"2026-03-05T09:44:26+00:00","description":"[:de]Urlaub in Alcal\u00e1 ab EUR 55 \/ Tag. 15% Rabatt auf jeden Aufenthalt bis Ende Oktober in den privaten Ferienwohnungen. Langzeitmiete m\u00f6glich.[:en]Vacation in Alcal\u00e1 from EUR 55 \/ day. 15% off until the end of October in private holiday apartments. Long term rental is also possible.[:]","breadcrumb":{"@id":"https:\/\/sonnenlust.eu\/de\/#breadcrumb"},"inLanguage":"es-ES","potentialAction":[{"@type":"ReadAction","target":["https:\/\/sonnenlust.eu\/de\/"]}]},{"@type":"BreadcrumbList","@id":"https:\/\/sonnenlust.eu\/de\/#breadcrumb","itemListElement":[{"@type":"ListItem","position":1,"name":"Startseite","item":"https:\/\/sonnenlust.eu\/de\/"},{"@type":"ListItem","position":2,"name":"Ferienwohnungen in den Fischerd\u00f6rfern Alcal\u00e1 &#038; Playa de San Juan an der sonnigen S\u00fcdwestk\u00fcste"}]}]}},"_links":{"self":[{"href":"https:\/\/sonnenlust.eu\/es\/wp-json\/wp\/v2\/pages\/4"}],"collection":[{"href":"https:\/\/sonnenlust.eu\/es\/wp-json\/wp\/v2\/pages"}],"about":[{"href":"https:\/\/sonnenlust.eu\/es\/wp-json\/wp\/v2\/types\/page"}],"author":[{"embeddable":true,"href":"https:\/\/sonnenlust.eu\/es\/wp-json\/wp\/v2\/users\/4"}],"replies":[{"embeddable":true,"href":"https:\/\/sonnenlust.eu\/es\/wp-json\/wp\/v2\/comments?post=4"}],"version-history":[{"count":345,"href":"https:\/\/sonnenlust.eu\/es\/wp-json\/wp\/v2\/pages\/4\/revisions"}],"predecessor-version":[{"id":10079,"href":"https:\/\/sonnenlust.eu\/es\/wp-json\/wp\/v2\/pages\/4\/revisions\/10079"}],"wp:attachment":[{"href":"https:\/\/sonnenlust.eu\/es\/wp-json\/wp\/v2\/media?parent=4"}],"curies":[{"name":"wp","href":"https:\/\/api.w.org\/{rel}","templated":true}]}}