{"id":1737,"date":"2016-12-20T09:59:43","date_gmt":"2016-12-20T09:59:43","guid":{"rendered":"http:\/\/sonnenlust.eu\/?page_id=1737"},"modified":"2023-12-22T08:07:44","modified_gmt":"2023-12-22T08:07:44","slug":"service-tipps","status":"publish","type":"page","link":"https:\/\/sonnenlust.eu\/es\/service-tipps\/","title":{"rendered":"Qu\u00e9 ofrecemos &#038; recomendaci\u00f3nes"},"content":{"rendered":"<h4>BIENVENIDA!<\/h4>\n<p>Est\u00e1 incluido en el precio de alquiler:<\/p>\n<ul>\n<li>Cesta de frutas y aqua<\/li>\n<li>Highspeed-Internet gratis<\/li>\n<li>SAT-TV con muchas canales internacionales<\/li>\n<li>Varias toallas de mano, de bano, de playa<\/li>\n<li>Ropa de cama<\/li>\n<li>Pano de cocina<\/li>\n<li>Secador de pelo<\/li>\n<li>Tabla de planchar, plancha<\/li>\n<li>Trona y cuna<\/li>\n<li>Velas para una noche romantica<\/li>\n<li>Mapa de huespedes con informacion detallada y consejos de comedor<\/li>\n<li>Le damos la bienvenuda personalmente a las viviendas vacacionales\/la casa.<\/li>\n<li>Late-Check in tambien es posible. Le proporcionamos las llaves y podemos preparar comida y snacks.<\/li>\n<li>Huespedes, que ya han estado con nosotros, obtienen un descuento del 10% del alquiler<\/li>\n<\/ul>\n<p>&nbsp;<\/p>\n<p><strong>Se puede organizar lo siguente:<\/strong><\/p>\n<ul>\n<li>Traslado al aeropuerto<\/li>\n<li>Limpieza adicional<\/li>\n<li>Alquiler de coches (tambi\u00e9n por d\u00edas), alquiler de bicicletas e-mountain y e-city, equipamiento de playa &#8211; Erik<\/li>\n<li>Avistamiento sostenible de ballenas\/delfines, excursi\u00f3n en kayak\/snorkel, parapente, safari en jeep\/quad, moto acu\u00e1tica y mucho m\u00e1s &#8211; Erik +34 604 296 780 (WhatsApp)<\/li>\n<li>Masaje: Alemana, muy experimentada terapeuta, masajista y formadora. Noun es un experto en tensi\u00f3n, dolor de espalda\/cuello y alivio del estr\u00e9s, devuelve a tu cuerpo su fuerza a trav\u00e9s de Pilates, Yoga o Qigong. Sus masajes de yoga cl\u00e1sico y ayurv\u00e9dico son \u00fanicos en la isla y una ingeniosa combinaci\u00f3n de masaje profundo con aceite y polvo y estiramientos de yoga.<br \/>\n<a href=\"http:\/\/sonnenlust.eu\/wp-content\/uploads\/2023\/12\/Portrait.png\"><img loading=\"lazy\" class=\"alignnone wp-image-8369\" src=\"http:\/\/sonnenlust.eu\/wp-content\/uploads\/2023\/12\/Portrait-150x150.png\" alt=\"\" width=\"150\" height=\"150\" srcset=\"https:\/\/sonnenlust.eu\/wp-content\/uploads\/2023\/12\/Portrait-150x150.png 150w, https:\/\/sonnenlust.eu\/wp-content\/uploads\/2023\/12\/Portrait-300x300.png 300w, https:\/\/sonnenlust.eu\/wp-content\/uploads\/2023\/12\/Portrait-1024x1024.png 1024w, https:\/\/sonnenlust.eu\/wp-content\/uploads\/2023\/12\/Portrait-768x768.png 768w, https:\/\/sonnenlust.eu\/wp-content\/uploads\/2023\/12\/Portrait-1536x1536.png 1536w, https:\/\/sonnenlust.eu\/wp-content\/uploads\/2023\/12\/Portrait-2048x2048.png 2048w, https:\/\/sonnenlust.eu\/wp-content\/uploads\/2023\/12\/Portrait-1140x1140.png 1140w\" sizes=\"(max-width: 150px) 100vw, 150px\" \/><\/a><br \/>\n<a href=\"https:\/\/alegriabynoun.com\/es\/\">https:\/\/alegriabynoun.com\/es\/<\/a><\/li>\n<\/ul>\n<p>&nbsp;<\/p>\n<h3>ACTIVIDADES DE OCIO EN ALCAL\u00c1 Y MEDIO AMBIENTE:<\/h3>\n<ul>\n<li>Hacer footing, caminar por el Paseo Mar\u00edtimo a lo largo del mar en Alcal\u00e1 hasta los pueblos vecinos<\/li>\n<li>Tomar el sol, ba\u00f1arse &#8211; en Alcal\u00e1, varias playas y un gran muro de ba\u00f1o<\/li>\n<li>Gran pista de baloncesto\/voleibol y parque infantil<\/li>\n<li>Moderno equipamiento de fitness de libre acceso<\/li>\n<li>Buceo en Alcal\u00e1 \u2013 <a href=\"http:\/\/www.diveria.net\">www.diveria.net<\/a><\/li>\n<li>Centro de buceo en Playa San Juan: <a href=\"https:\/\/www.pamadiving-teneriffa.com\">https:\/\/www.pamadiving-teneriffa.com<\/a><\/li>\n<li>Pistas de tenis (tambi\u00e9n para reservar con un entrenador) en Los Gigantes &#8211; Tipsy Terrace<\/li>\n<li>Golf en Hotel Abama: <a href=\"http:\/\/www.abamahotelresort.com\">www.abamahotelresort.com<\/a> or in Adeje<\/li>\n<li>Senderismo en el \u00abpaisaje lunar\u00bb del Teide, la monta\u00f1a m\u00e1s alta de Espa\u00f1a<\/li>\n<li>Recomendaciones personales detalladas de restaurantes en nuestro mapa de hu\u00e9spedes en el apartamento\/casa de vacaciones<\/li>\n<\/ul>\n<p>&nbsp;<\/p>\n<p><strong>CLAUDIA BACHMAYER (y hija Marie Sophie) &#8211; la propietaria<br \/>\n<\/strong><\/p>\n<p>Movil Austria: 0043\/650\/254 63 62, movil Tenerife: 0034\/622\/51 49 50<\/p>\n<p><img loading=\"lazy\" class=\"alignnone wp-image-1964\" src=\"http:\/\/sonnenlust.eu\/wp-content\/uploads\/2016\/12\/MS_Ich-Plakat_web2-771x1024.jpg\" alt=\"MS_Ich-Plakat_web2\" width=\"255\" height=\"338\" srcset=\"https:\/\/sonnenlust.eu\/wp-content\/uploads\/2016\/12\/MS_Ich-Plakat_web2-771x1024.jpg 771w, https:\/\/sonnenlust.eu\/wp-content\/uploads\/2016\/12\/MS_Ich-Plakat_web2-226x300.jpg 226w, https:\/\/sonnenlust.eu\/wp-content\/uploads\/2016\/12\/MS_Ich-Plakat_web2.jpg 918w\" sizes=\"(max-width: 255px) 100vw, 255px\" \/><\/p>\n<p>&nbsp;<\/p>\n<p>&nbsp;<\/p>\n<p>&nbsp;<\/p>\n","protected":false},"excerpt":{"rendered":"<p>BIENVENIDA! Est\u00e1 incluido en el precio de alquiler: Cesta de frutas y aqua Highspeed-Internet gratis SAT-TV con muchas canales internacionales Varias toallas de mano, de bano, de playa Ropa de cama Pano de cocina Secador de pelo Tabla de planchar, plancha Trona y cuna Velas para una noche romantica Mapa de huespedes con informacion detallada<span class=\"excerpt-ellipsis\">&#8230;<\/span><\/p>\n<p><a class=\"more-link\" href=\"https:\/\/sonnenlust.eu\/es\/service-tipps\/\" itemprop=\"url\">Continue Reading<\/a><\/p>\n","protected":false},"author":4,"featured_media":0,"parent":0,"menu_order":0,"comment_status":"closed","ping_status":"closed","template":"","meta":{"ngg_post_thumbnail":0},"yoast_head":"<!-- This site is optimized with the Yoast SEO plugin v18.6 - https:\/\/yoast.com\/wordpress\/plugins\/seo\/ -->\n<title>Ferienapartment Sonnenlust - Service und Tipps in und um Alcal\u00e1<\/title>\n<meta name=\"description\" content=\"Erfahren Sie alles zu unserem Service und Tipps, was Sie in unseren Ferienwohnungen erwartet und was in\/rund um das Fischerdorf Alcal\u00e1 geboten wird.\" \/>\n<meta name=\"robots\" content=\"index, follow, max-snippet:-1, max-image-preview:large, max-video-preview:-1\" \/>\n<link rel=\"canonical\" href=\"https:\/\/sonnenlust.eu\/es\/service-tipps\/\" \/>\n<meta property=\"og:locale\" content=\"es_ES\" \/>\n<meta property=\"og:locale:alternate\" content=\"de_DE\" \/>\n<meta property=\"og:locale:alternate\" content=\"en_US\" \/>\n<meta property=\"og:locale:alternate\" content=\"fr_FR\" \/>\n<meta property=\"og:locale:alternate\" content=\"it_IT\" \/>\n<meta property=\"og:type\" content=\"article\" \/>\n<meta property=\"og:title\" content=\"Ferienapartment Sonnenlust - Service und Tipps in und um Alcal\u00e1\" \/>\n<meta property=\"og:description\" content=\"Erfahren Sie alles zu unserem Service und Tipps, was Sie in unseren Ferienwohnungen erwartet und was in\/rund um das Fischerdorf Alcal\u00e1 geboten wird.\" \/>\n<meta property=\"og:url\" content=\"https:\/\/sonnenlust.eu\/es\/service-tipps\/\" \/>\n<meta property=\"og:site_name\" content=\"Vivienda vacacionales en Tenerife \u263c\" \/>\n<meta property=\"article:modified_time\" content=\"2023-12-22T08:07:44+00:00\" \/>\n<meta property=\"og:image\" content=\"http:\/\/sonnenlust.eu\/wp-content\/uploads\/2023\/12\/Portrait-150x150.png\" \/>\n<meta name=\"twitter:card\" content=\"summary_large_image\" \/>\n<meta name=\"twitter:label1\" content=\"Tiempo de lectura\" \/>\n\t<meta name=\"twitter:data1\" content=\"3 minutos\" \/>\n<script type=\"application\/ld+json\" class=\"yoast-schema-graph\">{\"@context\":\"https:\/\/schema.org\",\"@graph\":[{\"@type\":\"WebSite\",\"@id\":\"https:\/\/sonnenlust.eu\/de\/#website\",\"url\":\"https:\/\/sonnenlust.eu\/de\/\",\"name\":\"Vivienda vacacionales en Tenerife \u263c\",\"description\":\"Primera linea en las Islas Canarias\",\"potentialAction\":[{\"@type\":\"SearchAction\",\"target\":{\"@type\":\"EntryPoint\",\"urlTemplate\":\"https:\/\/sonnenlust.eu\/de\/?s={search_term_string}\"},\"query-input\":\"required name=search_term_string\"}],\"inLanguage\":\"es-ES\"},{\"@type\":\"ImageObject\",\"@id\":\"https:\/\/sonnenlust.eu\/it\/service-tipps\/#primaryimage\",\"inLanguage\":\"es-ES\",\"url\":\"https:\/\/sonnenlust.eu\/wp-content\/uploads\/2023\/12\/Portrait.png\",\"contentUrl\":\"https:\/\/sonnenlust.eu\/wp-content\/uploads\/2023\/12\/Portrait.png\",\"width\":3456,\"height\":3456},{\"@type\":\"WebPage\",\"@id\":\"https:\/\/sonnenlust.eu\/it\/service-tipps\/#webpage\",\"url\":\"https:\/\/sonnenlust.eu\/it\/service-tipps\/\",\"name\":\"Ferienapartment Sonnenlust - Service und Tipps in und um Alcal\u00e1\",\"isPartOf\":{\"@id\":\"https:\/\/sonnenlust.eu\/de\/#website\"},\"primaryImageOfPage\":{\"@id\":\"https:\/\/sonnenlust.eu\/it\/service-tipps\/#primaryimage\"},\"datePublished\":\"2016-12-20T09:59:43+00:00\",\"dateModified\":\"2023-12-22T08:07:44+00:00\",\"description\":\"Erfahren Sie alles zu unserem Service und Tipps, was Sie in unseren Ferienwohnungen erwartet und was in\/rund um das Fischerdorf Alcal\u00e1 geboten wird.\",\"breadcrumb\":{\"@id\":\"https:\/\/sonnenlust.eu\/it\/service-tipps\/#breadcrumb\"},\"inLanguage\":\"es-ES\",\"potentialAction\":[{\"@type\":\"ReadAction\",\"target\":[\"https:\/\/sonnenlust.eu\/it\/service-tipps\/\"]}]},{\"@type\":\"BreadcrumbList\",\"@id\":\"https:\/\/sonnenlust.eu\/it\/service-tipps\/#breadcrumb\",\"itemListElement\":[{\"@type\":\"ListItem\",\"position\":1,\"name\":\"Startseite\",\"item\":\"https:\/\/sonnenlust.eu\/de\/\"},{\"@type\":\"ListItem\",\"position\":2,\"name\":\"Servizio &#038; Consigli\"}]}]}<\/script>\n<!-- \/ Yoast SEO plugin. -->","yoast_head_json":{"title":"Ferienapartment Sonnenlust - Service und Tipps in und um Alcal\u00e1","description":"Erfahren Sie alles zu unserem Service und Tipps, was Sie in unseren Ferienwohnungen erwartet und was in\/rund um das Fischerdorf Alcal\u00e1 geboten wird.","robots":{"index":"index","follow":"follow","max-snippet":"max-snippet:-1","max-image-preview":"max-image-preview:large","max-video-preview":"max-video-preview:-1"},"canonical":"https:\/\/sonnenlust.eu\/es\/service-tipps\/","og_locale":"es_ES","og_type":"article","og_title":"Ferienapartment Sonnenlust - Service und Tipps in und um Alcal\u00e1","og_description":"Erfahren Sie alles zu unserem Service und Tipps, was Sie in unseren Ferienwohnungen erwartet und was in\/rund um das Fischerdorf Alcal\u00e1 geboten wird.","og_url":"https:\/\/sonnenlust.eu\/es\/service-tipps\/","og_site_name":"Vivienda vacacionales en Tenerife \u263c","article_modified_time":"2023-12-22T08:07:44+00:00","og_image":[{"url":"http:\/\/sonnenlust.eu\/wp-content\/uploads\/2023\/12\/Portrait-150x150.png"}],"twitter_card":"summary_large_image","twitter_misc":{"Tiempo de lectura":"3 minutos"},"schema":{"@context":"https:\/\/schema.org","@graph":[{"@type":"WebSite","@id":"https:\/\/sonnenlust.eu\/de\/#website","url":"https:\/\/sonnenlust.eu\/de\/","name":"Vivienda vacacionales en Tenerife \u263c","description":"Primera linea en las Islas Canarias","potentialAction":[{"@type":"SearchAction","target":{"@type":"EntryPoint","urlTemplate":"https:\/\/sonnenlust.eu\/de\/?s={search_term_string}"},"query-input":"required name=search_term_string"}],"inLanguage":"es-ES"},{"@type":"ImageObject","@id":"https:\/\/sonnenlust.eu\/it\/service-tipps\/#primaryimage","inLanguage":"es-ES","url":"https:\/\/sonnenlust.eu\/wp-content\/uploads\/2023\/12\/Portrait.png","contentUrl":"https:\/\/sonnenlust.eu\/wp-content\/uploads\/2023\/12\/Portrait.png","width":3456,"height":3456},{"@type":"WebPage","@id":"https:\/\/sonnenlust.eu\/it\/service-tipps\/#webpage","url":"https:\/\/sonnenlust.eu\/it\/service-tipps\/","name":"Ferienapartment Sonnenlust - Service und Tipps in und um Alcal\u00e1","isPartOf":{"@id":"https:\/\/sonnenlust.eu\/de\/#website"},"primaryImageOfPage":{"@id":"https:\/\/sonnenlust.eu\/it\/service-tipps\/#primaryimage"},"datePublished":"2016-12-20T09:59:43+00:00","dateModified":"2023-12-22T08:07:44+00:00","description":"Erfahren Sie alles zu unserem Service und Tipps, was Sie in unseren Ferienwohnungen erwartet und was in\/rund um das Fischerdorf Alcal\u00e1 geboten wird.","breadcrumb":{"@id":"https:\/\/sonnenlust.eu\/it\/service-tipps\/#breadcrumb"},"inLanguage":"es-ES","potentialAction":[{"@type":"ReadAction","target":["https:\/\/sonnenlust.eu\/it\/service-tipps\/"]}]},{"@type":"BreadcrumbList","@id":"https:\/\/sonnenlust.eu\/it\/service-tipps\/#breadcrumb","itemListElement":[{"@type":"ListItem","position":1,"name":"Startseite","item":"https:\/\/sonnenlust.eu\/de\/"},{"@type":"ListItem","position":2,"name":"Servizio &#038; Consigli"}]}]}},"_links":{"self":[{"href":"https:\/\/sonnenlust.eu\/es\/wp-json\/wp\/v2\/pages\/1737"}],"collection":[{"href":"https:\/\/sonnenlust.eu\/es\/wp-json\/wp\/v2\/pages"}],"about":[{"href":"https:\/\/sonnenlust.eu\/es\/wp-json\/wp\/v2\/types\/page"}],"author":[{"embeddable":true,"href":"https:\/\/sonnenlust.eu\/es\/wp-json\/wp\/v2\/users\/4"}],"replies":[{"embeddable":true,"href":"https:\/\/sonnenlust.eu\/es\/wp-json\/wp\/v2\/comments?post=1737"}],"version-history":[{"count":211,"href":"https:\/\/sonnenlust.eu\/es\/wp-json\/wp\/v2\/pages\/1737\/revisions"}],"predecessor-version":[{"id":8393,"href":"https:\/\/sonnenlust.eu\/es\/wp-json\/wp\/v2\/pages\/1737\/revisions\/8393"}],"wp:attachment":[{"href":"https:\/\/sonnenlust.eu\/es\/wp-json\/wp\/v2\/media?parent=1737"}],"curies":[{"name":"wp","href":"https:\/\/api.w.org\/{rel}","templated":true}]}}