{"id":4,"date":"2015-10-08T08:56:10","date_gmt":"2015-10-08T08:56:10","guid":{"rendered":"http:\/\/sonnenlust.eu\/?page_id=4"},"modified":"2026-03-05T09:44:26","modified_gmt":"2026-03-05T09:44:26","slug":"home","status":"publish","type":"page","link":"https:\/\/sonnenlust.eu\/en\/","title":{"rendered":"Holiday apartments in the fishermen villages Alcal\u00e1 and Playa de San Juan on the sunny southwest coast"},"content":{"rendered":"<p dir=\"ltr\" data-placeholder=\"\u00dcbersetzung\">ngg_shortcode_0_placeholder<\/p>\nngg_shortcode_1_placeholder\n<p>Our private holiday apartments are situated in Alcal\u00e1 and Playa de San Juan on the sunny side of the island on the climatic preferential southwest coast. There are the most sunny hours of the island and the temperatures are mostly above 20 celsius during the winter days.<\/p>\n<p>Alcal\u00e1 and Playa San Juan are small charming fishermen villages and still untouched from mass tourism. The location of the holiday apartments directly seafront is exeptionally beautiful, the terraces are facing south with spectacular sea views.<\/p>\n<div class=\"oSioSc\">\n<div id=\"tw-target\">\n<div id=\"tw-target-text-container\" class=\"gsrt tw-ta-container tw-nfl\">\n<p id=\"tw-target-text\" class=\"tw-data-text tw-ta tw-text-small\" dir=\"ltr\" data-placeholder=\"\u00dcbersetzung\"><span lang=\"en\" tabindex=\"0\">All our holiday homes have high-speed internet, are fully equipped and are maintained with great care. We heat the water with environmentally friendly solar panels on the roof.<\/span><\/p>\n<\/div>\n<\/div>\n<\/div>\n<div class=\"apt-list\" style=\"background-color: #e5e5e5; padding: 10px; padding-top: 3px;\">\n<h2>Sonnenlust <span lang=\"en\" tabindex=\"0\">Holiday Apartments \/ Holiday House:<\/span><\/h2>\n<ul>\n<li><a href=\"http:\/\/sonnenlust.eu\/en\/sonnenlust-apartments\/apartment-alegria\/\">Alegria<\/a>: up to 3 persons, terrace with seaview, 1 bedroom, sofabed, from \u20ac 65,-\/day<\/li>\n<li><a href=\"http:\/\/sonnenlust.eu\/en\/sonnenlust-apartments\/apartment-estrella\/\/\">Estrella<\/a>: up to 4 persons, 2 terraces with sea view, 1 bedroom, bunkbed, singlebed, from \u20ac 85,-\/day<\/li>\n<li><a href=\"http:\/\/sonnenlust.eu\/en\/sonnenlust-apartments\/apartment-vicente\/\">San Vicente<\/a>: up to 4 persons, patio with sunbeds, 2 bedrooms, from \u20ac 85,-\/day<\/li>\n<li><a href=\"http:\/\/sonnenlust.eu\/en\/sonnenlust-apartments\/casa-maresia\/\">Maresia<\/a>: up to 6 persons, terrace with seaview, patio, 3 bedrooms, from \u20ac 105,-\/day<\/li>\n<li><a href=\"https:\/\/sonnenlust.eu\/en\/sonnenlust-apartments\/harmonia-casita-am-dach\/\">Harmonia:<\/a> up to 6 persons, terrace with seaview, 3 bedooms, from \u20ac 105,-\/day<\/li>\n<li><a href=\"https:\/\/sonnenlust.eu\/en\/sonnenlust-apartments\/panorama-casita-am-dach\/\">Panorama<\/a>: up to 4 persons, terrace with seaview, 2 bedrooms, from \u20ac 105,-\/day<\/li>\n<li><a href=\"https:\/\/sonnenlust.eu\/en\/sonnenlust-apartments\/harmonia-casita-am-dach\/\">&#8220;Cuddle&#8221; Cottage on the rooftop<\/a>: up to 2 persons, terrace with seaview, from \u20ac 60,-\/day<\/li>\n<\/ul>\n<p>&nbsp;&nbsp;&nbsp;&nbsp;&nbsp;&nbsp; Here you&#8217;ll find<a href=\"http:\/\/sonnenlust.eu\/en\/availability-calendar-rates\/\"> availability <\/a>and&nbsp;<a href=\"http:\/\/sonnenlust.eu\/en\/availability-calendar-rates\/\">rates.<\/a><br \/>\n&nbsp;&nbsp;&nbsp;&nbsp;&nbsp;&nbsp; Claudia Bachmayer (<a href=\"https:\/\/sonnenlust.eu\/en\/kontakt-buchung\/\">contact&#038;booking<\/a>)<\/p>\n<\/div>\n<p>&nbsp;<\/p>\n<p>Your landlord:<\/p>\n<p><a href=\"http:\/\/sonnenlust.eu\/wp-content\/uploads\/2022\/05\/al-bano-englisch.png\"><img loading=\"lazy\" class=\"alignnone wp-image-4847 size-full\" src=\"http:\/\/sonnenlust.eu\/wp-content\/uploads\/2022\/05\/al-bano-englisch.png\" alt=\"\" width=\"1024\" height=\"508\" srcset=\"https:\/\/sonnenlust.eu\/wp-content\/uploads\/2022\/05\/al-bano-englisch.png 1024w, https:\/\/sonnenlust.eu\/wp-content\/uploads\/2022\/05\/al-bano-englisch-300x149.png 300w, https:\/\/sonnenlust.eu\/wp-content\/uploads\/2022\/05\/al-bano-englisch-768x381.png 768w\" sizes=\"(max-width: 1024px) 100vw, 1024px\" \/><\/a><\/p>\n<p>&nbsp;<\/p>\n","protected":false},"excerpt":{"rendered":"<p>Our private holiday apartments are situated in Alcal\u00e1 and Playa de San Juan on the sunny side of the island on the climatic preferential southwest coast. There are the most sunny hours of the island and the temperatures are mostly above 20 celsius during the winter days. Alcal\u00e1 and Playa San Juan are small charming<span class=\"excerpt-ellipsis\">&#8230;<\/span><\/p>\n<p><a class=\"more-link\" href=\"https:\/\/sonnenlust.eu\/en\/\" itemprop=\"url\">Continue Reading<\/a><\/p>\n","protected":false},"author":4,"featured_media":0,"parent":0,"menu_order":0,"comment_status":"closed","ping_status":"closed","template":"","meta":{"ngg_post_thumbnail":0},"yoast_head":"<!-- This site is optimized with the Yoast SEO plugin v18.6 - https:\/\/yoast.com\/wordpress\/plugins\/seo\/ -->\n<title>Sonnenlust Ferienwohnungen auf Teneriffa - Vacation on Tenerife - apartments directly located on the sea[:]<\/title>\n<meta name=\"description\" content=\"Vacation in Alcal\u00e1 from EUR 55 \/ day. 15% off until the end of October in private holiday apartments. Long term rental is also possible.\" \/>\n<meta name=\"robots\" content=\"index, follow, max-snippet:-1, max-image-preview:large, max-video-preview:-1\" \/>\n<link rel=\"canonical\" href=\"https:\/\/sonnenlust.eu\/en\/\" \/>\n<meta property=\"og:locale\" content=\"en_US\" \/>\n<meta property=\"og:locale:alternate\" content=\"de_DE\" \/>\n<meta property=\"og:locale:alternate\" content=\"es_ES\" \/>\n<meta property=\"og:locale:alternate\" content=\"fr_FR\" \/>\n<meta property=\"og:locale:alternate\" content=\"it_IT\" \/>\n<meta property=\"og:type\" content=\"article\" \/>\n<meta property=\"og:title\" content=\"Vacation on Tenerife - apartments directly located on the sea\" \/>\n<meta property=\"og:description\" content=\"Vacation in Alcal\u00e1 from EUR 55 \/ day. 15% off until the end of October in private holiday apartments. Long term rental is also possible.\" \/>\n<meta property=\"og:url\" content=\"https:\/\/sonnenlust.eu\/en\/\" \/>\n<meta property=\"og:site_name\" content=\"Holiday Apartments in Tenerife \u263c\" \/>\n<meta property=\"article:modified_time\" content=\"2026-03-05T09:44:26+00:00\" \/>\n<meta property=\"og:image\" content=\"http:\/\/sonnenlust.eu\/wp-content\/uploads\/2022\/05\/al-bano-deutsch-1.png\" \/>\n<meta name=\"twitter:card\" content=\"summary_large_image\" \/>\n<meta name=\"twitter:label1\" content=\"Est. reading time\" \/>\n\t<meta name=\"twitter:data1\" content=\"2 minutes\" \/>\n<script type=\"application\/ld+json\" class=\"yoast-schema-graph\">{\"@context\":\"https:\/\/schema.org\",\"@graph\":[{\"@type\":\"WebSite\",\"@id\":\"https:\/\/sonnenlust.eu\/de\/#website\",\"url\":\"https:\/\/sonnenlust.eu\/de\/\",\"name\":\"Holiday Apartments in Tenerife \u263c\",\"description\":\"First line seafront in the Canary Islands\",\"potentialAction\":[{\"@type\":\"SearchAction\",\"target\":{\"@type\":\"EntryPoint\",\"urlTemplate\":\"https:\/\/sonnenlust.eu\/de\/?s={search_term_string}\"},\"query-input\":\"required name=search_term_string\"}],\"inLanguage\":\"en-US\"},{\"@type\":\"ImageObject\",\"@id\":\"https:\/\/sonnenlust.eu\/de\/#primaryimage\",\"inLanguage\":\"en-US\",\"url\":\"https:\/\/sonnenlust.eu\/wp-content\/uploads\/2022\/05\/al-bano-deutsch-1.png\",\"contentUrl\":\"https:\/\/sonnenlust.eu\/wp-content\/uploads\/2022\/05\/al-bano-deutsch-1.png\",\"width\":1024,\"height\":508},{\"@type\":\"WebPage\",\"@id\":\"https:\/\/sonnenlust.eu\/de\/#webpage\",\"url\":\"https:\/\/sonnenlust.eu\/de\/\",\"name\":\"[:de]Sonnenlust Ferienwohnungen auf Teneriffa - Direkt am Meer[:en]Vacation on Tenerife - apartments directly located on the sea[:]\",\"isPartOf\":{\"@id\":\"https:\/\/sonnenlust.eu\/de\/#website\"},\"primaryImageOfPage\":{\"@id\":\"https:\/\/sonnenlust.eu\/de\/#primaryimage\"},\"datePublished\":\"2015-10-08T08:56:10+00:00\",\"dateModified\":\"2026-03-05T09:44:26+00:00\",\"description\":\"[:de]Urlaub in Alcal\u00e1 ab EUR 55 \/ Tag. 15% Rabatt auf jeden Aufenthalt bis Ende Oktober in den privaten Ferienwohnungen. Langzeitmiete m\u00f6glich.[:en]Vacation in Alcal\u00e1 from EUR 55 \/ day. 15% off until the end of October in private holiday apartments. Long term rental is also possible.[:]\",\"breadcrumb\":{\"@id\":\"https:\/\/sonnenlust.eu\/de\/#breadcrumb\"},\"inLanguage\":\"en-US\",\"potentialAction\":[{\"@type\":\"ReadAction\",\"target\":[\"https:\/\/sonnenlust.eu\/de\/\"]}]},{\"@type\":\"BreadcrumbList\",\"@id\":\"https:\/\/sonnenlust.eu\/de\/#breadcrumb\",\"itemListElement\":[{\"@type\":\"ListItem\",\"position\":1,\"name\":\"Startseite\",\"item\":\"https:\/\/sonnenlust.eu\/de\/\"},{\"@type\":\"ListItem\",\"position\":2,\"name\":\"Ferienwohnungen in den Fischerd\u00f6rfern Alcal\u00e1 &#038; Playa de San Juan an der sonnigen S\u00fcdwestk\u00fcste\"}]}]}<\/script>\n<!-- \/ Yoast SEO plugin. -->","yoast_head_json":{"title":"Sonnenlust Ferienwohnungen auf Teneriffa - Vacation on Tenerife - apartments directly located on the sea[:]","description":"Vacation in Alcal\u00e1 from EUR 55 \/ day. 15% off until the end of October in private holiday apartments. Long term rental is also possible.","robots":{"index":"index","follow":"follow","max-snippet":"max-snippet:-1","max-image-preview":"max-image-preview:large","max-video-preview":"max-video-preview:-1"},"canonical":"https:\/\/sonnenlust.eu\/en\/","og_locale":"en_US","og_type":"article","og_title":"[:de]Sonnenlust Ferienwohnungen auf Teneriffa - Direkt am Meer[:en]Vacation on Tenerife - apartments directly located on the sea[:]","og_description":"[:de]Urlaub in Alcal\u00e1 ab EUR 55 \/ Tag. 15% Rabatt auf jeden Aufenthalt bis Ende Oktober in den privaten Ferienwohnungen. Langzeitmiete m\u00f6glich.[:en]Vacation in Alcal\u00e1 from EUR 55 \/ day. 15% off until the end of October in private holiday apartments. Long term rental is also possible.[:]","og_url":"https:\/\/sonnenlust.eu\/en\/","og_site_name":"Holiday Apartments in Tenerife \u263c","article_modified_time":"2026-03-05T09:44:26+00:00","og_image":[{"url":"http:\/\/sonnenlust.eu\/wp-content\/uploads\/2022\/05\/al-bano-deutsch-1.png"}],"twitter_card":"summary_large_image","twitter_misc":{"Est. reading time":"2 minutes"},"schema":{"@context":"https:\/\/schema.org","@graph":[{"@type":"WebSite","@id":"https:\/\/sonnenlust.eu\/de\/#website","url":"https:\/\/sonnenlust.eu\/de\/","name":"Holiday Apartments in Tenerife \u263c","description":"First line seafront in the Canary Islands","potentialAction":[{"@type":"SearchAction","target":{"@type":"EntryPoint","urlTemplate":"https:\/\/sonnenlust.eu\/de\/?s={search_term_string}"},"query-input":"required name=search_term_string"}],"inLanguage":"en-US"},{"@type":"ImageObject","@id":"https:\/\/sonnenlust.eu\/de\/#primaryimage","inLanguage":"en-US","url":"https:\/\/sonnenlust.eu\/wp-content\/uploads\/2022\/05\/al-bano-deutsch-1.png","contentUrl":"https:\/\/sonnenlust.eu\/wp-content\/uploads\/2022\/05\/al-bano-deutsch-1.png","width":1024,"height":508},{"@type":"WebPage","@id":"https:\/\/sonnenlust.eu\/de\/#webpage","url":"https:\/\/sonnenlust.eu\/de\/","name":"[:de]Sonnenlust Ferienwohnungen auf Teneriffa - Direkt am Meer[:en]Vacation on Tenerife - apartments directly located on the sea[:]","isPartOf":{"@id":"https:\/\/sonnenlust.eu\/de\/#website"},"primaryImageOfPage":{"@id":"https:\/\/sonnenlust.eu\/de\/#primaryimage"},"datePublished":"2015-10-08T08:56:10+00:00","dateModified":"2026-03-05T09:44:26+00:00","description":"[:de]Urlaub in Alcal\u00e1 ab EUR 55 \/ Tag. 15% Rabatt auf jeden Aufenthalt bis Ende Oktober in den privaten Ferienwohnungen. Langzeitmiete m\u00f6glich.[:en]Vacation in Alcal\u00e1 from EUR 55 \/ day. 15% off until the end of October in private holiday apartments. Long term rental is also possible.[:]","breadcrumb":{"@id":"https:\/\/sonnenlust.eu\/de\/#breadcrumb"},"inLanguage":"en-US","potentialAction":[{"@type":"ReadAction","target":["https:\/\/sonnenlust.eu\/de\/"]}]},{"@type":"BreadcrumbList","@id":"https:\/\/sonnenlust.eu\/de\/#breadcrumb","itemListElement":[{"@type":"ListItem","position":1,"name":"Startseite","item":"https:\/\/sonnenlust.eu\/de\/"},{"@type":"ListItem","position":2,"name":"Ferienwohnungen in den Fischerd\u00f6rfern Alcal\u00e1 &#038; Playa de San Juan an der sonnigen S\u00fcdwestk\u00fcste"}]}]}},"_links":{"self":[{"href":"https:\/\/sonnenlust.eu\/en\/wp-json\/wp\/v2\/pages\/4"}],"collection":[{"href":"https:\/\/sonnenlust.eu\/en\/wp-json\/wp\/v2\/pages"}],"about":[{"href":"https:\/\/sonnenlust.eu\/en\/wp-json\/wp\/v2\/types\/page"}],"author":[{"embeddable":true,"href":"https:\/\/sonnenlust.eu\/en\/wp-json\/wp\/v2\/users\/4"}],"replies":[{"embeddable":true,"href":"https:\/\/sonnenlust.eu\/en\/wp-json\/wp\/v2\/comments?post=4"}],"version-history":[{"count":345,"href":"https:\/\/sonnenlust.eu\/en\/wp-json\/wp\/v2\/pages\/4\/revisions"}],"predecessor-version":[{"id":10079,"href":"https:\/\/sonnenlust.eu\/en\/wp-json\/wp\/v2\/pages\/4\/revisions\/10079"}],"wp:attachment":[{"href":"https:\/\/sonnenlust.eu\/en\/wp-json\/wp\/v2\/media?parent=4"}],"curies":[{"name":"wp","href":"https:\/\/api.w.org\/{rel}","templated":true}]}}