{"id":6,"date":"2015-10-08T09:02:00","date_gmt":"2015-10-08T09:02:00","guid":{"rendered":"http:\/\/sonnenlust.eu\/?page_id=6"},"modified":"2022-07-17T08:25:22","modified_gmt":"2022-07-17T08:25:22","slug":"location","status":"publish","type":"page","link":"https:\/\/sonnenlust.eu\/de\/location\/","title":{"rendered":"Die Fischerd\u00f6rfer Alcal\u00e1 &#038; Playa de San Juan"},"content":{"rendered":"\r\n\r\n\r\n<p>Unsere privaten Ferienwohnungen und unser Ferienhaus liegen in Alcal\u00e1 &#038; Playa de San Juan, an der klimatisch bevorzugten S\u00fcdwest-K\u00fcste der Insel. An dieser K\u00fcstenzone herrscht ganzj\u00e4hrig Sonnenschein und die Temperaturen sind speziell in den Wintermonaten die h\u00f6chsten der Insel und selten unter 22 Grad.<\/p>\r\nngg_shortcode_0_placeholder\r\n<h3>Die Atmosph\u00e4re eines FischerDorfes&nbsp;&nbsp;<\/h3>\r\n<p>Die Lage in Alcal\u00e1 &#038; Playa de San Juan direkt am Meer ist au\u00dfergew\u00f6hnlich sch\u00f6n, in den Ferienwohnungen in Alcal\u00e1 begleitet Sie das permanente Meeresrauschen, die Terrassen sind s\u00fcdseitig ausgerichtet. Unsere Ferienwohnungen und unser Ferienhaus Maresia wurden mit Sorgfalt renoviert und bieten alles, damit Sie Ihren Urlaub geniessen k\u00f6nnen.<\/p>\r\nngg_shortcode_1_placeholder\r\n<p>Alcal\u00e0 &#038; Playa de San Juan sind kleine, direkt am Meer gelegene Orte, wo die Atmosph\u00e4re eines Fischerdorfes noch sp\u00fcrbar ist. Alcal\u00e1 hat keine Hochh\u00e4user, Souvenirh\u00e4ndler oder l\u00e4rmende Lokale und ist noch weitgehend unbesch\u00e4digt vom Massentourismus. Das &#8222;Herz&#8220; des Ortes ist neben dem Ortsstrand eine charmante spanische Plaza mit Restaurants, Cafes, Tapas Bars, einem Supermarkt sowie einer Tauchschule. Jeden Montag findet ein Bauernmarkt statt. Angeboten werden lokale Produkte von Einheimischen sowie einiges an Kleidung, Schmuck, Souvenirs, etc. Alcal\u00e1 bietet eine perfekte Nahversorgung &#8211; Supermarkt, Fleischer, Fischhandlung, B\u00e4ckerei, Apotheke \u2013 alles in f\u00fcnf Minuten zu Fu\u00df erreichbar. Das Restaurant &#8222;Sauco&#8220;, eines der besten der Insel, ist direkt am Meerespaseo, eine Minute von unserem Ferienhaus Maresia entfernt.<\/p>\r\nngg_shortcode_2_placeholder\r\n<p>Alcal\u00e1 besitzt mehrere Buchten und Str\u00e4nde, die durch Lavafelsen zum offenen Meer gesch\u00fctzt sind. Direkt an die Plaza grenzt der Ortsstrand mit einem kleinen Sandbereich und einer gro\u00dfen Badeterrasse. Auf der Badeterrasse ist eine Sitzbank aus Vulkansteinplatten, die von der Sonne aufgeheizt werden. Diese Vulkansteinplatten geben andauernd W\u00e4rme ab, was vor allem im Winter nach dem Schwimmen im Meer von den G\u00e4sten sehr gesch\u00e4tzt wird, da sich die W\u00e4rme auch sehr wohltuend auf die R\u00fcckenmuskulatur auswirkt. 10 Minuten zu Fu\u00df entfernt liegt das Luxushotel Gran Melia mit seinen Sand-\/Kiesel-Meeresbuchten sowie einem Natur-Meeresschwimmbecken. Diese Badeanlagen sind \u00f6ffentlich und bieten auch ein kleines Tagesrestaurant, das direkt am Meer liegt. Am Paseo Maritimo ist ein gro\u00dfer Kinderspielplatz mit angrenzendem Volley- und Basketball-Feld, auch Sportger\u00e4te stehen kostenlos zur Verf\u00fcgung.<\/p>\r\nngg_shortcode_3_placeholder\r\n<p>Ein gro\u00dfer feinsandiger Sandstrand befindet sich am Fischerhafen von Playa San Juan. Alcal\u00e1 und Playa San Juan sind Nachbarorte, f\u00fcnf Minuten voneinander mit dem Auto entfernt oder durch eine 45min-Wanderung direkt am Meer entlang. Der sch\u00f6ne Sandstrand liegt neben dem Fischerhafen und der Mole und ist daher auch bei starkem Wellengang vor Wind und Wellen gesch\u00fctzt. Der schwarze Sand gibt auch im Winter viel W\u00e4rme ab und wird das ganze Jahr \u00fcber gerne von Touristen und Einheimischen besucht. Sonnenschirme und Strandliegen werden zur Miete angeboten sowie stehen Duschen\/WC-Anlagen und frei Parkpl\u00e4tze zur Verf\u00fcgung. An der Strandpromenade finden Sie einige sehr gute Restaurants und Cafes, z.B. das Fischrestaurant \u201e<a href=\"https:\/\/aguaysalrestaurante.es\">Agua y Sal\u201c<\/a>, die Taperia <a href=\"https:\/\/labocarie.eatbu.com\/?lang=de\">\u201eLa Boca Rie\u201c<\/a> oder direkt im Hafen ein kleines Lokal mit fangfrischem Fisch, das nur mittags ge\u00f6ffnet hat. Kleine Gesch\u00e4fte laden zum Shoppen ein und eine Tauchschule unter kompetenter deutscher Leitung ist sehr zu empfehlen <a href=\"https:\/\/www.pamadiving-teneriffa.com\/\">Pamadiving Teneriffa<\/a><\/p>\r\nngg_shortcode_4_placeholder\r\n<p>Weitere Attraktionen in der Gegend: die famosen &#8222;Rocks of Los Gigantes&#8220; und nat\u00fcrlich der unglaublich beeindruckende Vulkan &#8222;Teide&#8220;, der h\u00f6chste Berg Spaniens. Der Weg dorthin f\u00fchrt Sie durch die D\u00f6rfer &#8222;Masca&#8220; und &#8222;Chirche&#8220;, wo die Zeit seit 50 Jahren stehen geblieben zu scheint.<\/p>\r\nngg_shortcode_5_placeholder\r\n<p>Alcal\u00e1 hat gute Busverbindungen in die Nachbarorte und zum Flughafen, auf der Hauptstra\u00dfe ist ein Taxistandplatz. Mit dem Auto ben\u00f6tigen Sie ca. 25 Minuten zum Flughafen, 20 Minuten in die Ferienzentren Los Cristianos und Playa la Americas, acht Minuten nach Los Gigantes. Ein spanisches Centro Medico ist im Ort, ein \u00f6sterr. Hausarzt mit Notarztausbildung (spricht auch englisch, spanisch) ist durchgehend f\u00fcr Sie erreichbar. Weiters k\u00f6nnen wir Ihnen eine medizinisch ausgebildete Masseurin vermitteln, die zu Ihnen ins Haus kommt.<\/p>\r\n<p>Weitere Infos zu Alcal\u00e1:&nbsp;<a href=\"http:\/\/www.insel-teneriffa.de\/alcala.php\">http:\/\/www.insel-teneriffa.de\/alcala.php<\/a><\/p>\r\nngg_shortcode_6_placeholder","protected":false},"excerpt":{"rendered":"<p>Unsere privaten Ferienwohnungen und unser Ferienhaus liegen in Alcal\u00e1 &#038; Playa de San Juan, an der klimatisch bevorzugten S\u00fcdwest-K\u00fcste der Insel. An dieser K\u00fcstenzone herrscht ganzj\u00e4hrig Sonnenschein und die Temperaturen sind speziell in den Wintermonaten die h\u00f6chsten der Insel und selten unter 22 Grad. Die Atmosph\u00e4re eines FischerDorfes&nbsp;&nbsp; Die Lage in Alcal\u00e1 &#038; Playa de<span class=\"excerpt-ellipsis\">&#8230;<\/span><\/p>\n<p><a class=\"more-link\" href=\"https:\/\/sonnenlust.eu\/de\/location\/\" itemprop=\"url\">Continue Reading<\/a><\/p>\n","protected":false},"author":4,"featured_media":0,"parent":0,"menu_order":0,"comment_status":"closed","ping_status":"closed","template":"","meta":{"ngg_post_thumbnail":0},"yoast_head":"<!-- This site is optimized with the Yoast SEO plugin v18.6 - https:\/\/yoast.com\/wordpress\/plugins\/seo\/ -->\n<title>Die Fischerd\u00f6rfer Alcal\u00e1 &amp; Playa de San Juan - Seafront Sonnenlust apartments<\/title>\n<meta name=\"description\" content=\"Alcal\u00e1 und Playa de San Juan liegen an der klimatisch bevorzugten S\u00fcdwest-K\u00fcste Teneriffas in Spanien. Ferienunterk\u00fcnfte in au\u00dfergew\u00f6hnlicher Lage mieten!\" \/>\n<meta name=\"robots\" content=\"index, follow, max-snippet:-1, max-image-preview:large, max-video-preview:-1\" \/>\n<link rel=\"canonical\" href=\"https:\/\/sonnenlust.eu\/de\/location\/\" \/>\n<meta property=\"og:locale\" content=\"de_DE\" \/>\n<meta property=\"og:locale:alternate\" content=\"en_US\" \/>\n<meta property=\"og:locale:alternate\" content=\"es_ES\" \/>\n<meta property=\"og:locale:alternate\" content=\"fr_FR\" \/>\n<meta property=\"og:locale:alternate\" content=\"it_IT\" \/>\n<meta property=\"og:type\" content=\"article\" \/>\n<meta property=\"og:title\" content=\"Die Fischerd\u00f6rfer Alcal\u00e1 &amp; Playa de San Juan\" \/>\n<meta property=\"og:description\" content=\"Alcal\u00e1 &amp; Playa de San Juan are situated on the sunny side of the island on the climatic preferential southwest coast of Tenerife, Spain. Rent holiday accomodations in an exceptional location!\" \/>\n<meta property=\"og:url\" content=\"https:\/\/sonnenlust.eu\/de\/location\/\" \/>\n<meta property=\"og:site_name\" content=\"Ferienwohnungen Teneriffa \u263c\" \/>\n<meta property=\"article:modified_time\" content=\"2022-07-17T08:25:22+00:00\" \/>\n<meta property=\"og:image\" content=\"http:\/\/sonnenlust.eu\/nextgen-attach_to_post\/preview\/id--1495\" \/>\n<meta name=\"twitter:card\" content=\"summary_large_image\" \/>\n<meta name=\"twitter:label1\" content=\"Gesch\u00e4tzte Lesezeit\" \/>\n\t<meta name=\"twitter:data1\" content=\"4\u00a0Minuten\" \/>\n<script type=\"application\/ld+json\" class=\"yoast-schema-graph\">{\"@context\":\"https:\/\/schema.org\",\"@graph\":[{\"@type\":\"WebSite\",\"@id\":\"https:\/\/sonnenlust.eu\/de\/#website\",\"url\":\"https:\/\/sonnenlust.eu\/de\/\",\"name\":\"Ferienwohnungen Teneriffa \u263c\",\"description\":\"Urlaub direkt am Meer auf den Kanaren\",\"potentialAction\":[{\"@type\":\"SearchAction\",\"target\":{\"@type\":\"EntryPoint\",\"urlTemplate\":\"https:\/\/sonnenlust.eu\/de\/?s={search_term_string}\"},\"query-input\":\"required name=search_term_string\"}],\"inLanguage\":\"de-DE\"},{\"@type\":\"ImageObject\",\"@id\":\"https:\/\/sonnenlust.eu\/en\/location\/#primaryimage\",\"inLanguage\":\"de-DE\",\"url\":\"http:\/\/sonnenlust.eu\/nextgen-attach_to_post\/preview\/id--1495\",\"contentUrl\":\"http:\/\/sonnenlust.eu\/nextgen-attach_to_post\/preview\/id--1495\"},{\"@type\":\"WebPage\",\"@id\":\"https:\/\/sonnenlust.eu\/en\/location\/#webpage\",\"url\":\"https:\/\/sonnenlust.eu\/en\/location\/\",\"name\":\"[:de]Die Fischerd\u00f6rfer Alcal\u00e1 & Playa de San Juan[:en]Fishermen villages Alcal\u00e1 & Playa de San Juan[:es]La ubicaci\u00f3n[:fr]Position[:it]Posizione Alcal\u00e1 e Playa de San Juan[:] - Seafront Sonnenlust apartments\",\"isPartOf\":{\"@id\":\"https:\/\/sonnenlust.eu\/de\/#website\"},\"primaryImageOfPage\":{\"@id\":\"https:\/\/sonnenlust.eu\/en\/location\/#primaryimage\"},\"datePublished\":\"2015-10-08T09:02:00+00:00\",\"dateModified\":\"2022-07-17T08:25:22+00:00\",\"description\":\"Alcal\u00e1 & Playa de San Juan are situated on the sunny side of the island on the climatic preferential southwest coast of Tenerife, Spain. Rent holiday accomodations in an exceptional location!\",\"breadcrumb\":{\"@id\":\"https:\/\/sonnenlust.eu\/en\/location\/#breadcrumb\"},\"inLanguage\":\"de-DE\",\"potentialAction\":[{\"@type\":\"ReadAction\",\"target\":[\"https:\/\/sonnenlust.eu\/en\/location\/\"]}]},{\"@type\":\"BreadcrumbList\",\"@id\":\"https:\/\/sonnenlust.eu\/en\/location\/#breadcrumb\",\"itemListElement\":[{\"@type\":\"ListItem\",\"position\":1,\"name\":\"Startseite\",\"item\":\"https:\/\/sonnenlust.eu\/de\/\"},{\"@type\":\"ListItem\",\"position\":2,\"name\":\"Fishermen villages Alcal\u00e1 &#038; Playa de San Juan\"}]}]}<\/script>\n<!-- \/ Yoast SEO plugin. -->","yoast_head_json":{"title":"Die Fischerd\u00f6rfer Alcal\u00e1 & Playa de San Juan - Seafront Sonnenlust apartments","description":"Alcal\u00e1 und Playa de San Juan liegen an der klimatisch bevorzugten S\u00fcdwest-K\u00fcste Teneriffas in Spanien. Ferienunterk\u00fcnfte in au\u00dfergew\u00f6hnlicher Lage mieten!","robots":{"index":"index","follow":"follow","max-snippet":"max-snippet:-1","max-image-preview":"max-image-preview:large","max-video-preview":"max-video-preview:-1"},"canonical":"https:\/\/sonnenlust.eu\/de\/location\/","og_locale":"de_DE","og_type":"article","og_title":"[:de]Die Fischerd\u00f6rfer Alcal\u00e1 & Playa de San Juan[:en]Fishermen villages Alcal\u00e1 & Playa de San Juan[:es]La ubicaci\u00f3n[:fr]Position[:it]Posizione Alcal\u00e1 e Playa de San Juan[:] - Seafront Sonnenlust apartments","og_description":"Alcal\u00e1 & Playa de San Juan are situated on the sunny side of the island on the climatic preferential southwest coast of Tenerife, Spain. Rent holiday accomodations in an exceptional location!","og_url":"https:\/\/sonnenlust.eu\/de\/location\/","og_site_name":"Ferienwohnungen Teneriffa \u263c","article_modified_time":"2022-07-17T08:25:22+00:00","og_image":[{"url":"http:\/\/sonnenlust.eu\/nextgen-attach_to_post\/preview\/id--1495"}],"twitter_card":"summary_large_image","twitter_misc":{"Gesch\u00e4tzte Lesezeit":"4\u00a0Minuten"},"schema":{"@context":"https:\/\/schema.org","@graph":[{"@type":"WebSite","@id":"https:\/\/sonnenlust.eu\/de\/#website","url":"https:\/\/sonnenlust.eu\/de\/","name":"Ferienwohnungen Teneriffa \u263c","description":"Urlaub direkt am Meer auf den Kanaren","potentialAction":[{"@type":"SearchAction","target":{"@type":"EntryPoint","urlTemplate":"https:\/\/sonnenlust.eu\/de\/?s={search_term_string}"},"query-input":"required name=search_term_string"}],"inLanguage":"de-DE"},{"@type":"ImageObject","@id":"https:\/\/sonnenlust.eu\/en\/location\/#primaryimage","inLanguage":"de-DE","url":"http:\/\/sonnenlust.eu\/nextgen-attach_to_post\/preview\/id--1495","contentUrl":"http:\/\/sonnenlust.eu\/nextgen-attach_to_post\/preview\/id--1495"},{"@type":"WebPage","@id":"https:\/\/sonnenlust.eu\/en\/location\/#webpage","url":"https:\/\/sonnenlust.eu\/en\/location\/","name":"[:de]Die Fischerd\u00f6rfer Alcal\u00e1 & Playa de San Juan[:en]Fishermen villages Alcal\u00e1 & Playa de San Juan[:es]La ubicaci\u00f3n[:fr]Position[:it]Posizione Alcal\u00e1 e Playa de San Juan[:] - Seafront Sonnenlust apartments","isPartOf":{"@id":"https:\/\/sonnenlust.eu\/de\/#website"},"primaryImageOfPage":{"@id":"https:\/\/sonnenlust.eu\/en\/location\/#primaryimage"},"datePublished":"2015-10-08T09:02:00+00:00","dateModified":"2022-07-17T08:25:22+00:00","description":"Alcal\u00e1 & Playa de San Juan are situated on the sunny side of the island on the climatic preferential southwest coast of Tenerife, Spain. Rent holiday accomodations in an exceptional location!","breadcrumb":{"@id":"https:\/\/sonnenlust.eu\/en\/location\/#breadcrumb"},"inLanguage":"de-DE","potentialAction":[{"@type":"ReadAction","target":["https:\/\/sonnenlust.eu\/en\/location\/"]}]},{"@type":"BreadcrumbList","@id":"https:\/\/sonnenlust.eu\/en\/location\/#breadcrumb","itemListElement":[{"@type":"ListItem","position":1,"name":"Startseite","item":"https:\/\/sonnenlust.eu\/de\/"},{"@type":"ListItem","position":2,"name":"Fishermen villages Alcal\u00e1 &#038; Playa de San Juan"}]}]}},"_links":{"self":[{"href":"https:\/\/sonnenlust.eu\/de\/wp-json\/wp\/v2\/pages\/6"}],"collection":[{"href":"https:\/\/sonnenlust.eu\/de\/wp-json\/wp\/v2\/pages"}],"about":[{"href":"https:\/\/sonnenlust.eu\/de\/wp-json\/wp\/v2\/types\/page"}],"author":[{"embeddable":true,"href":"https:\/\/sonnenlust.eu\/de\/wp-json\/wp\/v2\/users\/4"}],"replies":[{"embeddable":true,"href":"https:\/\/sonnenlust.eu\/de\/wp-json\/wp\/v2\/comments?post=6"}],"version-history":[{"count":231,"href":"https:\/\/sonnenlust.eu\/de\/wp-json\/wp\/v2\/pages\/6\/revisions"}],"predecessor-version":[{"id":5124,"href":"https:\/\/sonnenlust.eu\/de\/wp-json\/wp\/v2\/pages\/6\/revisions\/5124"}],"wp:attachment":[{"href":"https:\/\/sonnenlust.eu\/de\/wp-json\/wp\/v2\/media?parent=6"}],"curies":[{"name":"wp","href":"https:\/\/api.w.org\/{rel}","templated":true}]}}