{"id":4,"date":"2015-10-08T08:56:10","date_gmt":"2015-10-08T08:56:10","guid":{"rendered":"http:\/\/sonnenlust.eu\/?page_id=4"},"modified":"2026-03-05T09:44:26","modified_gmt":"2026-03-05T09:44:26","slug":"home","status":"publish","type":"page","link":"https:\/\/sonnenlust.eu\/de\/","title":{"rendered":"Ferienwohnungen in den Fischerd\u00f6rfern Alcal\u00e1 &#038; Playa de San Juan an der sonnigen S\u00fcdwestk\u00fcste"},"content":{"rendered":"ngg_shortcode_0_placeholder\nngg_shortcode_1_placeholder\n<p>Unsere privaten Sonnenlust Ferienwohnungen auf Teneriffa liegen direkt am Meer in Alcal\u00e1 &#038; Playa de San Juan, an der klimatisch bevorzugten S\u00fcdwest-K\u00fcste der Insel. An dieser K\u00fcstenzone herrscht ganzj\u00e4hrig Sonnenschein. Die Temperaturen sind speziell in den Wintermonaten die h\u00f6chsten der Insel und selten unter 22 Grad.<\/p>\n<p>Alcal\u00e0 &#038; Playa de San Juan sind kleine, direkt am Meer gelegene Orte. Hier ist die Atmosph\u00e4re eines typischen Fischerdorfes noch deutlich sp\u00fcrbar. Die Lage am Meer ist au\u00dfergew\u00f6hnlich sch\u00f6n, die Terrassen unserer Sonnenlust Ferienwohnungen sind s\u00fcdseitig ausgerichtet, damit Sie Teneriffa von seiner sch\u00f6nsten Seite erleben k\u00f6nnen.&nbsp;<\/p>\n<p>Alle unsere Feriendomizile verf\u00fcgen \u00fcber Highspeed-Internet, sind komplett ausgestattet und werden mit gro\u00dfer Sorgfalt gepflegt. Wir heizen das Wasser mit umweltfreundlichen Sonnenkollektoren am Dach.<\/p>\n<div class=\"apt-list\" style=\"background-color: #e5e5e5; padding: 10px; padding-top: 3px;\">\n<h3>PREISE In unseren Sonnenlust Ferienwohnungen\/Ferienhaus:<\/h3>\n<ul>\n<li><a href=\"http:\/\/sonnenlust.eu\/sonnenlust-apartments\/apartment-alegria\/\">Alegria<\/a>: bis zu 3 Personen, 1 Schlafzimmer, Sofabett, Terrasse direkt zum Meer, ab \u20ac 65,-\/Tag<\/li>\n<li><a href=\"http:\/\/sonnenlust.eu\/de\/sonnenlust-apartments\/apartment-estrella\/\">Estrella<\/a>: bis zu 4 Personen, 1 Schlafzimmer, Hochbett, Sofabett, 2 Terrassen direkt zum Meer, ab \u20ac 85,-\/Tag<\/li>\n<li><a href=\"http:\/\/sonnenlust.eu\/de\/sonnenlust-apartments\/apartment-vicente\/\">San Vicente<\/a>: bis zu 4 Personen, 2 Schlafzimmer, begr\u00fcnter Patio, ab \u20ac 85,-\/Tag<\/li>\n<li><a href=\"http:\/\/sonnenlust.eu\/de\/sonnenlust-apartments\/casa-maresia\/\">Maresia<\/a>: bis zu 6 Personen, 3 Schlafzimmer, Terrasse mit Meerblick und Patio, ab \u20ac 105,-\/Tag<\/li>\n<li><a href=\"https:\/\/sonnenlust.eu\/de\/sonnenlust-apartments\/harmonia-casita-am-dach\/\">Harmonia<\/a><a href=\"https:\/\/sonnenlust.eu\/de\/sonnenlust-apartments\/harmonia-casita-am-dach\/\"><span style=\"color: #000000;\">: <\/span><\/a>bis zu 6 Personen, 3 Schlafzimmer, Terrasse mit Meerblick, ab \u20ac 105,-\/Tag<\/li>\n<li><a href=\"https:\/\/sonnenlust.eu\/de\/sonnenlust-apartments\/panorama-casita-am-dach\/\">Panorama<\/a>: bis zu 4 Personen, 2 Schlafzimmer, Terrasse mit Meerblick, ab \u20ac 105,-\/Tag<\/li>\n<li><a href=\"https:\/\/sonnenlust.eu\/de\/sonnenlust-apartments\/harmonia-casita-am-dach\/\">Kuschelh\u00e4uschen am Dach<\/a><a href=\"https:\/\/sonnenlust.eu\/de\/sonnenlust-apartments\/harmonia-casita-am-dach\/\">:<\/a><a href=\"https:\/\/sonnenlust.eu\/de\/sonnenlust-apartments\/harmonia-casita-am-dach\/\"><span style=\"color: #000000;\">&nbsp;<\/span><\/a>bis zu 2 Personen ab \u20ac 60,-\/Tag<\/li>\n<\/ul>\n<p><a href=\"https:\/\/sonnenlust.eu\/de\/kontakt-buchung\/\"><strong>Anfrage\/Buchung hier<\/strong><\/a><\/p>\n<\/div>\n<p>&nbsp;<\/p>\n<p>Die <a href=\"http:\/\/sonnenlust.eu\/de\/availability-calendar-rates\/\">VERF\u00dcGBARKEIT <\/a>sowie die <a href=\"http:\/\/sonnenlust.eu\/de\/availability-calendar-rates\/\">PREISE<\/a> unserer Sonnenlust Ferienwohnungen auf Teneriffa sehen Sie bei <a href=\"http:\/\/sonnenlust.eu\/de\/availability-calendar-rates\/\">Preise &#038; Kalender<\/a> sowie auf den jeweiligen Objektseiten.<\/p>\n<p>Ihre Vermieterin:<\/p>\n<p><a href=\"http:\/\/sonnenlust.eu\/wp-content\/uploads\/2022\/05\/al-bano-deutsch-1.png\"><img loading=\"lazy\" class=\"alignnone wp-image-4845 size-full\" src=\"http:\/\/sonnenlust.eu\/wp-content\/uploads\/2022\/05\/al-bano-deutsch-1.png\" alt=\"\" width=\"1024\" height=\"508\" srcset=\"https:\/\/sonnenlust.eu\/wp-content\/uploads\/2022\/05\/al-bano-deutsch-1.png 1024w, https:\/\/sonnenlust.eu\/wp-content\/uploads\/2022\/05\/al-bano-deutsch-1-300x149.png 300w, https:\/\/sonnenlust.eu\/wp-content\/uploads\/2022\/05\/al-bano-deutsch-1-768x381.png 768w\" sizes=\"(max-width: 1024px) 100vw, 1024px\" \/><\/a><\/p>\n<p>&nbsp;<\/p>\n<p>Claudia Bachmayer (<a href=\"https:\/\/sonnenlust.eu\/de\/kontakt-buchung\/\">Kontakt &#038; Buchung<\/a>)<\/p>\n","protected":false},"excerpt":{"rendered":"<p>Unsere privaten Sonnenlust Ferienwohnungen auf Teneriffa liegen direkt am Meer in Alcal\u00e1 &#038; Playa de San Juan, an der klimatisch bevorzugten S\u00fcdwest-K\u00fcste der Insel. An dieser K\u00fcstenzone herrscht ganzj\u00e4hrig Sonnenschein. Die Temperaturen sind speziell in den Wintermonaten die h\u00f6chsten der Insel und selten unter 22 Grad. Alcal\u00e0 &#038; Playa de San Juan sind kleine, direkt<span class=\"excerpt-ellipsis\">&#8230;<\/span><\/p>\n<p><a class=\"more-link\" href=\"https:\/\/sonnenlust.eu\/de\/\" itemprop=\"url\">Continue Reading<\/a><\/p>\n","protected":false},"author":4,"featured_media":0,"parent":0,"menu_order":0,"comment_status":"closed","ping_status":"closed","template":"","meta":{"ngg_post_thumbnail":0},"yoast_head":"<!-- This site is optimized with the Yoast SEO plugin v18.6 - https:\/\/yoast.com\/wordpress\/plugins\/seo\/ -->\n<title>Sonnenlust Ferienwohnungen auf Teneriffa -  - apartments directly located on the sea[:]<\/title>\n<meta name=\"description\" content=\"Urlaub in Alcal\u00e1 ab EUR 55 \/ Tag. 15% Rabatt auf jeden Aufenthalt bis Ende Oktober in den privaten Ferienwohnungen. Langzeitmiete m\u00f6glich.\" \/>\n<meta name=\"robots\" content=\"index, follow, max-snippet:-1, max-image-preview:large, max-video-preview:-1\" \/>\n<link rel=\"canonical\" href=\"https:\/\/sonnenlust.eu\/de\/\" \/>\n<meta property=\"og:locale\" content=\"de_DE\" \/>\n<meta property=\"og:locale:alternate\" content=\"en_US\" \/>\n<meta property=\"og:locale:alternate\" content=\"es_ES\" \/>\n<meta property=\"og:locale:alternate\" content=\"fr_FR\" \/>\n<meta property=\"og:locale:alternate\" content=\"it_IT\" \/>\n<meta property=\"og:type\" content=\"article\" \/>\n<meta property=\"og:title\" content=\"Sonnenlust Ferienwohnungen auf Teneriffa - Direkt am Meer\" \/>\n<meta property=\"og:description\" content=\"Urlaub in Alcal\u00e1 ab EUR 55 \/ Tag. 15% Rabatt auf jeden Aufenthalt bis Ende Oktober in den privaten Ferienwohnungen. Langzeitmiete m\u00f6glich.\" \/>\n<meta property=\"og:url\" content=\"https:\/\/sonnenlust.eu\/de\/\" \/>\n<meta property=\"og:site_name\" content=\"Ferienwohnungen Teneriffa \u263c\" \/>\n<meta property=\"article:modified_time\" content=\"2026-03-05T09:44:26+00:00\" \/>\n<meta property=\"og:image\" content=\"http:\/\/sonnenlust.eu\/wp-content\/uploads\/2022\/05\/al-bano-deutsch-1.png\" \/>\n<meta name=\"twitter:card\" content=\"summary_large_image\" \/>\n<meta name=\"twitter:label1\" content=\"Gesch\u00e4tzte Lesezeit\" \/>\n\t<meta name=\"twitter:data1\" content=\"2\u00a0Minuten\" \/>\n<script type=\"application\/ld+json\" class=\"yoast-schema-graph\">{\"@context\":\"https:\/\/schema.org\",\"@graph\":[{\"@type\":\"WebSite\",\"@id\":\"https:\/\/sonnenlust.eu\/de\/#website\",\"url\":\"https:\/\/sonnenlust.eu\/de\/\",\"name\":\"Ferienwohnungen Teneriffa \u263c\",\"description\":\"Urlaub direkt am Meer auf den Kanaren\",\"potentialAction\":[{\"@type\":\"SearchAction\",\"target\":{\"@type\":\"EntryPoint\",\"urlTemplate\":\"https:\/\/sonnenlust.eu\/de\/?s={search_term_string}\"},\"query-input\":\"required name=search_term_string\"}],\"inLanguage\":\"de-DE\"},{\"@type\":\"ImageObject\",\"@id\":\"https:\/\/sonnenlust.eu\/de\/#primaryimage\",\"inLanguage\":\"de-DE\",\"url\":\"https:\/\/sonnenlust.eu\/wp-content\/uploads\/2022\/05\/al-bano-deutsch-1.png\",\"contentUrl\":\"https:\/\/sonnenlust.eu\/wp-content\/uploads\/2022\/05\/al-bano-deutsch-1.png\",\"width\":1024,\"height\":508},{\"@type\":\"WebPage\",\"@id\":\"https:\/\/sonnenlust.eu\/de\/#webpage\",\"url\":\"https:\/\/sonnenlust.eu\/de\/\",\"name\":\"[:de]Sonnenlust Ferienwohnungen auf Teneriffa - Direkt am Meer[:en]Vacation on Tenerife - apartments directly located on the sea[:]\",\"isPartOf\":{\"@id\":\"https:\/\/sonnenlust.eu\/de\/#website\"},\"primaryImageOfPage\":{\"@id\":\"https:\/\/sonnenlust.eu\/de\/#primaryimage\"},\"datePublished\":\"2015-10-08T08:56:10+00:00\",\"dateModified\":\"2026-03-05T09:44:26+00:00\",\"description\":\"[:de]Urlaub in Alcal\u00e1 ab EUR 55 \/ Tag. 15% Rabatt auf jeden Aufenthalt bis Ende Oktober in den privaten Ferienwohnungen. Langzeitmiete m\u00f6glich.[:en]Vacation in Alcal\u00e1 from EUR 55 \/ day. 15% off until the end of October in private holiday apartments. Long term rental is also possible.[:]\",\"breadcrumb\":{\"@id\":\"https:\/\/sonnenlust.eu\/de\/#breadcrumb\"},\"inLanguage\":\"de-DE\",\"potentialAction\":[{\"@type\":\"ReadAction\",\"target\":[\"https:\/\/sonnenlust.eu\/de\/\"]}]},{\"@type\":\"BreadcrumbList\",\"@id\":\"https:\/\/sonnenlust.eu\/de\/#breadcrumb\",\"itemListElement\":[{\"@type\":\"ListItem\",\"position\":1,\"name\":\"Startseite\",\"item\":\"https:\/\/sonnenlust.eu\/de\/\"},{\"@type\":\"ListItem\",\"position\":2,\"name\":\"Ferienwohnungen in den Fischerd\u00f6rfern Alcal\u00e1 &#038; Playa de San Juan an der sonnigen S\u00fcdwestk\u00fcste\"}]}]}<\/script>\n<!-- \/ Yoast SEO plugin. -->","yoast_head_json":{"title":"Sonnenlust Ferienwohnungen auf Teneriffa -  - apartments directly located on the sea[:]","description":"Urlaub in Alcal\u00e1 ab EUR 55 \/ Tag. 15% Rabatt auf jeden Aufenthalt bis Ende Oktober in den privaten Ferienwohnungen. Langzeitmiete m\u00f6glich.","robots":{"index":"index","follow":"follow","max-snippet":"max-snippet:-1","max-image-preview":"max-image-preview:large","max-video-preview":"max-video-preview:-1"},"canonical":"https:\/\/sonnenlust.eu\/de\/","og_locale":"de_DE","og_type":"article","og_title":"[:de]Sonnenlust Ferienwohnungen auf Teneriffa - Direkt am Meer[:en]Vacation on Tenerife - apartments directly located on the sea[:]","og_description":"[:de]Urlaub in Alcal\u00e1 ab EUR 55 \/ Tag. 15% Rabatt auf jeden Aufenthalt bis Ende Oktober in den privaten Ferienwohnungen. Langzeitmiete m\u00f6glich.[:en]Vacation in Alcal\u00e1 from EUR 55 \/ day. 15% off until the end of October in private holiday apartments. Long term rental is also possible.[:]","og_url":"https:\/\/sonnenlust.eu\/de\/","og_site_name":"Ferienwohnungen Teneriffa \u263c","article_modified_time":"2026-03-05T09:44:26+00:00","og_image":[{"url":"http:\/\/sonnenlust.eu\/wp-content\/uploads\/2022\/05\/al-bano-deutsch-1.png"}],"twitter_card":"summary_large_image","twitter_misc":{"Gesch\u00e4tzte Lesezeit":"2\u00a0Minuten"},"schema":{"@context":"https:\/\/schema.org","@graph":[{"@type":"WebSite","@id":"https:\/\/sonnenlust.eu\/de\/#website","url":"https:\/\/sonnenlust.eu\/de\/","name":"Ferienwohnungen Teneriffa \u263c","description":"Urlaub direkt am Meer auf den Kanaren","potentialAction":[{"@type":"SearchAction","target":{"@type":"EntryPoint","urlTemplate":"https:\/\/sonnenlust.eu\/de\/?s={search_term_string}"},"query-input":"required name=search_term_string"}],"inLanguage":"de-DE"},{"@type":"ImageObject","@id":"https:\/\/sonnenlust.eu\/de\/#primaryimage","inLanguage":"de-DE","url":"https:\/\/sonnenlust.eu\/wp-content\/uploads\/2022\/05\/al-bano-deutsch-1.png","contentUrl":"https:\/\/sonnenlust.eu\/wp-content\/uploads\/2022\/05\/al-bano-deutsch-1.png","width":1024,"height":508},{"@type":"WebPage","@id":"https:\/\/sonnenlust.eu\/de\/#webpage","url":"https:\/\/sonnenlust.eu\/de\/","name":"[:de]Sonnenlust Ferienwohnungen auf Teneriffa - Direkt am Meer[:en]Vacation on Tenerife - apartments directly located on the sea[:]","isPartOf":{"@id":"https:\/\/sonnenlust.eu\/de\/#website"},"primaryImageOfPage":{"@id":"https:\/\/sonnenlust.eu\/de\/#primaryimage"},"datePublished":"2015-10-08T08:56:10+00:00","dateModified":"2026-03-05T09:44:26+00:00","description":"[:de]Urlaub in Alcal\u00e1 ab EUR 55 \/ Tag. 15% Rabatt auf jeden Aufenthalt bis Ende Oktober in den privaten Ferienwohnungen. Langzeitmiete m\u00f6glich.[:en]Vacation in Alcal\u00e1 from EUR 55 \/ day. 15% off until the end of October in private holiday apartments. Long term rental is also possible.[:]","breadcrumb":{"@id":"https:\/\/sonnenlust.eu\/de\/#breadcrumb"},"inLanguage":"de-DE","potentialAction":[{"@type":"ReadAction","target":["https:\/\/sonnenlust.eu\/de\/"]}]},{"@type":"BreadcrumbList","@id":"https:\/\/sonnenlust.eu\/de\/#breadcrumb","itemListElement":[{"@type":"ListItem","position":1,"name":"Startseite","item":"https:\/\/sonnenlust.eu\/de\/"},{"@type":"ListItem","position":2,"name":"Ferienwohnungen in den Fischerd\u00f6rfern Alcal\u00e1 &#038; Playa de San Juan an der sonnigen S\u00fcdwestk\u00fcste"}]}]}},"_links":{"self":[{"href":"https:\/\/sonnenlust.eu\/de\/wp-json\/wp\/v2\/pages\/4"}],"collection":[{"href":"https:\/\/sonnenlust.eu\/de\/wp-json\/wp\/v2\/pages"}],"about":[{"href":"https:\/\/sonnenlust.eu\/de\/wp-json\/wp\/v2\/types\/page"}],"author":[{"embeddable":true,"href":"https:\/\/sonnenlust.eu\/de\/wp-json\/wp\/v2\/users\/4"}],"replies":[{"embeddable":true,"href":"https:\/\/sonnenlust.eu\/de\/wp-json\/wp\/v2\/comments?post=4"}],"version-history":[{"count":345,"href":"https:\/\/sonnenlust.eu\/de\/wp-json\/wp\/v2\/pages\/4\/revisions"}],"predecessor-version":[{"id":10079,"href":"https:\/\/sonnenlust.eu\/de\/wp-json\/wp\/v2\/pages\/4\/revisions\/10079"}],"wp:attachment":[{"href":"https:\/\/sonnenlust.eu\/de\/wp-json\/wp\/v2\/media?parent=4"}],"curies":[{"name":"wp","href":"https:\/\/api.w.org\/{rel}","templated":true}]}}