{"id":35,"date":"2015-10-08T12:53:54","date_gmt":"2015-10-08T12:53:54","guid":{"rendered":"http:\/\/sonnenlust.eu\/?page_id=35"},"modified":"2024-03-12T08:22:04","modified_gmt":"2024-03-12T08:22:04","slug":"kontakt-buchung","status":"publish","type":"page","link":"https:\/\/sonnenlust.eu\/de\/kontakt-buchung\/","title":{"rendered":"Kontakt &#038; Buchung Ferienwohnungen &#038; -haus"},"content":{"rendered":"<h3>Alcal\u00e1, Teneriffa<br \/>\nSpanien<\/h3>\n<p><strong>E-Mail<\/strong>: cb@sonnenlust.eu<br \/>\n<strong>Mobile<\/strong>: +43\/650\/254 63 62 oder +34\/622\/51 49 50<\/p>\n<p>Wir sind private Vermieter aus \u00d6sterreich und verbringen selbst sehr viel Zeit auf Teneriffa. Wir haben Alcal\u00e1 und Playa San Juan f\u00fcr unsere Ferienwohnungen ausgesucht, da das Klima in dieser K\u00fcstenzone ein sehr best\u00e4ndig sch\u00f6nes ist und sich auch gesundheitsf\u00f6rdernd f\u00fcr die Atemwege und Gelenke auswirkt. Die D\u00f6rfer Alcal\u00e1 und Playa San Juan am Meer sind besonders charmant, da in diesen kleinen Fischerorten der Massentourismus noch nicht Einzug gehalten hat und der Dorfcharakter erhalten geblieben ist.<\/p>\n<p>Wir sind bei den Beh\u00f6rden als Vermieter registriert und verf\u00fcgen &#8211; im Gegensatz zu vielen anderen Privatvermietern auf Teneriffa &#8211; \u00fcber eine offizielle Genehmigung zur Vermietung. Wir stellen Rechnungen aus und leisten alle Geb\u00fchren und Abgaben. Wir vermieten unsere Sonnenlust Ferienwohnungen\/Ferienhaus seit 2016 und reinigen und pflegen die Objekte sorgf\u00e4ltig. Wir versuchen auf individuelle Bed\u00fcrfnisse unserer G\u00e4ste einzugehen, um einen erholsamen und entspannenden Urlaub zu erm\u00f6glichen. Viele Serviceleistungen, wie z.B. Obstkorb, Wasserflasche, pers\u00f6nlicher Empfang\/Late Check In, zus\u00e4tzliche Hand-\/Strandt\u00fccher, Kerzen f\u00fcr romantische Abende, Babybett, Hochstuhl, etc. sind im Mietpreis inkludiert. Massage, Zwischenreinigung, Kinderbetreuung, Autokindersitze&#8230; (gegen zus\u00e4tzliche Bezahlung) k\u00f6nnen vermittelt werden. Bitte ersehen Sie hierzu Details auf der Seite <a href=\"http:\/\/sonnenlust.eu\/service-tipps\/\">Service&#038;Tipps<\/a>.<\/p>\n<p>Wir freuen uns \u00fcber Ihre Kontaktaufnahme, Buchung direkt ohne Geb\u00fchr \u00fcber uns m\u00f6glich. Wir werden so rasch wie m\u00f6glich antworten!<\/p>\n<p>Mit sonnigen Gr\u00fc\u00dfen,<\/p>\n<p>Claudia Bachmayer<\/p>\n<p><img loading=\"lazy\" class=\"alignnone wp-image-1189\" src=\"http:\/\/sonnenlust.eu\/wp-content\/uploads\/2016\/09\/cb-profilfoto-web.jpg\" alt=\"Claudia Bachmayer\" width=\"144\" height=\"185\" srcset=\"https:\/\/sonnenlust.eu\/wp-content\/uploads\/2016\/09\/cb-profilfoto-web.jpg 413w, https:\/\/sonnenlust.eu\/wp-content\/uploads\/2016\/09\/cb-profilfoto-web-234x300.jpg 234w\" sizes=\"(max-width: 144px) 100vw, 144px\" \/><\/p>\n<p>&nbsp;<\/p>\n<p><a href=\"mailto:claudia.bachmayer@sonnenlust.eu\">Kontakt &#038; Buchung Sonnenlust Ferienwohnungen &#038; -haus: <strong>Mail Anfrage schreiben<\/strong><\/a><\/p>\n<p>Wenn Sie uns kontaktieren m\u00f6chten, klicken Sie bitte auf den Link oben&nbsp; (Mail Anfrage schreiben) oder:<\/p>\n<p><strong>E-Mail<\/strong>: cb@sonnenlust.eu<br \/>\n<strong>Mobile<\/strong>: +43\/650\/254 63 62 oder +34\/622\/51 49 50<\/p>\n","protected":false},"excerpt":{"rendered":"<p>Alcal\u00e1, Teneriffa Spanien E-Mail: cb@sonnenlust.eu Mobile: +43\/650\/254 63 62 oder +34\/622\/51 49 50 Wir sind private Vermieter aus \u00d6sterreich und verbringen selbst sehr viel Zeit auf Teneriffa. Wir haben Alcal\u00e1 und Playa San Juan f\u00fcr unsere Ferienwohnungen ausgesucht, da das Klima in dieser K\u00fcstenzone ein sehr best\u00e4ndig sch\u00f6nes ist und sich auch gesundheitsf\u00f6rdernd f\u00fcr die<span class=\"excerpt-ellipsis\">&#8230;<\/span><\/p>\n<p><a class=\"more-link\" href=\"https:\/\/sonnenlust.eu\/de\/kontakt-buchung\/\" itemprop=\"url\">Continue Reading<\/a><\/p>\n","protected":false},"author":4,"featured_media":0,"parent":0,"menu_order":0,"comment_status":"closed","ping_status":"closed","template":"","meta":{"ngg_post_thumbnail":0},"yoast_head":"<!-- This site is optimized with the Yoast SEO plugin v18.6 - https:\/\/yoast.com\/wordpress\/plugins\/seo\/ -->\n<title>Kontakt &amp; Buchung Apartments &amp; Ferienhaus Teneriffa<\/title>\n<meta name=\"description\" content=\"Buchen Sie Ihren Aufenthalt in den Sonnenlust Apartments und dem Ferienhaus im charmanten Fischerdorf Alcal\u00e1, abseits des Massentourismus auf Teneriffa.\" \/>\n<meta name=\"robots\" content=\"index, follow, max-snippet:-1, max-image-preview:large, max-video-preview:-1\" \/>\n<link rel=\"canonical\" href=\"https:\/\/sonnenlust.eu\/de\/kontakt-buchung\/\" \/>\n<meta property=\"og:locale\" content=\"de_DE\" \/>\n<meta property=\"og:locale:alternate\" content=\"en_US\" \/>\n<meta property=\"og:locale:alternate\" content=\"es_ES\" \/>\n<meta property=\"og:locale:alternate\" content=\"fr_FR\" \/>\n<meta property=\"og:locale:alternate\" content=\"it_IT\" \/>\n<meta property=\"og:type\" content=\"article\" \/>\n<meta property=\"og:title\" content=\"Kontakt &amp; Buchung Apartments &amp; Ferienhaus Teneriffa\" \/>\n<meta property=\"og:description\" content=\"Buchen Sie Ihren Aufenthalt in den Sonnenlust Apartments und dem Ferienhaus im charmanten Fischerdorf Alcal\u00e1, abseits des Massentourismus auf Teneriffa.\" \/>\n<meta property=\"og:url\" content=\"https:\/\/sonnenlust.eu\/de\/kontakt-buchung\/\" \/>\n<meta property=\"og:site_name\" content=\"Ferienwohnungen Teneriffa \u263c\" \/>\n<meta property=\"article:modified_time\" content=\"2024-03-12T08:22:04+00:00\" \/>\n<meta property=\"og:image\" content=\"http:\/\/sonnenlust.eu\/wp-content\/uploads\/2016\/09\/cb-profilfoto-web.jpg\" \/>\n<meta name=\"twitter:card\" content=\"summary_large_image\" \/>\n<meta name=\"twitter:label1\" content=\"Gesch\u00e4tzte Lesezeit\" \/>\n\t<meta name=\"twitter:data1\" content=\"1\u00a0Minute\" \/>\n<script type=\"application\/ld+json\" class=\"yoast-schema-graph\">{\"@context\":\"https:\/\/schema.org\",\"@graph\":[{\"@type\":\"WebSite\",\"@id\":\"https:\/\/sonnenlust.eu\/de\/#website\",\"url\":\"https:\/\/sonnenlust.eu\/de\/\",\"name\":\"Ferienwohnungen Teneriffa \u263c\",\"description\":\"Urlaub direkt am Meer auf den Kanaren\",\"potentialAction\":[{\"@type\":\"SearchAction\",\"target\":{\"@type\":\"EntryPoint\",\"urlTemplate\":\"https:\/\/sonnenlust.eu\/de\/?s={search_term_string}\"},\"query-input\":\"required name=search_term_string\"}],\"inLanguage\":\"de-DE\"},{\"@type\":\"ImageObject\",\"@id\":\"https:\/\/sonnenlust.eu\/it\/kontakt-buchung\/#primaryimage\",\"inLanguage\":\"de-DE\",\"url\":\"https:\/\/sonnenlust.eu\/wp-content\/uploads\/2016\/09\/cb-profilfoto-web.jpg\",\"contentUrl\":\"https:\/\/sonnenlust.eu\/wp-content\/uploads\/2016\/09\/cb-profilfoto-web.jpg\",\"width\":413,\"height\":529,\"caption\":\"Claudia Bachmayer\"},{\"@type\":\"WebPage\",\"@id\":\"https:\/\/sonnenlust.eu\/it\/kontakt-buchung\/#webpage\",\"url\":\"https:\/\/sonnenlust.eu\/it\/kontakt-buchung\/\",\"name\":\"Kontakt & Buchung Apartments & Ferienhaus Teneriffa\",\"isPartOf\":{\"@id\":\"https:\/\/sonnenlust.eu\/de\/#website\"},\"primaryImageOfPage\":{\"@id\":\"https:\/\/sonnenlust.eu\/it\/kontakt-buchung\/#primaryimage\"},\"datePublished\":\"2015-10-08T12:53:54+00:00\",\"dateModified\":\"2024-03-12T08:22:04+00:00\",\"description\":\"Buchen Sie Ihren Aufenthalt in den Sonnenlust Apartments und dem Ferienhaus im charmanten Fischerdorf Alcal\u00e1, abseits des Massentourismus auf Teneriffa.\",\"breadcrumb\":{\"@id\":\"https:\/\/sonnenlust.eu\/it\/kontakt-buchung\/#breadcrumb\"},\"inLanguage\":\"de-DE\",\"potentialAction\":[{\"@type\":\"ReadAction\",\"target\":[\"https:\/\/sonnenlust.eu\/it\/kontakt-buchung\/\"]}]},{\"@type\":\"BreadcrumbList\",\"@id\":\"https:\/\/sonnenlust.eu\/it\/kontakt-buchung\/#breadcrumb\",\"itemListElement\":[{\"@type\":\"ListItem\",\"position\":1,\"name\":\"Startseite\",\"item\":\"https:\/\/sonnenlust.eu\/de\/\"},{\"@type\":\"ListItem\",\"position\":2,\"name\":\"Contatto &#038; Prenotazione\"}]}]}<\/script>\n<!-- \/ Yoast SEO plugin. -->","yoast_head_json":{"title":"Kontakt & Buchung Apartments & Ferienhaus Teneriffa","description":"Buchen Sie Ihren Aufenthalt in den Sonnenlust Apartments und dem Ferienhaus im charmanten Fischerdorf Alcal\u00e1, abseits des Massentourismus auf Teneriffa.","robots":{"index":"index","follow":"follow","max-snippet":"max-snippet:-1","max-image-preview":"max-image-preview:large","max-video-preview":"max-video-preview:-1"},"canonical":"https:\/\/sonnenlust.eu\/de\/kontakt-buchung\/","og_locale":"de_DE","og_type":"article","og_title":"Kontakt & Buchung Apartments & Ferienhaus Teneriffa","og_description":"Buchen Sie Ihren Aufenthalt in den Sonnenlust Apartments und dem Ferienhaus im charmanten Fischerdorf Alcal\u00e1, abseits des Massentourismus auf Teneriffa.","og_url":"https:\/\/sonnenlust.eu\/de\/kontakt-buchung\/","og_site_name":"Ferienwohnungen Teneriffa \u263c","article_modified_time":"2024-03-12T08:22:04+00:00","og_image":[{"url":"http:\/\/sonnenlust.eu\/wp-content\/uploads\/2016\/09\/cb-profilfoto-web.jpg"}],"twitter_card":"summary_large_image","twitter_misc":{"Gesch\u00e4tzte Lesezeit":"1\u00a0Minute"},"schema":{"@context":"https:\/\/schema.org","@graph":[{"@type":"WebSite","@id":"https:\/\/sonnenlust.eu\/de\/#website","url":"https:\/\/sonnenlust.eu\/de\/","name":"Ferienwohnungen Teneriffa \u263c","description":"Urlaub direkt am Meer auf den Kanaren","potentialAction":[{"@type":"SearchAction","target":{"@type":"EntryPoint","urlTemplate":"https:\/\/sonnenlust.eu\/de\/?s={search_term_string}"},"query-input":"required name=search_term_string"}],"inLanguage":"de-DE"},{"@type":"ImageObject","@id":"https:\/\/sonnenlust.eu\/it\/kontakt-buchung\/#primaryimage","inLanguage":"de-DE","url":"https:\/\/sonnenlust.eu\/wp-content\/uploads\/2016\/09\/cb-profilfoto-web.jpg","contentUrl":"https:\/\/sonnenlust.eu\/wp-content\/uploads\/2016\/09\/cb-profilfoto-web.jpg","width":413,"height":529,"caption":"Claudia Bachmayer"},{"@type":"WebPage","@id":"https:\/\/sonnenlust.eu\/it\/kontakt-buchung\/#webpage","url":"https:\/\/sonnenlust.eu\/it\/kontakt-buchung\/","name":"Kontakt & Buchung Apartments & Ferienhaus Teneriffa","isPartOf":{"@id":"https:\/\/sonnenlust.eu\/de\/#website"},"primaryImageOfPage":{"@id":"https:\/\/sonnenlust.eu\/it\/kontakt-buchung\/#primaryimage"},"datePublished":"2015-10-08T12:53:54+00:00","dateModified":"2024-03-12T08:22:04+00:00","description":"Buchen Sie Ihren Aufenthalt in den Sonnenlust Apartments und dem Ferienhaus im charmanten Fischerdorf Alcal\u00e1, abseits des Massentourismus auf Teneriffa.","breadcrumb":{"@id":"https:\/\/sonnenlust.eu\/it\/kontakt-buchung\/#breadcrumb"},"inLanguage":"de-DE","potentialAction":[{"@type":"ReadAction","target":["https:\/\/sonnenlust.eu\/it\/kontakt-buchung\/"]}]},{"@type":"BreadcrumbList","@id":"https:\/\/sonnenlust.eu\/it\/kontakt-buchung\/#breadcrumb","itemListElement":[{"@type":"ListItem","position":1,"name":"Startseite","item":"https:\/\/sonnenlust.eu\/de\/"},{"@type":"ListItem","position":2,"name":"Contatto &#038; Prenotazione"}]}]}},"_links":{"self":[{"href":"https:\/\/sonnenlust.eu\/de\/wp-json\/wp\/v2\/pages\/35"}],"collection":[{"href":"https:\/\/sonnenlust.eu\/de\/wp-json\/wp\/v2\/pages"}],"about":[{"href":"https:\/\/sonnenlust.eu\/de\/wp-json\/wp\/v2\/types\/page"}],"author":[{"embeddable":true,"href":"https:\/\/sonnenlust.eu\/de\/wp-json\/wp\/v2\/users\/4"}],"replies":[{"embeddable":true,"href":"https:\/\/sonnenlust.eu\/de\/wp-json\/wp\/v2\/comments?post=35"}],"version-history":[{"count":129,"href":"https:\/\/sonnenlust.eu\/de\/wp-json\/wp\/v2\/pages\/35\/revisions"}],"predecessor-version":[{"id":8529,"href":"https:\/\/sonnenlust.eu\/de\/wp-json\/wp\/v2\/pages\/35\/revisions\/8529"}],"wp:attachment":[{"href":"https:\/\/sonnenlust.eu\/de\/wp-json\/wp\/v2\/media?parent=35"}],"curies":[{"name":"wp","href":"https:\/\/api.w.org\/{rel}","templated":true}]}}