{"id":1737,"date":"2016-12-20T09:59:43","date_gmt":"2016-12-20T09:59:43","guid":{"rendered":"http:\/\/sonnenlust.eu\/?page_id=1737"},"modified":"2023-12-22T08:07:44","modified_gmt":"2023-12-22T08:07:44","slug":"service-tipps","status":"publish","type":"page","link":"https:\/\/sonnenlust.eu\/de\/service-tipps\/","title":{"rendered":"Was erwartet Sie in unseren Ferienwohnungen\/Freizeitaktivit\u00e4ten"},"content":{"rendered":"<p><span style=\"font-weight: 400;\">Auf dieser Seite erfahren Sie alles zum Service in unseren Ferienwohnungen sowie Tipps f\u00fcr Ihre Freizeitaktivit\u00e4ten in und rund um Alcal\u00e1.<\/span><\/p>\n<h4>Im Mietpreis inkludiert<strong style=\"color: #424242; font-family: 'Playfair Display', sans-serif; font-size: 1.5rem; text-transform: uppercase;\">:<\/strong><\/h4>\n<ul>\n<li>Obstkorb und Wasserflasche bei Ankunft<\/li>\n<li>Freies Highspeed-Internet<\/li>\n<li>SAT-TV mit vielen deutschen und internationalen Programmen<\/li>\n<li>Hand-\/Dusch-\/Strandt\u00fccher<\/li>\n<li>Bettw\u00e4sche, eine separate Bettdecke und zwei Kopfkissen pro Person<\/li>\n<li>Geschirrt\u00fccher<\/li>\n<li>Haarf\u00f6hn<\/li>\n<li>B\u00fcgeleisen\/B\u00fcgelbrett<\/li>\n<li>Babybett<\/li>\n<li>Hochstuhl<\/li>\n<li>Kerzen f\u00fcr romantische Abende<\/li>\n<li>\u00dcbernahme der Ferienwohnung: Wir empfangen Sie pers\u00f6nlich in der Ferienwohnung, es ist aber auch ein Late Check-In m\u00f6glich. Wir k\u00f6nnen Ihnen den Schl\u00fcssel hinterlegen und auch gerne Lebensmittel\/Snacks einkaufen\/vorbereiten<\/li>\n<li>Eine G\u00e4stemappe mit ausf\u00fchrlichen Informationen, Tipps und Restaurantempfehlungen<\/li>\n<li>G\u00e4ste, die bereits einmal bei uns waren, erwartet weiters ein Piccolo Sekt und ein 10% Rabattzuckerl auf den Gesamtmietpreis (excl. Endreinigungsgeb\u00fchr)<\/li>\n<\/ul>\n<p>&nbsp;<\/p>\n<h4>Folgende Leistungen k\u00f6nnen vermittelt werden:<strong><br \/>\n<\/strong><\/h4>\n<ul>\n<li>Flughafentransfer\/private Fahrten vor Ort<\/li>\n<li>Zwischenreinigung<\/li>\n<li>Autovermietung (auch tageweise), Miete von E-Mountbikes &#038; E-Citybikes, Strandausstattung &#8211; Erik<\/li>\n<li>Nachhaltige Wal-\/Delphinbeobachtung, Kajak-\/Schnorcheltour, Gleitschirmfliegen, Jeep\/Quad Safari, Jet Ski und vieles mehr &#8211; Erik +34 604 296 780 (WhatsApp)<\/li>\n<li>Massage: Deutscher, sehr erfahrener Therapeut, Masseur &#038; Trainer. Noun ist Experte f\u00fcr Verspannungen, R\u00fccken-\/Nackenschmerzen und Stressabbau, er bringt Ihren K\u00f6rper durch Pilates, Yoga oder Qigong zur\u00fcck in seine St\u00e4rke. Seine klassische und Ayurveda Yoga Massage sind einzigartig auf der Insel und eine geniale Kombination aus tiefer Massage mit \u00d6l &#038; Pulver und Dehnungen aus dem Yoga.<br \/>\n<a href=\"http:\/\/sonnenlust.eu\/wp-content\/uploads\/2023\/12\/Portrait.png\"><img loading=\"lazy\" class=\"alignnone wp-image-8369\" src=\"http:\/\/sonnenlust.eu\/wp-content\/uploads\/2023\/12\/Portrait-150x150.png\" alt=\"\" width=\"150\" height=\"150\" srcset=\"https:\/\/sonnenlust.eu\/wp-content\/uploads\/2023\/12\/Portrait-150x150.png 150w, https:\/\/sonnenlust.eu\/wp-content\/uploads\/2023\/12\/Portrait-300x300.png 300w, https:\/\/sonnenlust.eu\/wp-content\/uploads\/2023\/12\/Portrait-1024x1024.png 1024w, https:\/\/sonnenlust.eu\/wp-content\/uploads\/2023\/12\/Portrait-768x768.png 768w, https:\/\/sonnenlust.eu\/wp-content\/uploads\/2023\/12\/Portrait-1536x1536.png 1536w, https:\/\/sonnenlust.eu\/wp-content\/uploads\/2023\/12\/Portrait-2048x2048.png 2048w, https:\/\/sonnenlust.eu\/wp-content\/uploads\/2023\/12\/Portrait-1140x1140.png 1140w\" sizes=\"(max-width: 150px) 100vw, 150px\" \/><\/a><br \/>\n<a href=\"https:\/\/alegriabynoun.com\/\">https:\/\/alegriabynoun.com\/<\/a><\/li>\n<\/ul>\n<h4>&nbsp;<\/h4>\n<h4>FREIZEITAKTIVIT\u00c4TEN in und rund um Alcal\u00e1<\/h4>\n<ul>\n<li>Joggen, Spazieren am Paseo Maritimo entlang des Meeres in Alcal\u00e1 bis in die Nachbarorte<\/li>\n<li>Sonnenbaden, Schwimmen &#8211; in Alcal\u00e1, mehrere Str\u00e4nde und eine gro\u00dfe Bademauer mit Sonnenliegen\/Sonnenschirm zur Miete<\/li>\n<li>gro\u00dfes Basket-\/Volleyballfeld sowie Kinderspielplatz am Paseo Maritimo<\/li>\n<li>moderne Outdoor-Fitnessger\u00e4te frei zug\u00e4nglich<\/li>\n<li>Tauchschule in Alcal\u00e1 &#8211; <a href=\"http:\/\/www.diveria.net\">www.diveria.net<\/a><\/li>\n<li>Deutsche Tauchschule in Playa de San Juan &#8211; <a href=\"http:\/\/www.pamadiving-teneriffa.com\">www.pamadiving-teneriffa.com<\/a><\/li>\n<li>Tennispl\u00e4tze in Los Gigantes &#8211; Tipsy Terrace<\/li>\n<li>Golf im Abama Golf Hotel &#8211; <a href=\"http:\/\/www.abamahotelresort.com\">www.abamahotelresort.com<\/a> oder in Adeje<\/li>\n<li>Wanderung in der beeindruckenden &#8222;Mondlandschaft&#8220; am &#8222;Teide&#8220;, den h\u00f6chsten Berg Spaniens<\/li>\n<li>Ausf\u00fchrliche Restaurantempfehlungen finden Sie in der G\u00e4stemappe, die im Apartment\/Haus aufliegt<\/li>\n<\/ul>\n<p>&nbsp;<\/p>\n<p><strong>CLAUDIA BACHMAYER (und T\u00f6chterchen Marie Sophie) &#8211; Ihre Vermieterin<br \/>\n<\/strong><\/p>\n<p>Handy in \u00d6sterreich 0043\/650\/254 63 62, in Teneriffa 0034\/622\/51 49 50<\/p>\n<p><img loading=\"lazy\" class=\"alignnone wp-image-1964\" src=\"http:\/\/sonnenlust.eu\/wp-content\/uploads\/2016\/12\/MS_Ich-Plakat_web2-771x1024.jpg\" alt=\"MS_Ich-Plakat_web2\" width=\"255\" height=\"338\" srcset=\"https:\/\/sonnenlust.eu\/wp-content\/uploads\/2016\/12\/MS_Ich-Plakat_web2-771x1024.jpg 771w, https:\/\/sonnenlust.eu\/wp-content\/uploads\/2016\/12\/MS_Ich-Plakat_web2-226x300.jpg 226w, https:\/\/sonnenlust.eu\/wp-content\/uploads\/2016\/12\/MS_Ich-Plakat_web2.jpg 918w\" sizes=\"(max-width: 255px) 100vw, 255px\" \/><\/p>\n<p>&nbsp;<\/p>\n<p>&nbsp;<\/p>\n","protected":false},"excerpt":{"rendered":"<p>Auf dieser Seite erfahren Sie alles zum Service in unseren Ferienwohnungen sowie Tipps f\u00fcr Ihre Freizeitaktivit\u00e4ten in und rund um Alcal\u00e1. Im Mietpreis inkludiert: Obstkorb und Wasserflasche bei Ankunft Freies Highspeed-Internet SAT-TV mit vielen deutschen und internationalen Programmen Hand-\/Dusch-\/Strandt\u00fccher Bettw\u00e4sche, eine separate Bettdecke und zwei Kopfkissen pro Person Geschirrt\u00fccher Haarf\u00f6hn B\u00fcgeleisen\/B\u00fcgelbrett Babybett Hochstuhl Kerzen f\u00fcr<span class=\"excerpt-ellipsis\">&#8230;<\/span><\/p>\n<p><a class=\"more-link\" href=\"https:\/\/sonnenlust.eu\/de\/service-tipps\/\" itemprop=\"url\">Continue Reading<\/a><\/p>\n","protected":false},"author":4,"featured_media":0,"parent":0,"menu_order":0,"comment_status":"closed","ping_status":"closed","template":"","meta":{"ngg_post_thumbnail":0},"yoast_head":"<!-- This site is optimized with the Yoast SEO plugin v18.6 - https:\/\/yoast.com\/wordpress\/plugins\/seo\/ -->\n<title>Ferienapartment Sonnenlust - Service und Tipps in und um Alcal\u00e1<\/title>\n<meta name=\"description\" content=\"Erfahren Sie alles zu unserem Service und Tipps, was Sie in unseren Ferienwohnungen erwartet und was in\/rund um das Fischerdorf Alcal\u00e1 geboten wird.\" \/>\n<meta name=\"robots\" content=\"index, follow, max-snippet:-1, max-image-preview:large, max-video-preview:-1\" \/>\n<link rel=\"canonical\" href=\"https:\/\/sonnenlust.eu\/de\/service-tipps\/\" \/>\n<meta property=\"og:locale\" content=\"de_DE\" \/>\n<meta property=\"og:locale:alternate\" content=\"en_US\" \/>\n<meta property=\"og:locale:alternate\" content=\"es_ES\" \/>\n<meta property=\"og:locale:alternate\" content=\"fr_FR\" \/>\n<meta property=\"og:locale:alternate\" content=\"it_IT\" \/>\n<meta property=\"og:type\" content=\"article\" \/>\n<meta property=\"og:title\" content=\"Ferienapartment Sonnenlust - Service und Tipps in und um Alcal\u00e1\" \/>\n<meta property=\"og:description\" content=\"Erfahren Sie alles zu unserem Service und Tipps, was Sie in unseren Ferienwohnungen erwartet und was in\/rund um das Fischerdorf Alcal\u00e1 geboten wird.\" \/>\n<meta property=\"og:url\" content=\"https:\/\/sonnenlust.eu\/de\/service-tipps\/\" \/>\n<meta property=\"og:site_name\" content=\"Ferienwohnungen Teneriffa \u263c\" \/>\n<meta property=\"article:modified_time\" content=\"2023-12-22T08:07:44+00:00\" \/>\n<meta property=\"og:image\" content=\"http:\/\/sonnenlust.eu\/wp-content\/uploads\/2023\/12\/Portrait-150x150.png\" \/>\n<meta name=\"twitter:card\" content=\"summary_large_image\" \/>\n<meta name=\"twitter:label1\" content=\"Gesch\u00e4tzte Lesezeit\" \/>\n\t<meta name=\"twitter:data1\" content=\"3\u00a0Minuten\" \/>\n<script type=\"application\/ld+json\" class=\"yoast-schema-graph\">{\"@context\":\"https:\/\/schema.org\",\"@graph\":[{\"@type\":\"WebSite\",\"@id\":\"https:\/\/sonnenlust.eu\/de\/#website\",\"url\":\"https:\/\/sonnenlust.eu\/de\/\",\"name\":\"Ferienwohnungen Teneriffa \u263c\",\"description\":\"Urlaub direkt am Meer auf den Kanaren\",\"potentialAction\":[{\"@type\":\"SearchAction\",\"target\":{\"@type\":\"EntryPoint\",\"urlTemplate\":\"https:\/\/sonnenlust.eu\/de\/?s={search_term_string}\"},\"query-input\":\"required name=search_term_string\"}],\"inLanguage\":\"de-DE\"},{\"@type\":\"ImageObject\",\"@id\":\"https:\/\/sonnenlust.eu\/it\/service-tipps\/#primaryimage\",\"inLanguage\":\"de-DE\",\"url\":\"https:\/\/sonnenlust.eu\/wp-content\/uploads\/2023\/12\/Portrait.png\",\"contentUrl\":\"https:\/\/sonnenlust.eu\/wp-content\/uploads\/2023\/12\/Portrait.png\",\"width\":3456,\"height\":3456},{\"@type\":\"WebPage\",\"@id\":\"https:\/\/sonnenlust.eu\/it\/service-tipps\/#webpage\",\"url\":\"https:\/\/sonnenlust.eu\/it\/service-tipps\/\",\"name\":\"Ferienapartment Sonnenlust - Service und Tipps in und um Alcal\u00e1\",\"isPartOf\":{\"@id\":\"https:\/\/sonnenlust.eu\/de\/#website\"},\"primaryImageOfPage\":{\"@id\":\"https:\/\/sonnenlust.eu\/it\/service-tipps\/#primaryimage\"},\"datePublished\":\"2016-12-20T09:59:43+00:00\",\"dateModified\":\"2023-12-22T08:07:44+00:00\",\"description\":\"Erfahren Sie alles zu unserem Service und Tipps, was Sie in unseren Ferienwohnungen erwartet und was in\/rund um das Fischerdorf Alcal\u00e1 geboten wird.\",\"breadcrumb\":{\"@id\":\"https:\/\/sonnenlust.eu\/it\/service-tipps\/#breadcrumb\"},\"inLanguage\":\"de-DE\",\"potentialAction\":[{\"@type\":\"ReadAction\",\"target\":[\"https:\/\/sonnenlust.eu\/it\/service-tipps\/\"]}]},{\"@type\":\"BreadcrumbList\",\"@id\":\"https:\/\/sonnenlust.eu\/it\/service-tipps\/#breadcrumb\",\"itemListElement\":[{\"@type\":\"ListItem\",\"position\":1,\"name\":\"Startseite\",\"item\":\"https:\/\/sonnenlust.eu\/de\/\"},{\"@type\":\"ListItem\",\"position\":2,\"name\":\"Servizio &#038; Consigli\"}]}]}<\/script>\n<!-- \/ Yoast SEO plugin. -->","yoast_head_json":{"title":"Ferienapartment Sonnenlust - Service und Tipps in und um Alcal\u00e1","description":"Erfahren Sie alles zu unserem Service und Tipps, was Sie in unseren Ferienwohnungen erwartet und was in\/rund um das Fischerdorf Alcal\u00e1 geboten wird.","robots":{"index":"index","follow":"follow","max-snippet":"max-snippet:-1","max-image-preview":"max-image-preview:large","max-video-preview":"max-video-preview:-1"},"canonical":"https:\/\/sonnenlust.eu\/de\/service-tipps\/","og_locale":"de_DE","og_type":"article","og_title":"Ferienapartment Sonnenlust - Service und Tipps in und um Alcal\u00e1","og_description":"Erfahren Sie alles zu unserem Service und Tipps, was Sie in unseren Ferienwohnungen erwartet und was in\/rund um das Fischerdorf Alcal\u00e1 geboten wird.","og_url":"https:\/\/sonnenlust.eu\/de\/service-tipps\/","og_site_name":"Ferienwohnungen Teneriffa \u263c","article_modified_time":"2023-12-22T08:07:44+00:00","og_image":[{"url":"http:\/\/sonnenlust.eu\/wp-content\/uploads\/2023\/12\/Portrait-150x150.png"}],"twitter_card":"summary_large_image","twitter_misc":{"Gesch\u00e4tzte Lesezeit":"3\u00a0Minuten"},"schema":{"@context":"https:\/\/schema.org","@graph":[{"@type":"WebSite","@id":"https:\/\/sonnenlust.eu\/de\/#website","url":"https:\/\/sonnenlust.eu\/de\/","name":"Ferienwohnungen Teneriffa \u263c","description":"Urlaub direkt am Meer auf den Kanaren","potentialAction":[{"@type":"SearchAction","target":{"@type":"EntryPoint","urlTemplate":"https:\/\/sonnenlust.eu\/de\/?s={search_term_string}"},"query-input":"required name=search_term_string"}],"inLanguage":"de-DE"},{"@type":"ImageObject","@id":"https:\/\/sonnenlust.eu\/it\/service-tipps\/#primaryimage","inLanguage":"de-DE","url":"https:\/\/sonnenlust.eu\/wp-content\/uploads\/2023\/12\/Portrait.png","contentUrl":"https:\/\/sonnenlust.eu\/wp-content\/uploads\/2023\/12\/Portrait.png","width":3456,"height":3456},{"@type":"WebPage","@id":"https:\/\/sonnenlust.eu\/it\/service-tipps\/#webpage","url":"https:\/\/sonnenlust.eu\/it\/service-tipps\/","name":"Ferienapartment Sonnenlust - Service und Tipps in und um Alcal\u00e1","isPartOf":{"@id":"https:\/\/sonnenlust.eu\/de\/#website"},"primaryImageOfPage":{"@id":"https:\/\/sonnenlust.eu\/it\/service-tipps\/#primaryimage"},"datePublished":"2016-12-20T09:59:43+00:00","dateModified":"2023-12-22T08:07:44+00:00","description":"Erfahren Sie alles zu unserem Service und Tipps, was Sie in unseren Ferienwohnungen erwartet und was in\/rund um das Fischerdorf Alcal\u00e1 geboten wird.","breadcrumb":{"@id":"https:\/\/sonnenlust.eu\/it\/service-tipps\/#breadcrumb"},"inLanguage":"de-DE","potentialAction":[{"@type":"ReadAction","target":["https:\/\/sonnenlust.eu\/it\/service-tipps\/"]}]},{"@type":"BreadcrumbList","@id":"https:\/\/sonnenlust.eu\/it\/service-tipps\/#breadcrumb","itemListElement":[{"@type":"ListItem","position":1,"name":"Startseite","item":"https:\/\/sonnenlust.eu\/de\/"},{"@type":"ListItem","position":2,"name":"Servizio &#038; Consigli"}]}]}},"_links":{"self":[{"href":"https:\/\/sonnenlust.eu\/de\/wp-json\/wp\/v2\/pages\/1737"}],"collection":[{"href":"https:\/\/sonnenlust.eu\/de\/wp-json\/wp\/v2\/pages"}],"about":[{"href":"https:\/\/sonnenlust.eu\/de\/wp-json\/wp\/v2\/types\/page"}],"author":[{"embeddable":true,"href":"https:\/\/sonnenlust.eu\/de\/wp-json\/wp\/v2\/users\/4"}],"replies":[{"embeddable":true,"href":"https:\/\/sonnenlust.eu\/de\/wp-json\/wp\/v2\/comments?post=1737"}],"version-history":[{"count":211,"href":"https:\/\/sonnenlust.eu\/de\/wp-json\/wp\/v2\/pages\/1737\/revisions"}],"predecessor-version":[{"id":8393,"href":"https:\/\/sonnenlust.eu\/de\/wp-json\/wp\/v2\/pages\/1737\/revisions\/8393"}],"wp:attachment":[{"href":"https:\/\/sonnenlust.eu\/de\/wp-json\/wp\/v2\/media?parent=1737"}],"curies":[{"name":"wp","href":"https:\/\/api.w.org\/{rel}","templated":true}]}}